{"id":6116,"date":"2024-07-31T23:02:14","date_gmt":"2024-07-31T23:02:14","guid":{"rendered":"https:\/\/clorindaeditorial.com\/?post_type=product&#038;p=6116"},"modified":"2024-08-30T13:47:01","modified_gmt":"2024-08-30T13:47:01","slug":"solito-o-contra-las-costumbres-digital","status":"publish","type":"product","link":"https:\/\/clorindaeditorial.com\/index.php\/product\/solito-o-contra-las-costumbres-digital\/","title":{"rendered":"Solito o contra las costumbres (Digital)"},"content":{"rendered":"<section class=\"elementor-section elementor-top-section elementor-element elementor-element-289510d elementor-section-boxed elementor-section-height-default elementor-section-height-default\" data-id=\"289510d\" data-element_type=\"section\">\n<div class=\"elementor-container elementor-column-gap-default\">\n<div class=\"elementor-column elementor-col-100 elementor-top-column elementor-element elementor-element-39a5c22\" data-id=\"39a5c22\" data-element_type=\"column\">\n<div class=\"elementor-widget-wrap elementor-element-populated\">\n<div class=\"elementor-element elementor-element-adeb668 elementor-widget elementor-widget-heading\" data-id=\"adeb668\" data-element_type=\"widget\" data-widget_type=\"heading.default\">\n<div class=\"elementor-widget-container\">\n<h3 class=\"elementor-heading-title elementor-size-default\">Sinopsis<\/h3>\n<\/div>\n<\/div>\n<\/div>\n<\/div>\n<\/div>\n<\/section>\n<section class=\"elementor-section elementor-top-section elementor-element elementor-element-50dd36e elementor-section-boxed elementor-section-height-default elementor-section-height-default\" data-id=\"50dd36e\" data-element_type=\"section\">\n<div class=\"elementor-container elementor-column-gap-default\">\n<div class=\"elementor-column elementor-col-100 elementor-top-column elementor-element elementor-element-c1682f8\" data-id=\"c1682f8\" data-element_type=\"column\">\n<div class=\"elementor-widget-wrap elementor-element-populated\">\n<div class=\"elementor-element elementor-element-9517b74 elementor-widget elementor-widget-text-editor\" data-id=\"9517b74\" data-element_type=\"widget\" data-widget_type=\"text-editor.default\">\n<div class=\"elementor-widget-container\">\n<p><strong>Si algo define a Solito<\/strong> \u2014lime\u00f1o, abogado, casado (una santa esa buena mujer), padre de dos ni\u00f1os y amo (es un decir) de un perro\u2014, adem\u00e1s de ser hijo \u00fanico,<strong> es que odia la tecnolog\u00eda<\/strong>, en especial a <i>ese maldito<\/i>, que es como suele referirse al dispositivo que los dem\u00e1s llamamos \u00abcelular\u00bb. Y a \u00e9l justamente le ha llegado una notificaci\u00f3n de la Divisi\u00f3n de Investigaci\u00f3n de Delitos de Alta Tecnolog\u00eda por la presunta comisi\u00f3n de fraude inform\u00e1tico. \u00bfQui\u00e9n es la v\u00edctima? <strong>\u00bfY c\u00f3mo ha podido un in\u00fatil digital como Solito terminar involucrado en algo as\u00ed?<\/strong><\/p>\n<p>En <b><i>Solito o contra las costumbres<\/i><\/b>, Julio Pastor Borda presenta <strong>una trama rocambolesca inspirada en el metaverso de chips, algoritmos y megabytes en que ha derivado la vida contempor\u00e1nea<\/strong>, pero tambi\u00e9n remite, a trav\u00e9s del humor corrosivo, mordaz de su protagonista, a los decimon\u00f3nicos art\u00edculos de costumbres, desde Ricardo Palma hasta Felipe Pardo y Aliaga. All\u00ed est\u00e1, como en ellos, la cr\u00edtica a las inveteradas costumbres nacionales, a ese zafarrancho idiosincr\u00e1tico que configura el singular perfil capitalino, sobre el cual nadie, de seguro, se atrever\u00eda a lanzar la primera piedra.<\/p>\n<\/div>\n<\/div>\n<\/div>\n<\/div>\n<\/div>\n<\/section>\n","protected":false},"excerpt":{"rendered":"<ul>\n<li>N\u00b0 de p\u00e1ginas: 144<\/li>\n<li>Fecha de edici\u00f3n: septiembre, 2023<\/li>\n<li>Fecha de lanzamiento: 25\/10\/2023<\/li>\n<li>ISBN Ebook: 978-612-49246-5-1<\/li>\n<\/ul>\n","protected":false},"featured_media":5826,"comment_status":"open","ping_status":"closed","template":"","meta":{"site-sidebar-layout":"default","site-content-layout":"default","ast-global-header-display":"","ast-banner-title-visibility":"","ast-main-header-display":"","ast-hfb-above-header-display":"","ast-hfb-below-header-display":"","ast-hfb-mobile-header-display":"","site-post-title":"","ast-breadcrumbs-content":"","ast-featured-img":"","footer-sml-layout":"","theme-transparent-header-meta":"default","adv-header-id-meta":"","stick-header-meta":"","header-above-stick-meta":"","header-main-stick-meta":"","header-below-stick-meta":""},"product_brand":[],"product_cat":[35],"product_tag":[],"class_list":{"0":"post-6116","1":"product","2":"type-product","3":"status-publish","4":"has-post-thumbnail","6":"product_cat-clorinda","7":"desktop-align-left","8":"tablet-align-center","9":"mobile-align-center","11":"first","12":"instock","13":"downloadable","14":"shipping-taxable","15":"purchasable","16":"product-type-simple"},"_links":{"self":[{"href":"https:\/\/clorindaeditorial.com\/index.php\/wp-json\/wp\/v2\/product\/6116","targetHints":{"allow":["GET"]}}],"collection":[{"href":"https:\/\/clorindaeditorial.com\/index.php\/wp-json\/wp\/v2\/product"}],"about":[{"href":"https:\/\/clorindaeditorial.com\/index.php\/wp-json\/wp\/v2\/types\/product"}],"replies":[{"embeddable":true,"href":"https:\/\/clorindaeditorial.com\/index.php\/wp-json\/wp\/v2\/comments?post=6116"}],"wp:featuredmedia":[{"embeddable":true,"href":"https:\/\/clorindaeditorial.com\/index.php\/wp-json\/wp\/v2\/media\/5826"}],"wp:attachment":[{"href":"https:\/\/clorindaeditorial.com\/index.php\/wp-json\/wp\/v2\/media?parent=6116"}],"wp:term":[{"taxonomy":"product_brand","embeddable":true,"href":"https:\/\/clorindaeditorial.com\/index.php\/wp-json\/wp\/v2\/product_brand?post=6116"},{"taxonomy":"product_cat","embeddable":true,"href":"https:\/\/clorindaeditorial.com\/index.php\/wp-json\/wp\/v2\/product_cat?post=6116"},{"taxonomy":"product_tag","embeddable":true,"href":"https:\/\/clorindaeditorial.com\/index.php\/wp-json\/wp\/v2\/product_tag?post=6116"}],"curies":[{"name":"wp","href":"https:\/\/api.w.org\/{rel}","templated":true}]}}