{"id":23,"date":"2023-07-08T00:16:41","date_gmt":"2023-07-08T00:16:41","guid":{"rendered":"https:\/\/clorindaeditorial.com\/?post_type=product&#038;p=23"},"modified":"2024-08-30T13:47:12","modified_gmt":"2024-08-30T13:47:12","slug":"lunes-otra-vez","status":"publish","type":"product","link":"https:\/\/clorindaeditorial.com\/index.php\/product\/lunes-otra-vez\/","title":{"rendered":"Lunes otra vez (Digital)"},"content":{"rendered":"<section class=\"elementor-section elementor-top-section elementor-element elementor-element-7270262 elementor-section-boxed elementor-section-height-default elementor-section-height-default\" data-id=\"7270262\" data-element_type=\"section\">\n<div class=\"elementor-container elementor-column-gap-default\">\n<div class=\"elementor-column elementor-col-100 elementor-top-column elementor-element elementor-element-9319171\" data-id=\"9319171\" data-element_type=\"column\">\n<div class=\"elementor-widget-wrap elementor-element-populated\">\n<div class=\"elementor-element elementor-element-94abe50 elementor-widget elementor-widget-heading\" data-id=\"94abe50\" data-element_type=\"widget\" data-widget_type=\"heading.default\">\n<div class=\"elementor-widget-container\">\n<h3 class=\"elementor-heading-title elementor-size-default\">Sinopsis<\/h3>\n<\/div>\n<\/div>\n<\/div>\n<\/div>\n<\/div>\n<\/section>\n<section class=\"elementor-section elementor-top-section elementor-element elementor-element-7bc75fa elementor-section-boxed elementor-section-height-default elementor-section-height-default\" data-id=\"7bc75fa\" data-element_type=\"section\">\n<div class=\"elementor-container elementor-column-gap-default\">\n<div class=\"elementor-column elementor-col-100 elementor-top-column elementor-element elementor-element-b2f98ba\" data-id=\"b2f98ba\" data-element_type=\"column\">\n<div class=\"elementor-widget-wrap elementor-element-populated\">\n<div class=\"elementor-element elementor-element-e9ec8f2 elementor-widget elementor-widget-text-editor\" data-id=\"e9ec8f2\" data-element_type=\"widget\" data-widget_type=\"text-editor.default\">\n<div class=\"elementor-widget-container\">\n<p>En <i>Lunes otra vez<\/i>, Federico Le\u00f3n y Le\u00f3n ha construido, con la singular renuncia a un narrador, <b>una novela generacional centrada en los inciertos a\u00f1os noventa<\/b>, cuando en el Per\u00fa viv\u00edamos bajo un gobierno autoritario que buscaba atornillarse en el poder, con los crecientes tent\u00e1culos de su corrupci\u00f3n, los rezagos del terror y la promesa de una modernizaci\u00f3n a cualquier costo. En medio del desencanto y la frustraci\u00f3n, los j\u00f3venes de entonces encontraban tambi\u00e9n evasiones y refugios, como la juerga, como la amistad. Y todo eso era parte de una desesperada carrera hacia adelante, de una b\u00fasqueda imprescindible del futuro. Lejos de la nostalgia, la melancol\u00eda o el trillado malditismo, <b>esta novela es<\/b>, m\u00e1s bien,<b> una constataci\u00f3n contemplativa y honesta sobre una \u00e9poca decisiva para sus cinco protagonistas, cuando la juventud dejaba de serlo y los cercaba la crudeza de la vida adulta.<\/b> Antes que la amargura frente a la promesa incumplida, Federico Le\u00f3n y Le\u00f3n escoge <b>un ajuste de cuentas sereno, y tambi\u00e9n ir\u00f3nico, frente a lo que fuimos y no seremos m\u00e1s<\/b>.<\/p>\n<p>El relato nos recuerda que hubo un tiempo sin Spotify y sin YouTube, sin redes sociales. Sin <i>streaming<\/i>, sin <i>tablets<\/i>, sin <i>smartphones<\/i>. La radio a\u00fan lo era todo, y la televisi\u00f3n por cable, tambi\u00e9n. Y tampoco \u00e9ramos felices. Ambientada en 1998, <b>la novela recoge las voces \u00edntimas de cinco amigos:<\/b> Pedro, Sof\u00eda, Brenda, Nicol\u00e1s, Julio, con ansias no demasiado distintas que las de muchos j\u00f3venes urbanos de entonces. Superponi\u00e9ndose unas a otras, las suyas son voces que <b>se mezclan tambi\u00e9n con los ruidos de una ciudad ca\u00f3tica que les resulta tan entra\u00f1able como \u00e1spera, tan propia como ajena<\/b>.<\/p>\n<p>Porque \u00abLunes otra vez\u00bb no es solo el t\u00edtulo de una canci\u00f3n. <b>Es esa historia colectiva que se repite, ese tiempo que regresa y nos encuentra \u2014como podr\u00eda ser ahora\u2014 en las mismas<\/b>. Y tambi\u00e9n es ese momento de la vida en que los d\u00edas pasan pero sentimos que no avanzamos, que nos quedamos atr\u00e1s en un camino cuyo destino final a\u00fan no somos capaces de ver.<\/p>\n<\/div>\n<\/div>\n<\/div>\n<\/div>\n<\/div>\n<\/section>\n","protected":false},"excerpt":{"rendered":"<ul>\n<li>N\u00b0 de p\u00e1ginas: 204<\/li>\n<li>Fecha de edici\u00f3n: marzo, 2023<\/li>\n<li>Fecha de lanzamiento: 19\/04\/2023<\/li>\n<li>ISBN Ebook: 978-612-49246-3-7<\/li>\n<\/ul>\n","protected":false},"featured_media":5641,"comment_status":"open","ping_status":"closed","template":"","meta":{"site-sidebar-layout":"default","site-content-layout":"default","ast-global-header-display":"","ast-banner-title-visibility":"","ast-main-header-display":"","ast-hfb-above-header-display":"","ast-hfb-below-header-display":"","ast-hfb-mobile-header-display":"","site-post-title":"","ast-breadcrumbs-content":"","ast-featured-img":"","footer-sml-layout":"","theme-transparent-header-meta":"default","adv-header-id-meta":"","stick-header-meta":"","header-above-stick-meta":"","header-main-stick-meta":"","header-below-stick-meta":""},"product_brand":[],"product_cat":[35],"product_tag":[],"class_list":{"0":"post-23","1":"product","2":"type-product","3":"status-publish","4":"has-post-thumbnail","6":"product_cat-clorinda","7":"desktop-align-left","8":"tablet-align-center","9":"mobile-align-center","11":"first","12":"instock","13":"downloadable","14":"shipping-taxable","15":"purchasable","16":"product-type-simple"},"_links":{"self":[{"href":"https:\/\/clorindaeditorial.com\/index.php\/wp-json\/wp\/v2\/product\/23","targetHints":{"allow":["GET"]}}],"collection":[{"href":"https:\/\/clorindaeditorial.com\/index.php\/wp-json\/wp\/v2\/product"}],"about":[{"href":"https:\/\/clorindaeditorial.com\/index.php\/wp-json\/wp\/v2\/types\/product"}],"replies":[{"embeddable":true,"href":"https:\/\/clorindaeditorial.com\/index.php\/wp-json\/wp\/v2\/comments?post=23"}],"wp:featuredmedia":[{"embeddable":true,"href":"https:\/\/clorindaeditorial.com\/index.php\/wp-json\/wp\/v2\/media\/5641"}],"wp:attachment":[{"href":"https:\/\/clorindaeditorial.com\/index.php\/wp-json\/wp\/v2\/media?parent=23"}],"wp:term":[{"taxonomy":"product_brand","embeddable":true,"href":"https:\/\/clorindaeditorial.com\/index.php\/wp-json\/wp\/v2\/product_brand?post=23"},{"taxonomy":"product_cat","embeddable":true,"href":"https:\/\/clorindaeditorial.com\/index.php\/wp-json\/wp\/v2\/product_cat?post=23"},{"taxonomy":"product_tag","embeddable":true,"href":"https:\/\/clorindaeditorial.com\/index.php\/wp-json\/wp\/v2\/product_tag?post=23"}],"curies":[{"name":"wp","href":"https:\/\/api.w.org\/{rel}","templated":true}]}}