{"id":18,"date":"2023-07-08T00:14:33","date_gmt":"2023-07-08T00:14:33","guid":{"rendered":"https:\/\/clorindaeditorial.com\/?post_type=product&#038;p=18"},"modified":"2024-09-03T12:46:07","modified_gmt":"2024-09-03T12:46:07","slug":"pueblo-grande","status":"publish","type":"product","link":"https:\/\/clorindaeditorial.com\/index.php\/product\/pueblo-grande\/","title":{"rendered":"Pueblo grande (Digital)"},"content":{"rendered":"<section class=\"elementor-section elementor-top-section elementor-element elementor-element-e15d0a5 elementor-section-boxed elementor-section-height-default elementor-section-height-default\" data-id=\"e15d0a5\" data-element_type=\"section\">\n<div class=\"elementor-container elementor-column-gap-default\">\n<div class=\"elementor-column elementor-col-100 elementor-top-column elementor-element elementor-element-ead4a5e\" data-id=\"ead4a5e\" data-element_type=\"column\">\n<div class=\"elementor-widget-wrap elementor-element-populated\">\n<div class=\"elementor-element elementor-element-d3e2616 elementor-widget elementor-widget-heading\" data-id=\"d3e2616\" data-element_type=\"widget\" data-widget_type=\"heading.default\">\n<div class=\"elementor-widget-container\">\n<h3 class=\"elementor-heading-title elementor-size-default\">Sinopsis<\/h3>\n<\/div>\n<\/div>\n<\/div>\n<\/div>\n<\/div>\n<\/section>\n<section class=\"elementor-section elementor-top-section elementor-element elementor-element-5d36e4f elementor-section-boxed elementor-section-height-default elementor-section-height-default\" data-id=\"5d36e4f\" data-element_type=\"section\">\n<div class=\"elementor-container elementor-column-gap-default\">\n<div class=\"elementor-column elementor-col-100 elementor-top-column elementor-element elementor-element-8f70adc\" data-id=\"8f70adc\" data-element_type=\"column\">\n<div class=\"elementor-widget-wrap elementor-element-populated\">\n<div class=\"elementor-element elementor-element-de4717b elementor-widget elementor-widget-text-editor\" data-id=\"de4717b\" data-element_type=\"widget\" data-widget_type=\"text-editor.default\">\n<div class=\"elementor-widget-container\">\n<p>Si en \u00abpueblo chico, infierno grande\u00bb, <b>esta novela presenta un caleidoscopio de peque\u00f1os infiernos<\/b>. Es Lima y corren los a\u00f1os noventa y principios de los dosmiles, y entre buses destartalados y camionetas de lujo, se\u00f1ales de una modernizaci\u00f3n inconclusa y sectorizada, <b>un mosaico de personajes se debate entre las buenas costumbres y las transgresiones habituales,<\/b> <b>entre las antiguas y las novedosas formas de corrupci\u00f3n<\/b>.<\/p>\n<p>Aqu\u00ed, un funcionario de un banco descubre que su amante est\u00e1 embarazada; un m\u00e9dico de un hospital p\u00fablico alimenta su negocio privado desviando pacientes; un coronel de la polic\u00eda teje un entramado financiero para beneficiarse de los fondos de su instituci\u00f3n. Y alrededor de ellos, <b>otros personajes se rebelan contra esas turbias reglas de juego, intentando componer algo mejor<\/b>.<\/p>\n<p><b>Construida a partir de di\u00e1logos que se superponen y se concatenan, con historias que se entrecruzan de maneras imprevistas<\/b>, y con una estructura que juega con el despeje de variables en ecuaciones algebraicas, <b><i>Pueblo grande<\/i><\/b><b> de Augusto Rodr\u00edguez es una novela retablo<\/b>, un relato de escenarios privados que se reflejan en la convivencia colectiva, que enra\u00edza con la tradici\u00f3n narrativa de, por ejemplo, <i>Manhattan Transfer<\/i> de John Doss Passos. Ofrece, al fin, una representaci\u00f3n de los conflictos todav\u00eda vigentes de una ciudad, de un pa\u00eds, que pretende asomarse a la aldea global sin renunciar a los defectos que lo lastran y que, a fin de cuentas, para bien y para mal, le dan identidad.<\/p>\n<\/div>\n<\/div>\n<\/div>\n<\/div>\n<\/div>\n<\/section>\n","protected":false},"excerpt":{"rendered":"<ul>\n<li>N\u00b0 de p\u00e1ginas: 352<\/li>\n<li>Fecha de edici\u00f3n: marzo, 2023<\/li>\n<li>Fecha de lanzamiento: 21\/06\/2023<\/li>\n<li>ISBN Ebook: 978-612-49246-4-4<\/li>\n<\/ul>\n","protected":false},"featured_media":5640,"comment_status":"open","ping_status":"closed","template":"","meta":{"site-sidebar-layout":"default","site-content-layout":"default","ast-global-header-display":"","ast-banner-title-visibility":"","ast-main-header-display":"","ast-hfb-above-header-display":"","ast-hfb-below-header-display":"","ast-hfb-mobile-header-display":"","site-post-title":"","ast-breadcrumbs-content":"","ast-featured-img":"","footer-sml-layout":"","theme-transparent-header-meta":"default","adv-header-id-meta":"","stick-header-meta":"","header-above-stick-meta":"","header-main-stick-meta":"","header-below-stick-meta":""},"product_brand":[],"product_cat":[35],"product_tag":[],"class_list":{"0":"post-18","1":"product","2":"type-product","3":"status-publish","4":"has-post-thumbnail","6":"product_cat-clorinda","7":"desktop-align-left","8":"tablet-align-center","9":"mobile-align-center","11":"first","12":"instock","13":"downloadable","14":"shipping-taxable","15":"purchasable","16":"product-type-simple"},"_links":{"self":[{"href":"https:\/\/clorindaeditorial.com\/index.php\/wp-json\/wp\/v2\/product\/18","targetHints":{"allow":["GET"]}}],"collection":[{"href":"https:\/\/clorindaeditorial.com\/index.php\/wp-json\/wp\/v2\/product"}],"about":[{"href":"https:\/\/clorindaeditorial.com\/index.php\/wp-json\/wp\/v2\/types\/product"}],"replies":[{"embeddable":true,"href":"https:\/\/clorindaeditorial.com\/index.php\/wp-json\/wp\/v2\/comments?post=18"}],"wp:featuredmedia":[{"embeddable":true,"href":"https:\/\/clorindaeditorial.com\/index.php\/wp-json\/wp\/v2\/media\/5640"}],"wp:attachment":[{"href":"https:\/\/clorindaeditorial.com\/index.php\/wp-json\/wp\/v2\/media?parent=18"}],"wp:term":[{"taxonomy":"product_brand","embeddable":true,"href":"https:\/\/clorindaeditorial.com\/index.php\/wp-json\/wp\/v2\/product_brand?post=18"},{"taxonomy":"product_cat","embeddable":true,"href":"https:\/\/clorindaeditorial.com\/index.php\/wp-json\/wp\/v2\/product_cat?post=18"},{"taxonomy":"product_tag","embeddable":true,"href":"https:\/\/clorindaeditorial.com\/index.php\/wp-json\/wp\/v2\/product_tag?post=18"}],"curies":[{"name":"wp","href":"https:\/\/api.w.org\/{rel}","templated":true}]}}