{"id":6169,"date":"2024-09-04T01:49:59","date_gmt":"2024-09-04T01:49:59","guid":{"rendered":"https:\/\/clorindaeditorial.com\/?page_id=6169"},"modified":"2024-09-04T13:34:08","modified_gmt":"2024-09-04T13:34:08","slug":"angela-de-los-milagros-2","status":"publish","type":"page","link":"https:\/\/clorindaeditorial.com\/index.php\/angela-de-los-milagros-2\/","title":{"rendered":"\u00c1ngela de los Milagros"},"content":{"rendered":"\t\t<div data-elementor-type=\"wp-page\" data-elementor-id=\"6169\" class=\"elementor elementor-6169\" data-elementor-settings=\"{&quot;ha_cmc_init_switcher&quot;:&quot;no&quot;}\" data-elementor-post-type=\"page\">\n\t\t\t\t\t\t<section class=\"elementor-section elementor-top-section elementor-element elementor-element-b483ed1 elementor-section-boxed elementor-section-height-default elementor-section-height-default\" data-id=\"b483ed1\" data-element_type=\"section\" data-settings=\"{&quot;_ha_eqh_enable&quot;:false}\">\n\t\t\t\t\t\t<div class=\"elementor-container elementor-column-gap-default\">\n\t\t\t\t\t<div class=\"elementor-column elementor-col-50 elementor-top-column elementor-element elementor-element-f0657af\" data-id=\"f0657af\" data-element_type=\"column\">\n\t\t\t<div class=\"elementor-widget-wrap elementor-element-populated\">\n\t\t\t\t\t\t<div class=\"elementor-element elementor-element-e950635 elementor-widget__width-initial elementor-widget elementor-widget-image\" data-id=\"e950635\" data-element_type=\"widget\" data-widget_type=\"image.default\">\n\t\t\t\t<div class=\"elementor-widget-container\">\n\t\t\t\t\t\t\t\t\t\t\t\t\t\t\t<img decoding=\"async\" src=\"https:\/\/clorindaeditorial.com\/wp-content\/uploads\/2024\/09\/Foto-ANG-para-web-scaled.jpeg\" title=\"Foto ANG para web\" alt=\"Foto ANG para web\" loading=\"lazy\" \/>\t\t\t\t\t\t\t\t\t\t\t\t\t\t\t<\/div>\n\t\t\t\t<\/div>\n\t\t\t\t\t<\/div>\n\t\t<\/div>\n\t\t\t\t<div class=\"elementor-column elementor-col-50 elementor-top-column elementor-element elementor-element-b943b48\" data-id=\"b943b48\" data-element_type=\"column\">\n\t\t\t<div class=\"elementor-widget-wrap elementor-element-populated\">\n\t\t\t\t\t\t<div class=\"elementor-element elementor-element-620598f elementor-widget elementor-widget-heading\" data-id=\"620598f\" data-element_type=\"widget\" data-widget_type=\"heading.default\">\n\t\t\t\t<div class=\"elementor-widget-container\">\n\t\t\t\t\t<h2 class=\"elementor-heading-title elementor-size-default\">\u00c1ngela de los Milagros<\/h2>\t\t\t\t<\/div>\n\t\t\t\t<\/div>\n\t\t\t\t<section class=\"elementor-section elementor-inner-section elementor-element elementor-element-e4cf14f elementor-section-boxed elementor-section-height-default elementor-section-height-default\" data-id=\"e4cf14f\" data-element_type=\"section\" data-settings=\"{&quot;_ha_eqh_enable&quot;:false}\">\n\t\t\t\t\t\t<div class=\"elementor-container elementor-column-gap-default\">\n\t\t\t\t\t<div class=\"elementor-column elementor-col-50 elementor-inner-column elementor-element elementor-element-03d2842\" data-id=\"03d2842\" data-element_type=\"column\">\n\t\t\t<div class=\"elementor-widget-wrap elementor-element-populated\">\n\t\t\t\t\t\t<div class=\"elementor-element elementor-element-16c326d elementor-widget elementor-widget-heading\" data-id=\"16c326d\" data-element_type=\"widget\" data-widget_type=\"heading.default\">\n\t\t\t\t<div class=\"elementor-widget-container\">\n\t\t\t\t\t<h3 class=\"elementor-heading-title elementor-size-default\">S\/ 79.00<\/h3>\t\t\t\t<\/div>\n\t\t\t\t<\/div>\n\t\t\t\t\t<\/div>\n\t\t<\/div>\n\t\t\t\t<div class=\"elementor-column elementor-col-50 elementor-inner-column elementor-element elementor-element-431ea4c\" data-id=\"431ea4c\" data-element_type=\"column\">\n\t\t\t<div class=\"elementor-widget-wrap elementor-element-populated\">\n\t\t\t\t\t\t<div class=\"elementor-element elementor-element-5169011 elementor-align-left elementor-widget elementor-widget-button\" data-id=\"5169011\" data-element_type=\"widget\" data-widget_type=\"button.default\">\n\t\t\t\t<div class=\"elementor-widget-container\">\n\t\t\t\t\t\t\t\t\t<div class=\"elementor-button-wrapper\">\n\t\t\t\t\t<a class=\"elementor-button elementor-button-link elementor-size-sm\" href=\"https:\/\/api.whatsapp.com\/send\/?phone=%2B51940525022&#038;text=Hola,+estoy+interesado+en+comprar+este+libro+....&#038;type=phone_number&#038;app_absent=0\">\n\t\t\t\t\t\t<span class=\"elementor-button-content-wrapper\">\n\t\t\t\t\t\t\t\t\t<span class=\"elementor-button-text\">Comprar<\/span>\n\t\t\t\t\t<\/span>\n\t\t\t\t\t<\/a>\n\t\t\t\t<\/div>\n\t\t\t\t\t\t\t\t<\/div>\n\t\t\t\t<\/div>\n\t\t\t\t\t<\/div>\n\t\t<\/div>\n\t\t\t\t\t<\/div>\n\t\t<\/section>\n\t\t\t\t<div class=\"elementor-element elementor-element-ded7130 elementor-widget elementor-widget-text-editor\" data-id=\"ded7130\" data-element_type=\"widget\" data-widget_type=\"text-editor.default\">\n\t\t\t\t<div class=\"elementor-widget-container\">\n\t\t\t\t\t\t\t\t\t<p>N\u00b0 de p\u00e1ginas: 288<\/p>\n<p>Dimensiones: 15,5 x 24 cm<\/p>\n<p>Tapa blanda con solapas<\/p>\n<p>Acabado: brillante, cosido y encolado<\/p>\n<p>Fecha de edici\u00f3n: agosto, 2024<\/p>\n<p>Fecha de lanzamiento: 30\/09\/2024<\/p>\n<p>ISBN 978-612-49246-9-9<\/p>\t\t\t\t\t\t\t\t<\/div>\n\t\t\t\t<\/div>\n\t\t\t\t\t<\/div>\n\t\t<\/div>\n\t\t\t\t\t<\/div>\n\t\t<\/section>\n\t\t\t\t<section class=\"elementor-section elementor-top-section elementor-element elementor-element-a9102a3 elementor-section-boxed elementor-section-height-default elementor-section-height-default\" data-id=\"a9102a3\" data-element_type=\"section\" data-settings=\"{&quot;_ha_eqh_enable&quot;:false}\">\n\t\t\t\t\t\t<div class=\"elementor-container elementor-column-gap-default\">\n\t\t\t\t\t<div class=\"elementor-column elementor-col-100 elementor-top-column elementor-element elementor-element-eeb2fab\" data-id=\"eeb2fab\" data-element_type=\"column\">\n\t\t\t<div class=\"elementor-widget-wrap\">\n\t\t\t\t\t\t\t<\/div>\n\t\t<\/div>\n\t\t\t\t\t<\/div>\n\t\t<\/section>\n\t\t\t\t<section class=\"elementor-section elementor-top-section elementor-element elementor-element-c0f276c elementor-section-boxed elementor-section-height-default elementor-section-height-default\" data-id=\"c0f276c\" data-element_type=\"section\" data-settings=\"{&quot;_ha_eqh_enable&quot;:false}\">\n\t\t\t\t\t\t<div class=\"elementor-container elementor-column-gap-default\">\n\t\t\t\t\t<div class=\"elementor-column elementor-col-100 elementor-top-column elementor-element elementor-element-f3fb139\" data-id=\"f3fb139\" data-element_type=\"column\">\n\t\t\t<div class=\"elementor-widget-wrap elementor-element-populated\">\n\t\t\t\t\t\t<div class=\"elementor-element elementor-element-530d42a elementor-widget elementor-widget-heading\" data-id=\"530d42a\" data-element_type=\"widget\" data-widget_type=\"heading.default\">\n\t\t\t\t<div class=\"elementor-widget-container\">\n\t\t\t\t\t<h3 class=\"elementor-heading-title elementor-size-default\">Sinopsis<\/h3>\t\t\t\t<\/div>\n\t\t\t\t<\/div>\n\t\t\t\t\t<\/div>\n\t\t<\/div>\n\t\t\t\t\t<\/div>\n\t\t<\/section>\n\t\t\t\t<section class=\"elementor-section elementor-top-section elementor-element elementor-element-9b7a85d elementor-section-boxed elementor-section-height-default elementor-section-height-default\" data-id=\"9b7a85d\" data-element_type=\"section\" data-settings=\"{&quot;_ha_eqh_enable&quot;:false}\">\n\t\t\t\t\t\t<div class=\"elementor-container elementor-column-gap-default\">\n\t\t\t\t\t<div class=\"elementor-column elementor-col-100 elementor-top-column elementor-element elementor-element-f76a139\" data-id=\"f76a139\" data-element_type=\"column\">\n\t\t\t<div class=\"elementor-widget-wrap elementor-element-populated\">\n\t\t\t\t\t\t<div class=\"elementor-element elementor-element-06675d0 elementor-widget elementor-widget-text-editor\" data-id=\"06675d0\" data-element_type=\"widget\" data-widget_type=\"text-editor.default\">\n\t\t\t\t<div class=\"elementor-widget-container\">\n\t\t\t\t\t\t\t\t\t<p><span style=\"font-weight: 400;\">Entre las dunas del desierto y los sembr\u00edos del norte costero, <\/span><b>all\u00e1 en Chao, La Libertad<\/b><span style=\"font-weight: 400;\">, vive \u00c1ngela de los Milagros Cardona Beltr\u00e1n, <\/span><b>m\u00e1s que una mujer, una alegor\u00eda.<\/b><span style=\"font-weight: 400;\"> La suya es la historia nacional m\u00e1s temprana, la de la rep\u00fablica que emerge del r\u00e9gimen colonial, previo tr\u00e1nsito por las guerras independentistas, para delinear un camino propio, pero no nuevo. Trae consigo las antiguas ra\u00edces hispanas, y tambi\u00e9n el irrenunciable legado cultural, m\u00e1gico y cham\u00e1nico, de salinares, vir\u00fas, moches, chim\u00faes. \u00c1ngela es la patria y sus vaivenes, sus circularidades.<\/span><\/p>\n<p><span style=\"font-weight: 400;\">En <\/span><b><i>\u00c1ngela de los Milagros<\/i><\/b><span style=\"font-weight: 400;\">, su primera novela, <\/span><b>Ricardo Wiesse pinta de otro modo.<\/b><span style=\"font-weight: 400;\"> Aqu\u00ed est\u00e1n <\/span><b>las mismas obsesiones que en su obra pl\u00e1stica:<\/b><span style=\"font-weight: 400;\"> el paisaje costero, a veces \u00e1rido, a veces f\u00e9rtil; el retrato dram\u00e1tico que une persona y territorio, trazo y lienzo; y la historia, la reconstrucci\u00f3n con rigor documental de usos, costumbres, creencias. <\/span><b>En ese di\u00e1logo entre pasado y presente perfila, o m\u00e1s bien propone, a una protagonista excepcional en un mundo dominado por hombres<\/b><span style=\"font-weight: 400;\">, a una mujer que busca su destino a contrapelo de las tradiciones patriarcales.<\/span><\/p>\t\t\t\t\t\t\t\t<\/div>\n\t\t\t\t<\/div>\n\t\t\t\t\t<\/div>\n\t\t<\/div>\n\t\t\t\t\t<\/div>\n\t\t<\/section>\n\t\t\t\t<section class=\"elementor-section elementor-top-section elementor-element elementor-element-e9fd66b elementor-section-boxed elementor-section-height-default elementor-section-height-default\" data-id=\"e9fd66b\" data-element_type=\"section\" data-settings=\"{&quot;_ha_eqh_enable&quot;:false}\">\n\t\t\t\t\t\t<div class=\"elementor-container elementor-column-gap-default\">\n\t\t\t\t\t<div class=\"elementor-column elementor-col-100 elementor-top-column elementor-element elementor-element-0741cfd\" data-id=\"0741cfd\" data-element_type=\"column\">\n\t\t\t<div class=\"elementor-widget-wrap elementor-element-populated\">\n\t\t\t\t\t\t<div class=\"elementor-element elementor-element-850e5cd elementor-widget elementor-widget-heading\" data-id=\"850e5cd\" data-element_type=\"widget\" data-widget_type=\"heading.default\">\n\t\t\t\t<div class=\"elementor-widget-container\">\n\t\t\t\t\t<h2 class=\"elementor-heading-title elementor-size-default\"><h2 id=\"milagros\"><b>Sobre el autor<\/b><\/h2><\/h2>\t\t\t\t<\/div>\n\t\t\t\t<\/div>\n\t\t\t\t<section class=\"elementor-section elementor-inner-section elementor-element elementor-element-674535f elementor-section-boxed elementor-section-height-default elementor-section-height-default\" data-id=\"674535f\" data-element_type=\"section\" data-settings=\"{&quot;_ha_eqh_enable&quot;:false}\">\n\t\t\t\t\t\t<div class=\"elementor-container elementor-column-gap-default\">\n\t\t\t\t\t<div class=\"elementor-column elementor-col-50 elementor-inner-column elementor-element elementor-element-4119f3d\" data-id=\"4119f3d\" data-element_type=\"column\">\n\t\t\t<div class=\"elementor-widget-wrap elementor-element-populated\">\n\t\t\t\t\t\t<div class=\"elementor-element elementor-element-d154a38 elementor-widget elementor-widget-image\" data-id=\"d154a38\" data-element_type=\"widget\" data-widget_type=\"image.default\">\n\t\t\t\t<div class=\"elementor-widget-container\">\n\t\t\t\t\t\t\t\t\t\t\t\t\t\t\t<img fetchpriority=\"high\" decoding=\"async\" width=\"300\" height=\"282\" src=\"https:\/\/clorindaeditorial.com\/wp-content\/uploads\/2024\/09\/Diseno-sin-titulo-4-300x282.png\" class=\"attachment-medium size-medium wp-image-6165\" alt=\"\" srcset=\"https:\/\/clorindaeditorial.com\/wp-content\/uploads\/2024\/09\/Diseno-sin-titulo-4-300x282.png 300w, https:\/\/clorindaeditorial.com\/wp-content\/uploads\/2024\/09\/Diseno-sin-titulo-4-1024x961.png 1024w, https:\/\/clorindaeditorial.com\/wp-content\/uploads\/2024\/09\/Diseno-sin-titulo-4-768x721.png 768w, https:\/\/clorindaeditorial.com\/wp-content\/uploads\/2024\/09\/Diseno-sin-titulo-4-250x235.png 250w, https:\/\/clorindaeditorial.com\/wp-content\/uploads\/2024\/09\/Diseno-sin-titulo-4.png 1488w\" sizes=\"(max-width: 300px) 100vw, 300px\" \/>\t\t\t\t\t\t\t\t\t\t\t\t\t\t\t<\/div>\n\t\t\t\t<\/div>\n\t\t\t\t\t<\/div>\n\t\t<\/div>\n\t\t\t\t<div class=\"elementor-column elementor-col-50 elementor-inner-column elementor-element elementor-element-4e37b5d\" data-id=\"4e37b5d\" data-element_type=\"column\">\n\t\t\t<div class=\"elementor-widget-wrap elementor-element-populated\">\n\t\t\t\t\t\t<div class=\"elementor-element elementor-element-3bb0edb elementor-widget__width-initial elementor-widget elementor-widget-text-editor\" data-id=\"3bb0edb\" data-element_type=\"widget\" data-widget_type=\"text-editor.default\">\n\t\t\t\t<div class=\"elementor-widget-container\">\n\t\t\t\t\t\t\t\t\t<p><b>Ricardo Wiesse Rebagliati<\/b><span style=\"font-weight: 400;\"> (Lima, 1954). Es un reconocido artista pl\u00e1stico que expone sus obras en el Per\u00fa y en el extranjero desde 1980. Es tambi\u00e9n autor de varios murales en el espacio p\u00fablico lime\u00f1o. Adem\u00e1s de numerosos ensayos sobre arte, ha publicado los libros <\/span><i><span style=\"font-weight: 400;\">Wiesse, pinturas y otros ensayos <\/span><\/i><span style=\"font-weight: 400;\">(2005); <\/span><i><span style=\"font-weight: 400;\">Papeles del vac\u00edo: arte y paisaje en el Per\u00fa <\/span><\/i><span style=\"font-weight: 400;\">(2005); <\/span><i><span style=\"font-weight: 400;\">Plumas del Antisuyo: Vilcabamba, ra\u00edz y piedra <\/span><\/i><span style=\"font-weight: 400;\">(2009); <\/span><i><span style=\"font-weight: 400;\">A mano alzada <\/span><\/i><span style=\"font-weight: 400;\">(2010); <\/span><i><span style=\"font-weight: 400;\">Letra y m\u00fasica de Mar\u00eda Wiesse <\/span><\/i><span style=\"font-weight: 400;\">(2014); y <\/span><i><span style=\"font-weight: 400;\">Breve historia de Chao <\/span><\/i><span style=\"font-weight: 400;\">(2015). <\/span><i><span style=\"font-weight: 400;\">\u00c1ngela de los Milagros <\/span><\/i><span style=\"font-weight: 400;\">es su primera novela.<\/span><\/p>\n<p><br style=\"font-weight: 400;\" \/><br style=\"font-weight: 400;\" \/><\/p>\t\t\t\t\t\t\t\t<\/div>\n\t\t\t\t<\/div>\n\t\t\t\t\t<\/div>\n\t\t<\/div>\n\t\t\t\t\t<\/div>\n\t\t<\/section>\n\t\t\t\t\t<\/div>\n\t\t<\/div>\n\t\t\t\t\t<\/div>\n\t\t<\/section>\n\t\t\t\t<section class=\"elementor-section elementor-top-section elementor-element elementor-element-707ccbd elementor-section-boxed elementor-section-height-default elementor-section-height-default\" data-id=\"707ccbd\" data-element_type=\"section\" data-settings=\"{&quot;_ha_eqh_enable&quot;:false}\">\n\t\t\t\t\t\t<div class=\"elementor-container elementor-column-gap-default\">\n\t\t\t\t\t<div class=\"elementor-column elementor-col-100 elementor-top-column elementor-element elementor-element-b77d548\" data-id=\"b77d548\" data-element_type=\"column\">\n\t\t\t<div class=\"elementor-widget-wrap elementor-element-populated\">\n\t\t\t\t\t\t<div class=\"elementor-element elementor-element-baf302d elementor-widget elementor-widget-heading\" data-id=\"baf302d\" data-element_type=\"widget\" data-widget_type=\"heading.default\">\n\t\t\t\t<div class=\"elementor-widget-container\">\n\t\t\t\t\t<h2 class=\"elementor-heading-title elementor-size-default\">Productos relacionados<\/h2>\t\t\t\t<\/div>\n\t\t\t\t<\/div>\n\t\t\t\t<section class=\"elementor-section elementor-inner-section elementor-element elementor-element-dd54dc7 elementor-section-boxed elementor-section-height-default elementor-section-height-default\" data-id=\"dd54dc7\" data-element_type=\"section\" data-settings=\"{&quot;_ha_eqh_enable&quot;:false}\">\n\t\t\t\t\t\t<div class=\"elementor-container elementor-column-gap-default\">\n\t\t\t\t\t<div class=\"elementor-column elementor-col-33 elementor-inner-column elementor-element elementor-element-e70e376\" data-id=\"e70e376\" data-element_type=\"column\">\n\t\t\t<div class=\"elementor-widget-wrap elementor-element-populated\">\n\t\t\t\t\t\t<div class=\"elementor-element elementor-element-62f340a elementor-position-top elementor-widget elementor-widget-image-box\" data-id=\"62f340a\" data-element_type=\"widget\" data-widget_type=\"image-box.default\">\n\t\t\t\t<div class=\"elementor-widget-container\">\n\t\t\t\t\t<div class=\"elementor-image-box-wrapper\"><figure class=\"elementor-image-box-img\"><img decoding=\"async\" width=\"225\" height=\"300\" src=\"https:\/\/clorindaeditorial.com\/wp-content\/uploads\/2023\/08\/image00002-1-225x300.jpeg\" class=\"attachment-medium size-medium wp-image-5640\" alt=\"\" srcset=\"https:\/\/clorindaeditorial.com\/wp-content\/uploads\/2023\/08\/image00002-1-225x300.jpeg 225w, https:\/\/clorindaeditorial.com\/wp-content\/uploads\/2023\/08\/image00002-1-250x333.jpeg 250w, https:\/\/clorindaeditorial.com\/wp-content\/uploads\/2023\/08\/image00002-1.jpeg 756w\" sizes=\"(max-width: 225px) 100vw, 225px\" \/><\/figure><div class=\"elementor-image-box-content\"><h3 class=\"elementor-image-box-title\">Pueblo grande<\/h3><\/div><\/div>\t\t\t\t<\/div>\n\t\t\t\t<\/div>\n\t\t\t\t<div class=\"elementor-element elementor-element-2d72dba elementor-widget elementor-widget-button\" data-id=\"2d72dba\" data-element_type=\"widget\" data-widget_type=\"button.default\">\n\t\t\t\t<div class=\"elementor-widget-container\">\n\t\t\t\t\t\t\t\t\t<div class=\"elementor-button-wrapper\">\n\t\t\t\t\t<a class=\"elementor-button elementor-button-link elementor-size-sm\" href=\"https:\/\/clorindaeditorial.com\/index.php\/pueblo-grande\/\">\n\t\t\t\t\t\t<span class=\"elementor-button-content-wrapper\">\n\t\t\t\t\t\t\t\t\t<span class=\"elementor-button-text\">Ver<\/span>\n\t\t\t\t\t<\/span>\n\t\t\t\t\t<\/a>\n\t\t\t\t<\/div>\n\t\t\t\t\t\t\t\t<\/div>\n\t\t\t\t<\/div>\n\t\t\t\t\t<\/div>\n\t\t<\/div>\n\t\t\t\t<div class=\"elementor-column elementor-col-33 elementor-inner-column elementor-element elementor-element-9014007\" data-id=\"9014007\" data-element_type=\"column\">\n\t\t\t<div class=\"elementor-widget-wrap elementor-element-populated\">\n\t\t\t\t\t\t<div class=\"elementor-element elementor-element-276acf0 elementor-position-top elementor-widget elementor-widget-image-box\" data-id=\"276acf0\" data-element_type=\"widget\" data-widget_type=\"image-box.default\">\n\t\t\t\t<div class=\"elementor-widget-container\">\n\t\t\t\t\t<div class=\"elementor-image-box-wrapper\"><figure class=\"elementor-image-box-img\"><img decoding=\"async\" width=\"225\" height=\"300\" src=\"https:\/\/clorindaeditorial.com\/wp-content\/uploads\/2024\/02\/SB-para-web-225x300.jpeg\" class=\"attachment-medium size-medium wp-image-5977\" alt=\"\" srcset=\"https:\/\/clorindaeditorial.com\/wp-content\/uploads\/2024\/02\/SB-para-web-225x300.jpeg 225w, https:\/\/clorindaeditorial.com\/wp-content\/uploads\/2024\/02\/SB-para-web-768x1024.jpeg 768w, https:\/\/clorindaeditorial.com\/wp-content\/uploads\/2024\/02\/SB-para-web-1152x1536.jpeg 1152w, https:\/\/clorindaeditorial.com\/wp-content\/uploads\/2024\/02\/SB-para-web-1536x2048.jpeg 1536w, https:\/\/clorindaeditorial.com\/wp-content\/uploads\/2024\/02\/SB-para-web-scaled.jpeg 1920w\" sizes=\"(max-width: 225px) 100vw, 225px\" \/><\/figure><div class=\"elementor-image-box-content\"><h3 class=\"elementor-image-box-title\">Sepulcros blanqueados<\/h3><\/div><\/div>\t\t\t\t<\/div>\n\t\t\t\t<\/div>\n\t\t\t\t<div class=\"elementor-element elementor-element-21eeec5 elementor-widget elementor-widget-button\" data-id=\"21eeec5\" data-element_type=\"widget\" data-widget_type=\"button.default\">\n\t\t\t\t<div class=\"elementor-widget-container\">\n\t\t\t\t\t\t\t\t\t<div class=\"elementor-button-wrapper\">\n\t\t\t\t\t<a class=\"elementor-button elementor-button-link elementor-size-sm\" href=\"https:\/\/clorindaeditorial.com\/index.php\/sepulcros-blanqueados\/\">\n\t\t\t\t\t\t<span class=\"elementor-button-content-wrapper\">\n\t\t\t\t\t\t\t\t\t<span class=\"elementor-button-text\">Ver<\/span>\n\t\t\t\t\t<\/span>\n\t\t\t\t\t<\/a>\n\t\t\t\t<\/div>\n\t\t\t\t\t\t\t\t<\/div>\n\t\t\t\t<\/div>\n\t\t\t\t\t<\/div>\n\t\t<\/div>\n\t\t\t\t<div class=\"elementor-column elementor-col-33 elementor-inner-column elementor-element elementor-element-72d7658\" data-id=\"72d7658\" data-element_type=\"column\">\n\t\t\t<div class=\"elementor-widget-wrap elementor-element-populated\">\n\t\t\t\t\t\t<div class=\"elementor-element elementor-element-5269ba8 elementor-position-top elementor-widget elementor-widget-image-box\" data-id=\"5269ba8\" data-element_type=\"widget\" data-widget_type=\"image-box.default\">\n\t\t\t\t<div class=\"elementor-widget-container\">\n\t\t\t\t\t<div class=\"elementor-image-box-wrapper\"><figure class=\"elementor-image-box-img\"><img loading=\"lazy\" decoding=\"async\" width=\"225\" height=\"300\" src=\"https:\/\/clorindaeditorial.com\/wp-content\/uploads\/2023\/10\/SOLITO-225x300.jpg\" class=\"attachment-medium size-medium wp-image-5826\" alt=\"\" srcset=\"https:\/\/clorindaeditorial.com\/wp-content\/uploads\/2023\/10\/SOLITO-225x300.jpg 225w, https:\/\/clorindaeditorial.com\/wp-content\/uploads\/2023\/10\/SOLITO-768x1024.jpg 768w, https:\/\/clorindaeditorial.com\/wp-content\/uploads\/2023\/10\/SOLITO-1152x1536.jpg 1152w, https:\/\/clorindaeditorial.com\/wp-content\/uploads\/2023\/10\/SOLITO-1536x2048.jpg 1536w, https:\/\/clorindaeditorial.com\/wp-content\/uploads\/2023\/10\/SOLITO-scaled.jpg 1920w\" sizes=\"(max-width: 225px) 100vw, 225px\" \/><\/figure><div class=\"elementor-image-box-content\"><h3 class=\"elementor-image-box-title\">Solito o contra las costumbres<\/h3><\/div><\/div>\t\t\t\t<\/div>\n\t\t\t\t<\/div>\n\t\t\t\t<div class=\"elementor-element elementor-element-a5a75cb elementor-widget elementor-widget-button\" data-id=\"a5a75cb\" data-element_type=\"widget\" data-widget_type=\"button.default\">\n\t\t\t\t<div class=\"elementor-widget-container\">\n\t\t\t\t\t\t\t\t\t<div class=\"elementor-button-wrapper\">\n\t\t\t\t\t<a class=\"elementor-button elementor-button-link elementor-size-sm\" href=\"https:\/\/clorindaeditorial.com\/index.php\/solito-o-contra-las-costumbres\/\">\n\t\t\t\t\t\t<span class=\"elementor-button-content-wrapper\">\n\t\t\t\t\t\t\t\t\t<span class=\"elementor-button-text\">Ver<\/span>\n\t\t\t\t\t<\/span>\n\t\t\t\t\t<\/a>\n\t\t\t\t<\/div>\n\t\t\t\t\t\t\t\t<\/div>\n\t\t\t\t<\/div>\n\t\t\t\t\t<\/div>\n\t\t<\/div>\n\t\t\t\t\t<\/div>\n\t\t<\/section>\n\t\t\t\t\t<\/div>\n\t\t<\/div>\n\t\t\t\t\t<\/div>\n\t\t<\/section>\n\t\t\t\t<\/div>\n\t\t","protected":false},"excerpt":{"rendered":"<p>\u00c1ngela de los Milagros S\/ 79.00 Comprar N\u00b0 de p\u00e1ginas: 288 Dimensiones: 15,5 x 24 cm Tapa blanda con solapas Acabado: brillante, cosido y encolado Fecha de edici\u00f3n: agosto, 2024 Fecha de lanzamiento: 30\/09\/2024 ISBN 978-612-49246-9-9 Sinopsis Entre las dunas del desierto y los sembr\u00edos del norte costero, all\u00e1 en Chao, La Libertad, vive \u00c1ngela &hellip;<\/p>\n<p class=\"read-more\"> <a class=\"\" href=\"https:\/\/clorindaeditorial.com\/index.php\/angela-de-los-milagros-2\/\"> <span class=\"screen-reader-text\">\u00c1ngela de los Milagros<\/span> Read More &raquo;<\/a><\/p>\n","protected":false},"author":2,"featured_media":0,"parent":0,"menu_order":0,"comment_status":"closed","ping_status":"closed","template":"","meta":{"site-sidebar-layout":"no-sidebar","site-content-layout":"page-builder","ast-global-header-display":"","ast-banner-title-visibility":"","ast-main-header-display":"","ast-hfb-above-header-display":"","ast-hfb-below-header-display":"","ast-hfb-mobile-header-display":"","site-post-title":"disabled","ast-breadcrumbs-content":"","ast-featured-img":"disabled","footer-sml-layout":"","theme-transparent-header-meta":"","adv-header-id-meta":"","stick-header-meta":"","header-above-stick-meta":"","header-main-stick-meta":"","header-below-stick-meta":"","footnotes":""},"class_list":["post-6169","page","type-page","status-publish","hentry"],"_links":{"self":[{"href":"https:\/\/clorindaeditorial.com\/index.php\/wp-json\/wp\/v2\/pages\/6169","targetHints":{"allow":["GET"]}}],"collection":[{"href":"https:\/\/clorindaeditorial.com\/index.php\/wp-json\/wp\/v2\/pages"}],"about":[{"href":"https:\/\/clorindaeditorial.com\/index.php\/wp-json\/wp\/v2\/types\/page"}],"author":[{"embeddable":true,"href":"https:\/\/clorindaeditorial.com\/index.php\/wp-json\/wp\/v2\/users\/2"}],"replies":[{"embeddable":true,"href":"https:\/\/clorindaeditorial.com\/index.php\/wp-json\/wp\/v2\/comments?post=6169"}],"version-history":[{"count":23,"href":"https:\/\/clorindaeditorial.com\/index.php\/wp-json\/wp\/v2\/pages\/6169\/revisions"}],"predecessor-version":[{"id":6217,"href":"https:\/\/clorindaeditorial.com\/index.php\/wp-json\/wp\/v2\/pages\/6169\/revisions\/6217"}],"wp:attachment":[{"href":"https:\/\/clorindaeditorial.com\/index.php\/wp-json\/wp\/v2\/media?parent=6169"}],"curies":[{"name":"wp","href":"https:\/\/api.w.org\/{rel}","templated":true}]}}