{"id":6043,"date":"2024-06-11T23:19:03","date_gmt":"2024-06-11T23:19:03","guid":{"rendered":"https:\/\/clorindaeditorial.com\/?page_id=6043"},"modified":"2025-05-07T15:21:49","modified_gmt":"2025-05-07T15:21:49","slug":"el-experimento-de-una-familia","status":"publish","type":"page","link":"https:\/\/clorindaeditorial.com\/index.php\/el-experimento-de-una-familia\/","title":{"rendered":"El experimento de una familia"},"content":{"rendered":"\t\t<div data-elementor-type=\"wp-page\" data-elementor-id=\"6043\" class=\"elementor elementor-6043\" data-elementor-settings=\"{&quot;ha_cmc_init_switcher&quot;:&quot;no&quot;}\" data-elementor-post-type=\"page\">\n\t\t\t\t\t\t<section class=\"elementor-section elementor-top-section elementor-element elementor-element-f5a0bcd elementor-section-boxed elementor-section-height-default elementor-section-height-default\" data-id=\"f5a0bcd\" data-element_type=\"section\" data-settings=\"{&quot;_ha_eqh_enable&quot;:false}\">\n\t\t\t\t\t\t<div class=\"elementor-container elementor-column-gap-default\">\n\t\t\t\t\t<div class=\"elementor-column elementor-col-50 elementor-top-column elementor-element elementor-element-e15b0c7\" data-id=\"e15b0c7\" data-element_type=\"column\">\n\t\t\t<div class=\"elementor-widget-wrap elementor-element-populated\">\n\t\t\t\t\t\t<div class=\"elementor-element elementor-element-a9f5890 elementor-widget__width-initial elementor-widget elementor-widget-image\" data-id=\"a9f5890\" data-element_type=\"widget\" data-widget_type=\"image.default\">\n\t\t\t\t<div class=\"elementor-widget-container\">\n\t\t\t\t\t\t\t\t\t\t\t\t\t\t\t<img decoding=\"async\" src=\"https:\/\/clorindaeditorial.com\/wp-content\/uploads\/2024\/06\/Foto-El-Ex-para-la-Web-scaled.jpeg\" title=\"Foto El Ex para la Web\" alt=\"Foto El Ex para la Web\" loading=\"lazy\" \/>\t\t\t\t\t\t\t\t\t\t\t\t\t\t\t<\/div>\n\t\t\t\t<\/div>\n\t\t\t\t\t<\/div>\n\t\t<\/div>\n\t\t\t\t<div class=\"elementor-column elementor-col-50 elementor-top-column elementor-element elementor-element-039fe09\" data-id=\"039fe09\" data-element_type=\"column\">\n\t\t\t<div class=\"elementor-widget-wrap elementor-element-populated\">\n\t\t\t\t\t\t<div class=\"elementor-element elementor-element-d57fbb5 elementor-widget elementor-widget-heading\" data-id=\"d57fbb5\" data-element_type=\"widget\" data-widget_type=\"heading.default\">\n\t\t\t\t<div class=\"elementor-widget-container\">\n\t\t\t\t\t<h2 class=\"elementor-heading-title elementor-size-default\">El experimento de una familia<\/h2>\t\t\t\t<\/div>\n\t\t\t\t<\/div>\n\t\t\t\t<section class=\"elementor-section elementor-inner-section elementor-element elementor-element-db2193c elementor-section-boxed elementor-section-height-default elementor-section-height-default\" data-id=\"db2193c\" data-element_type=\"section\" data-settings=\"{&quot;_ha_eqh_enable&quot;:false}\">\n\t\t\t\t\t\t<div class=\"elementor-container elementor-column-gap-default\">\n\t\t\t\t\t<div class=\"elementor-column elementor-col-50 elementor-inner-column elementor-element elementor-element-5befb76\" data-id=\"5befb76\" data-element_type=\"column\">\n\t\t\t<div class=\"elementor-widget-wrap elementor-element-populated\">\n\t\t\t\t\t\t<div class=\"elementor-element elementor-element-997aa54 elementor-widget elementor-widget-heading\" data-id=\"997aa54\" data-element_type=\"widget\" data-widget_type=\"heading.default\">\n\t\t\t\t<div class=\"elementor-widget-container\">\n\t\t\t\t\t<h3 class=\"elementor-heading-title elementor-size-default\">S\/ 59.00<\/h3>\t\t\t\t<\/div>\n\t\t\t\t<\/div>\n\t\t\t\t\t<\/div>\n\t\t<\/div>\n\t\t\t\t<div class=\"elementor-column elementor-col-50 elementor-inner-column elementor-element elementor-element-66c8fc9\" data-id=\"66c8fc9\" data-element_type=\"column\">\n\t\t\t<div class=\"elementor-widget-wrap elementor-element-populated\">\n\t\t\t\t\t\t<div class=\"elementor-element elementor-element-e9a603f elementor-align-left elementor-widget elementor-widget-button\" data-id=\"e9a603f\" data-element_type=\"widget\" data-widget_type=\"button.default\">\n\t\t\t\t<div class=\"elementor-widget-container\">\n\t\t\t\t\t\t\t\t\t<div class=\"elementor-button-wrapper\">\n\t\t\t\t\t<a class=\"elementor-button elementor-button-link elementor-size-sm\" href=\"https:\/\/api.whatsapp.com\/send\/?phone=%2B51940525022&#038;text=Hola,+estoy+interesado+en+comprar+este+libro+....&#038;type=phone_number&#038;app_absent=0\">\n\t\t\t\t\t\t<span class=\"elementor-button-content-wrapper\">\n\t\t\t\t\t\t\t\t\t<span class=\"elementor-button-text\">Comprar<\/span>\n\t\t\t\t\t<\/span>\n\t\t\t\t\t<\/a>\n\t\t\t\t<\/div>\n\t\t\t\t\t\t\t\t<\/div>\n\t\t\t\t<\/div>\n\t\t\t\t\t<\/div>\n\t\t<\/div>\n\t\t\t\t\t<\/div>\n\t\t<\/section>\n\t\t\t\t<div class=\"elementor-element elementor-element-5b0368e elementor-widget elementor-widget-text-editor\" data-id=\"5b0368e\" data-element_type=\"widget\" data-widget_type=\"text-editor.default\">\n\t\t\t\t<div class=\"elementor-widget-container\">\n\t\t\t\t\t\t\t\t\t<p>N\u00b0 de p\u00e1ginas: 208<\/p><p>Dimensiones: 14 x 22 cm<\/p><p>Tapa blanda con solapas<\/p><p>Acabado: mate, cosido y encolado<\/p><p>Fecha de edici\u00f3n: mayo, 2024<\/p><p>Fecha de lanzamiento: 17\/07\/2024<\/p><p>ISBN: 978-612-49246-7-5<\/p><p>ISBN Ebook: 978-612-49721-2-6<\/p>\t\t\t\t\t\t\t\t<\/div>\n\t\t\t\t<\/div>\n\t\t\t\t<div class=\"elementor-element elementor-element-14b1484 elementor-widget elementor-widget-button\" data-id=\"14b1484\" data-element_type=\"widget\" data-widget_type=\"button.default\">\n\t\t\t\t<div class=\"elementor-widget-container\">\n\t\t\t\t\t\t\t\t\t<div class=\"elementor-button-wrapper\">\n\t\t\t\t\t<a class=\"elementor-button elementor-button-link elementor-size-sm\" href=\"https:\/\/clorindaeditorial.com\/index.php\/productos-digitales\/\">\n\t\t\t\t\t\t<span class=\"elementor-button-content-wrapper\">\n\t\t\t\t\t\t\t\t\t<span class=\"elementor-button-text\">e-book<\/span>\n\t\t\t\t\t<\/span>\n\t\t\t\t\t<\/a>\n\t\t\t\t<\/div>\n\t\t\t\t\t\t\t\t<\/div>\n\t\t\t\t<\/div>\n\t\t\t\t\t<\/div>\n\t\t<\/div>\n\t\t\t\t\t<\/div>\n\t\t<\/section>\n\t\t\t\t<section class=\"elementor-section elementor-top-section elementor-element elementor-element-c0f276c elementor-section-boxed elementor-section-height-default elementor-section-height-default\" data-id=\"c0f276c\" data-element_type=\"section\" data-settings=\"{&quot;_ha_eqh_enable&quot;:false}\">\n\t\t\t\t\t\t<div class=\"elementor-container elementor-column-gap-default\">\n\t\t\t\t\t<div class=\"elementor-column elementor-col-100 elementor-top-column elementor-element elementor-element-f3fb139\" data-id=\"f3fb139\" data-element_type=\"column\">\n\t\t\t<div class=\"elementor-widget-wrap elementor-element-populated\">\n\t\t\t\t\t\t<div class=\"elementor-element elementor-element-530d42a elementor-widget elementor-widget-heading\" data-id=\"530d42a\" data-element_type=\"widget\" data-widget_type=\"heading.default\">\n\t\t\t\t<div class=\"elementor-widget-container\">\n\t\t\t\t\t<h3 class=\"elementor-heading-title elementor-size-default\">Sinopsis<\/h3>\t\t\t\t<\/div>\n\t\t\t\t<\/div>\n\t\t\t\t\t<\/div>\n\t\t<\/div>\n\t\t\t\t\t<\/div>\n\t\t<\/section>\n\t\t\t\t<section class=\"elementor-section elementor-top-section elementor-element elementor-element-e72f7a3 elementor-section-boxed elementor-section-height-default elementor-section-height-default\" data-id=\"e72f7a3\" data-element_type=\"section\" data-settings=\"{&quot;_ha_eqh_enable&quot;:false}\">\n\t\t\t\t\t\t<div class=\"elementor-container elementor-column-gap-default\">\n\t\t\t\t\t<div class=\"elementor-column elementor-col-100 elementor-top-column elementor-element elementor-element-8af6554\" data-id=\"8af6554\" data-element_type=\"column\">\n\t\t\t<div class=\"elementor-widget-wrap elementor-element-populated\">\n\t\t\t\t\t\t<div class=\"elementor-element elementor-element-b9d00d8 elementor-widget elementor-widget-text-editor\" data-id=\"b9d00d8\" data-element_type=\"widget\" data-widget_type=\"text-editor.default\">\n\t\t\t\t<div class=\"elementor-widget-container\">\n\t\t\t\t\t\t\t\t\t<p><b>Solo cuando Franco Giraldo descubre un cuaderno escrito por su difunto padre<\/b><span style=\"font-weight: 400;\">, empieza a comprender la verdadera naturaleza de los v\u00ednculos que han unido a su familia. O que la han separado. Porque as\u00ed como ahora su madre permanece recluida en su casa, evadi\u00e9ndose en la realidad televisiva, su hermana vive a cientos de kil\u00f3metros al norte. <\/span><b>Al tiempo que desentra\u00f1e el siniestro perfil de su padre<\/b><span style=\"font-weight: 400;\">, sus\u00a0<\/span><span style=\"font-style: inherit;\">manipulaciones y sus mentiras, a Franco, a punto de casarse, <\/span><b style=\"font-style: inherit;\">tambi\u00e9n se le ir\u00e1 revelando qui\u00e9n es \u00e9l mismo y de qu\u00e9 es capaz.<\/b><\/p><p><span style=\"font-weight: 400;\">Con <b><i>El experimento de una familia<\/i><\/b>, Gonzalo Rodr\u00edguez Risco <b>nos obliga a preguntarnos si acaso existen las bonitas familias<\/b>. El retrato extremo que h\u00e1bilmente presenta nos permite distinguir se\u00f1ales que, de muchos modos, las identifican a todas. <b>Los Giraldo podr\u00edan ser cualquier familia.<\/b> Y entonces entendemos que ese \u00e1mbito privado donde se nos imponen por costumbre, por voluntad o por rigor un conjunto de creencias a menudo enfermizas, no es otra cosa que una r\u00e9plica en miniatura de nuestra sociedad.<\/span><\/p><p>\u00a0<\/p><p>\u00a0<\/p>\t\t\t\t\t\t\t\t<\/div>\n\t\t\t\t<\/div>\n\t\t\t\t\t<\/div>\n\t\t<\/div>\n\t\t\t\t\t<\/div>\n\t\t<\/section>\n\t\t\t\t<section class=\"elementor-section elementor-top-section elementor-element elementor-element-b339a93 elementor-section-boxed elementor-section-height-default elementor-section-height-default\" data-id=\"b339a93\" data-element_type=\"section\" data-settings=\"{&quot;_ha_eqh_enable&quot;:false}\">\n\t\t\t\t\t\t<div class=\"elementor-container elementor-column-gap-default\">\n\t\t\t\t\t<div class=\"elementor-column elementor-col-100 elementor-top-column elementor-element elementor-element-e30851d\" data-id=\"e30851d\" data-element_type=\"column\">\n\t\t\t<div class=\"elementor-widget-wrap elementor-element-populated\">\n\t\t\t\t\t\t<div class=\"elementor-element elementor-element-940d24e elementor-widget elementor-widget-heading\" data-id=\"940d24e\" data-element_type=\"widget\" data-widget_type=\"heading.default\">\n\t\t\t\t<div class=\"elementor-widget-container\">\n\t\t\t\t\t<h2 class=\"elementor-heading-title elementor-size-default\"><h2 id=\"familia\"><b>Sobre el autor<\/b><\/h2><\/h2>\t\t\t\t<\/div>\n\t\t\t\t<\/div>\n\t\t\t\t<section class=\"elementor-section elementor-inner-section elementor-element elementor-element-c44b2e1 elementor-section-boxed elementor-section-height-default elementor-section-height-default\" data-id=\"c44b2e1\" data-element_type=\"section\" data-settings=\"{&quot;_ha_eqh_enable&quot;:false}\">\n\t\t\t\t\t\t<div class=\"elementor-container elementor-column-gap-default\">\n\t\t\t\t\t<div class=\"elementor-column elementor-col-50 elementor-inner-column elementor-element elementor-element-4d5d7bf\" data-id=\"4d5d7bf\" data-element_type=\"column\">\n\t\t\t<div class=\"elementor-widget-wrap elementor-element-populated\">\n\t\t\t\t\t\t<div class=\"elementor-element elementor-element-95700a8 elementor-widget elementor-widget-image\" data-id=\"95700a8\" data-element_type=\"widget\" data-widget_type=\"image.default\">\n\t\t\t\t<div class=\"elementor-widget-container\">\n\t\t\t\t\t\t\t\t\t\t\t\t\t\t\t<img fetchpriority=\"high\" decoding=\"async\" width=\"300\" height=\"282\" src=\"https:\/\/clorindaeditorial.com\/wp-content\/uploads\/2024\/06\/GRodriguezRisco-cuadrado-300x282.jpg\" class=\"attachment-medium size-medium wp-image-6033\" alt=\"\" srcset=\"https:\/\/clorindaeditorial.com\/wp-content\/uploads\/2024\/06\/GRodriguezRisco-cuadrado-300x282.jpg 300w, https:\/\/clorindaeditorial.com\/wp-content\/uploads\/2024\/06\/GRodriguezRisco-cuadrado-1024x961.jpg 1024w, https:\/\/clorindaeditorial.com\/wp-content\/uploads\/2024\/06\/GRodriguezRisco-cuadrado-768x721.jpg 768w, https:\/\/clorindaeditorial.com\/wp-content\/uploads\/2024\/06\/GRodriguezRisco-cuadrado.jpg 1488w\" sizes=\"(max-width: 300px) 100vw, 300px\" \/>\t\t\t\t\t\t\t\t\t\t\t\t\t\t\t<\/div>\n\t\t\t\t<\/div>\n\t\t\t\t\t<\/div>\n\t\t<\/div>\n\t\t\t\t<div class=\"elementor-column elementor-col-50 elementor-inner-column elementor-element elementor-element-731f6a6\" data-id=\"731f6a6\" data-element_type=\"column\">\n\t\t\t<div class=\"elementor-widget-wrap elementor-element-populated\">\n\t\t\t\t\t\t<div class=\"elementor-element elementor-element-5175738 elementor-widget__width-initial elementor-widget elementor-widget-text-editor\" data-id=\"5175738\" data-element_type=\"widget\" data-widget_type=\"text-editor.default\">\n\t\t\t\t<div class=\"elementor-widget-container\">\n\t\t\t\t\t\t\t\t\t<p><span style=\"font-weight: 400;\">\u00a0<\/span><b>Gonzalo Rodr\u00edguez Risco<\/b><span style=\"font-weight: 400;\"> (Lima, 1972). Es mag\u00edster en Dramaturgia por la Escuela de Drama de la Universidad de Yale y bachiller en Ingenier\u00eda Administrativa por la Universidad de Missouri-Rolla. Ha escrito m\u00e1s de veinte obras teatrales y ocho guiones de largometrajes nacionales, y ha traducido m\u00e1s de quince obras de teatro y musicales. Tambi\u00e9n ha colaborado en publicaciones como <\/span><i><span style=\"font-weight: 400;\">World Policy Journal<\/span><\/i><span style=\"font-weight: 400;\">,<\/span> <span style=\"font-weight: 400;\">Vol. XXVII (2010), <\/span><i><span style=\"font-weight: 400;\">The Best Women\u2019s Stage Monologues and Scenes<\/span><\/i><span style=\"font-weight: 400;\"> (2011), <\/span><i><span style=\"font-weight: 400;\">Lo nuestro. Puro color<\/span><\/i><span style=\"font-weight: 400;\"> (2021), entre otras. Como dramaturgo ha publicado sus obras <\/span><i><span style=\"font-weight: 400;\">La manzana prohibida<\/span><\/i><span style=\"font-weight: 400;\">, en <\/span><i><span style=\"font-weight: 400;\">Dramaturgia Peruana 2<\/span><\/i><span style=\"font-weight: 400;\"> (2001); <\/span><i><span style=\"font-weight: 400;\">Journey to Santiago<\/span><\/i><span style=\"font-weight: 400;\">, en <\/span><i><span style=\"font-weight: 400;\">The Private Life<\/span><\/i><span style=\"font-weight: 400;\"> (2007); <\/span><i><span style=\"font-weight: 400;\">Dramatis person\u00e6<\/span><\/i><span style=\"font-weight: 400;\">, en <\/span><i><span style=\"font-weight: 400;\">Teatro de la juventud y la muerte<\/span><\/i><span style=\"font-weight: 400;\"> (2015); <\/span><i><span style=\"font-weight: 400;\">Luz oscura<\/span><\/i><span style=\"font-weight: 400;\"> (coescrita con Julia Thays, 2016); e <\/span><i><span style=\"font-weight: 400;\">Hijos de la Rep\u00fablica<\/span><\/i><span style=\"font-weight: 400;\">, en <\/span><i><span style=\"font-weight: 400;\">Teatro peruano &#8211; Colecci\u00f3n Bicentenario<\/span><\/i><span style=\"font-weight: 400;\">, Tomo III (2020). Su relato \u00abLa generaci\u00f3n de la mermelada\u00bb apareci\u00f3 en <\/span><i><span style=\"font-weight: 400;\">Cuentos sobre la corrupci\u00f3n<\/span><\/i><span style=\"font-weight: 400;\"> (2022). <\/span><i><span style=\"font-weight: 400;\">El experimento de una familia<\/span><\/i><span style=\"font-weight: 400;\"> es su primera novela.<\/span><\/p>\t\t\t\t\t\t\t\t<\/div>\n\t\t\t\t<\/div>\n\t\t\t\t\t<\/div>\n\t\t<\/div>\n\t\t\t\t\t<\/div>\n\t\t<\/section>\n\t\t\t\t\t<\/div>\n\t\t<\/div>\n\t\t\t\t\t<\/div>\n\t\t<\/section>\n\t\t\t\t<section class=\"elementor-section elementor-top-section elementor-element elementor-element-707ccbd elementor-section-boxed elementor-section-height-default elementor-section-height-default\" data-id=\"707ccbd\" data-element_type=\"section\" data-settings=\"{&quot;_ha_eqh_enable&quot;:false}\">\n\t\t\t\t\t\t<div class=\"elementor-container elementor-column-gap-default\">\n\t\t\t\t\t<div class=\"elementor-column elementor-col-100 elementor-top-column elementor-element elementor-element-b77d548\" data-id=\"b77d548\" data-element_type=\"column\">\n\t\t\t<div class=\"elementor-widget-wrap elementor-element-populated\">\n\t\t\t\t\t\t<div class=\"elementor-element elementor-element-baf302d elementor-widget elementor-widget-heading\" data-id=\"baf302d\" data-element_type=\"widget\" data-widget_type=\"heading.default\">\n\t\t\t\t<div class=\"elementor-widget-container\">\n\t\t\t\t\t<h2 class=\"elementor-heading-title elementor-size-default\">Productos relacionados<\/h2>\t\t\t\t<\/div>\n\t\t\t\t<\/div>\n\t\t\t\t<section class=\"elementor-section elementor-inner-section elementor-element elementor-element-dd54dc7 elementor-section-boxed elementor-section-height-default elementor-section-height-default\" data-id=\"dd54dc7\" data-element_type=\"section\" data-settings=\"{&quot;_ha_eqh_enable&quot;:false}\">\n\t\t\t\t\t\t<div class=\"elementor-container elementor-column-gap-default\">\n\t\t\t\t\t<div class=\"elementor-column elementor-col-33 elementor-inner-column elementor-element elementor-element-e70e376\" data-id=\"e70e376\" data-element_type=\"column\">\n\t\t\t<div class=\"elementor-widget-wrap elementor-element-populated\">\n\t\t\t\t\t\t<div class=\"elementor-element elementor-element-62f340a elementor-position-top elementor-widget elementor-widget-image-box\" data-id=\"62f340a\" data-element_type=\"widget\" data-widget_type=\"image-box.default\">\n\t\t\t\t<div class=\"elementor-widget-container\">\n\t\t\t\t\t<div class=\"elementor-image-box-wrapper\"><figure class=\"elementor-image-box-img\"><img decoding=\"async\" width=\"225\" height=\"300\" src=\"https:\/\/clorindaeditorial.com\/wp-content\/uploads\/2023\/08\/image00002-1-225x300.jpeg\" class=\"attachment-medium size-medium wp-image-5640\" alt=\"\" srcset=\"https:\/\/clorindaeditorial.com\/wp-content\/uploads\/2023\/08\/image00002-1-225x300.jpeg 225w, https:\/\/clorindaeditorial.com\/wp-content\/uploads\/2023\/08\/image00002-1-250x333.jpeg 250w, https:\/\/clorindaeditorial.com\/wp-content\/uploads\/2023\/08\/image00002-1.jpeg 756w\" sizes=\"(max-width: 225px) 100vw, 225px\" \/><\/figure><div class=\"elementor-image-box-content\"><h3 class=\"elementor-image-box-title\">Pueblo grande<\/h3><\/div><\/div>\t\t\t\t<\/div>\n\t\t\t\t<\/div>\n\t\t\t\t<div class=\"elementor-element elementor-element-2d72dba elementor-widget elementor-widget-button\" data-id=\"2d72dba\" data-element_type=\"widget\" data-widget_type=\"button.default\">\n\t\t\t\t<div class=\"elementor-widget-container\">\n\t\t\t\t\t\t\t\t\t<div class=\"elementor-button-wrapper\">\n\t\t\t\t\t<a class=\"elementor-button elementor-button-link elementor-size-sm\" href=\"https:\/\/clorindaeditorial.com\/index.php\/pueblo-grande\/\">\n\t\t\t\t\t\t<span class=\"elementor-button-content-wrapper\">\n\t\t\t\t\t\t\t\t\t<span class=\"elementor-button-text\">Ver<\/span>\n\t\t\t\t\t<\/span>\n\t\t\t\t\t<\/a>\n\t\t\t\t<\/div>\n\t\t\t\t\t\t\t\t<\/div>\n\t\t\t\t<\/div>\n\t\t\t\t\t<\/div>\n\t\t<\/div>\n\t\t\t\t<div class=\"elementor-column elementor-col-33 elementor-inner-column elementor-element elementor-element-9014007\" data-id=\"9014007\" data-element_type=\"column\">\n\t\t\t<div class=\"elementor-widget-wrap elementor-element-populated\">\n\t\t\t\t\t\t<div class=\"elementor-element elementor-element-276acf0 elementor-position-top elementor-widget elementor-widget-image-box\" data-id=\"276acf0\" data-element_type=\"widget\" data-widget_type=\"image-box.default\">\n\t\t\t\t<div class=\"elementor-widget-container\">\n\t\t\t\t\t<div class=\"elementor-image-box-wrapper\"><figure class=\"elementor-image-box-img\"><img decoding=\"async\" width=\"225\" height=\"300\" src=\"https:\/\/clorindaeditorial.com\/wp-content\/uploads\/2024\/02\/SB-para-web-225x300.jpeg\" class=\"attachment-medium size-medium wp-image-5977\" alt=\"\" srcset=\"https:\/\/clorindaeditorial.com\/wp-content\/uploads\/2024\/02\/SB-para-web-225x300.jpeg 225w, https:\/\/clorindaeditorial.com\/wp-content\/uploads\/2024\/02\/SB-para-web-768x1024.jpeg 768w, https:\/\/clorindaeditorial.com\/wp-content\/uploads\/2024\/02\/SB-para-web-1152x1536.jpeg 1152w, https:\/\/clorindaeditorial.com\/wp-content\/uploads\/2024\/02\/SB-para-web-1536x2048.jpeg 1536w, https:\/\/clorindaeditorial.com\/wp-content\/uploads\/2024\/02\/SB-para-web-scaled.jpeg 1920w\" sizes=\"(max-width: 225px) 100vw, 225px\" \/><\/figure><div class=\"elementor-image-box-content\"><h3 class=\"elementor-image-box-title\">Sepulcros blanqueados<\/h3><\/div><\/div>\t\t\t\t<\/div>\n\t\t\t\t<\/div>\n\t\t\t\t<div class=\"elementor-element elementor-element-21eeec5 elementor-widget elementor-widget-button\" data-id=\"21eeec5\" data-element_type=\"widget\" data-widget_type=\"button.default\">\n\t\t\t\t<div class=\"elementor-widget-container\">\n\t\t\t\t\t\t\t\t\t<div class=\"elementor-button-wrapper\">\n\t\t\t\t\t<a class=\"elementor-button elementor-button-link elementor-size-sm\" href=\"https:\/\/clorindaeditorial.com\/index.php\/sepulcros-blanqueados\/\">\n\t\t\t\t\t\t<span class=\"elementor-button-content-wrapper\">\n\t\t\t\t\t\t\t\t\t<span class=\"elementor-button-text\">Ver<\/span>\n\t\t\t\t\t<\/span>\n\t\t\t\t\t<\/a>\n\t\t\t\t<\/div>\n\t\t\t\t\t\t\t\t<\/div>\n\t\t\t\t<\/div>\n\t\t\t\t\t<\/div>\n\t\t<\/div>\n\t\t\t\t<div class=\"elementor-column elementor-col-33 elementor-inner-column elementor-element elementor-element-72d7658\" data-id=\"72d7658\" data-element_type=\"column\">\n\t\t\t<div class=\"elementor-widget-wrap elementor-element-populated\">\n\t\t\t\t\t\t<div class=\"elementor-element elementor-element-5269ba8 elementor-position-top elementor-widget elementor-widget-image-box\" data-id=\"5269ba8\" data-element_type=\"widget\" data-widget_type=\"image-box.default\">\n\t\t\t\t<div class=\"elementor-widget-container\">\n\t\t\t\t\t<div class=\"elementor-image-box-wrapper\"><figure class=\"elementor-image-box-img\"><img loading=\"lazy\" decoding=\"async\" width=\"225\" height=\"300\" src=\"https:\/\/clorindaeditorial.com\/wp-content\/uploads\/2023\/10\/SOLITO-225x300.jpg\" class=\"attachment-medium size-medium wp-image-5826\" alt=\"\" srcset=\"https:\/\/clorindaeditorial.com\/wp-content\/uploads\/2023\/10\/SOLITO-225x300.jpg 225w, https:\/\/clorindaeditorial.com\/wp-content\/uploads\/2023\/10\/SOLITO-768x1024.jpg 768w, https:\/\/clorindaeditorial.com\/wp-content\/uploads\/2023\/10\/SOLITO-1152x1536.jpg 1152w, https:\/\/clorindaeditorial.com\/wp-content\/uploads\/2023\/10\/SOLITO-1536x2048.jpg 1536w, https:\/\/clorindaeditorial.com\/wp-content\/uploads\/2023\/10\/SOLITO-scaled.jpg 1920w\" sizes=\"(max-width: 225px) 100vw, 225px\" \/><\/figure><div class=\"elementor-image-box-content\"><h3 class=\"elementor-image-box-title\">Solito o contra las costumbres<\/h3><\/div><\/div>\t\t\t\t<\/div>\n\t\t\t\t<\/div>\n\t\t\t\t<div class=\"elementor-element elementor-element-a5a75cb elementor-widget elementor-widget-button\" data-id=\"a5a75cb\" data-element_type=\"widget\" data-widget_type=\"button.default\">\n\t\t\t\t<div class=\"elementor-widget-container\">\n\t\t\t\t\t\t\t\t\t<div class=\"elementor-button-wrapper\">\n\t\t\t\t\t<a class=\"elementor-button elementor-button-link elementor-size-sm\" href=\"https:\/\/clorindaeditorial.com\/index.php\/solito-o-contra-las-costumbres\/\">\n\t\t\t\t\t\t<span class=\"elementor-button-content-wrapper\">\n\t\t\t\t\t\t\t\t\t<span class=\"elementor-button-text\">Ver<\/span>\n\t\t\t\t\t<\/span>\n\t\t\t\t\t<\/a>\n\t\t\t\t<\/div>\n\t\t\t\t\t\t\t\t<\/div>\n\t\t\t\t<\/div>\n\t\t\t\t\t<\/div>\n\t\t<\/div>\n\t\t\t\t\t<\/div>\n\t\t<\/section>\n\t\t\t\t\t<\/div>\n\t\t<\/div>\n\t\t\t\t\t<\/div>\n\t\t<\/section>\n\t\t\t\t<\/div>\n\t\t","protected":false},"excerpt":{"rendered":"<p>El experimento de una familia S\/ 59.00 Comprar N\u00b0 de p\u00e1ginas: 208 Dimensiones: 14 x 22 cm Tapa blanda con solapas Acabado: mate, cosido y encolado Fecha de edici\u00f3n: mayo, 2024 Fecha de lanzamiento: 17\/07\/2024 ISBN: 978-612-49246-7-5 ISBN Ebook: 978-612-49721-2-6 e-book Sinopsis Solo cuando Franco Giraldo descubre un cuaderno escrito por su difunto padre, empieza &hellip;<\/p>\n<p class=\"read-more\"> <a class=\"\" href=\"https:\/\/clorindaeditorial.com\/index.php\/el-experimento-de-una-familia\/\"> <span class=\"screen-reader-text\">El experimento de una familia<\/span> Read More &raquo;<\/a><\/p>\n","protected":false},"author":2,"featured_media":0,"parent":0,"menu_order":0,"comment_status":"closed","ping_status":"closed","template":"","meta":{"site-sidebar-layout":"no-sidebar","site-content-layout":"page-builder","ast-global-header-display":"","ast-banner-title-visibility":"","ast-main-header-display":"","ast-hfb-above-header-display":"","ast-hfb-below-header-display":"","ast-hfb-mobile-header-display":"","site-post-title":"disabled","ast-breadcrumbs-content":"","ast-featured-img":"disabled","footer-sml-layout":"","theme-transparent-header-meta":"","adv-header-id-meta":"","stick-header-meta":"","header-above-stick-meta":"","header-main-stick-meta":"","header-below-stick-meta":"","footnotes":""},"class_list":["post-6043","page","type-page","status-publish","hentry"],"_links":{"self":[{"href":"https:\/\/clorindaeditorial.com\/index.php\/wp-json\/wp\/v2\/pages\/6043","targetHints":{"allow":["GET"]}}],"collection":[{"href":"https:\/\/clorindaeditorial.com\/index.php\/wp-json\/wp\/v2\/pages"}],"about":[{"href":"https:\/\/clorindaeditorial.com\/index.php\/wp-json\/wp\/v2\/types\/page"}],"author":[{"embeddable":true,"href":"https:\/\/clorindaeditorial.com\/index.php\/wp-json\/wp\/v2\/users\/2"}],"replies":[{"embeddable":true,"href":"https:\/\/clorindaeditorial.com\/index.php\/wp-json\/wp\/v2\/comments?post=6043"}],"version-history":[{"count":22,"href":"https:\/\/clorindaeditorial.com\/index.php\/wp-json\/wp\/v2\/pages\/6043\/revisions"}],"predecessor-version":[{"id":6265,"href":"https:\/\/clorindaeditorial.com\/index.php\/wp-json\/wp\/v2\/pages\/6043\/revisions\/6265"}],"wp:attachment":[{"href":"https:\/\/clorindaeditorial.com\/index.php\/wp-json\/wp\/v2\/media?parent=6043"}],"curies":[{"name":"wp","href":"https:\/\/api.w.org\/{rel}","templated":true}]}}