{"id":6029,"date":"2024-06-11T23:10:21","date_gmt":"2024-06-11T23:10:21","guid":{"rendered":"https:\/\/clorindaeditorial.com\/?page_id=6029"},"modified":"2024-06-13T23:48:13","modified_gmt":"2024-06-13T23:48:13","slug":"tres-veces-bogota","status":"publish","type":"page","link":"https:\/\/clorindaeditorial.com\/index.php\/tres-veces-bogota\/","title":{"rendered":"Tres veces Bogot\u00e1"},"content":{"rendered":"\t\t<div data-elementor-type=\"wp-page\" data-elementor-id=\"6029\" class=\"elementor elementor-6029\" data-elementor-settings=\"{&quot;ha_cmc_init_switcher&quot;:&quot;no&quot;}\" data-elementor-post-type=\"page\">\n\t\t\t\t\t\t<section class=\"elementor-section elementor-top-section elementor-element elementor-element-4fb4cbb elementor-section-boxed elementor-section-height-default elementor-section-height-default\" data-id=\"4fb4cbb\" data-element_type=\"section\" data-settings=\"{&quot;_ha_eqh_enable&quot;:false}\">\n\t\t\t\t\t\t<div class=\"elementor-container elementor-column-gap-default\">\n\t\t\t\t\t<div class=\"elementor-column elementor-col-50 elementor-top-column elementor-element elementor-element-b1a37d6\" data-id=\"b1a37d6\" data-element_type=\"column\">\n\t\t\t<div class=\"elementor-widget-wrap elementor-element-populated\">\n\t\t\t\t\t\t<div class=\"elementor-element elementor-element-4860416 elementor-widget__width-initial elementor-widget elementor-widget-image\" data-id=\"4860416\" data-element_type=\"widget\" data-widget_type=\"image.default\">\n\t\t\t\t<div class=\"elementor-widget-container\">\n\t\t\t\t\t\t\t\t\t\t\t\t\t\t\t<img decoding=\"async\" src=\"https:\/\/clorindaeditorial.com\/wp-content\/uploads\/2024\/06\/Foto-3-veces-para-la-Web-scaled.jpeg\" title=\"Foto 3 veces para la Web\" alt=\"Foto 3 veces para la Web\" loading=\"lazy\" \/>\t\t\t\t\t\t\t\t\t\t\t\t\t\t\t<\/div>\n\t\t\t\t<\/div>\n\t\t\t\t\t<\/div>\n\t\t<\/div>\n\t\t\t\t<div class=\"elementor-column elementor-col-50 elementor-top-column elementor-element elementor-element-5a023ab\" data-id=\"5a023ab\" data-element_type=\"column\">\n\t\t\t<div class=\"elementor-widget-wrap elementor-element-populated\">\n\t\t\t\t\t\t<div class=\"elementor-element elementor-element-cec37b1 elementor-widget elementor-widget-heading\" data-id=\"cec37b1\" data-element_type=\"widget\" data-widget_type=\"heading.default\">\n\t\t\t\t<div class=\"elementor-widget-container\">\n\t\t\t\t\t<h2 class=\"elementor-heading-title elementor-size-default\">Tres veces Bogot\u00e1<\/h2>\t\t\t\t<\/div>\n\t\t\t\t<\/div>\n\t\t\t\t<section class=\"elementor-section elementor-inner-section elementor-element elementor-element-da2a09b elementor-section-boxed elementor-section-height-default elementor-section-height-default\" data-id=\"da2a09b\" data-element_type=\"section\" data-settings=\"{&quot;_ha_eqh_enable&quot;:false}\">\n\t\t\t\t\t\t<div class=\"elementor-container elementor-column-gap-default\">\n\t\t\t\t\t<div class=\"elementor-column elementor-col-50 elementor-inner-column elementor-element elementor-element-d2e5710\" data-id=\"d2e5710\" data-element_type=\"column\">\n\t\t\t<div class=\"elementor-widget-wrap elementor-element-populated\">\n\t\t\t\t\t\t<div class=\"elementor-element elementor-element-9d758a0 elementor-widget elementor-widget-heading\" data-id=\"9d758a0\" data-element_type=\"widget\" data-widget_type=\"heading.default\">\n\t\t\t\t<div class=\"elementor-widget-container\">\n\t\t\t\t\t<h3 class=\"elementor-heading-title elementor-size-default\">S\/ 59.00<\/h3>\t\t\t\t<\/div>\n\t\t\t\t<\/div>\n\t\t\t\t\t<\/div>\n\t\t<\/div>\n\t\t\t\t<div class=\"elementor-column elementor-col-50 elementor-inner-column elementor-element elementor-element-4129475\" data-id=\"4129475\" data-element_type=\"column\">\n\t\t\t<div class=\"elementor-widget-wrap elementor-element-populated\">\n\t\t\t\t\t\t<div class=\"elementor-element elementor-element-ab2b229 elementor-align-left elementor-widget elementor-widget-button\" data-id=\"ab2b229\" data-element_type=\"widget\" data-widget_type=\"button.default\">\n\t\t\t\t<div class=\"elementor-widget-container\">\n\t\t\t\t\t\t\t\t\t<div class=\"elementor-button-wrapper\">\n\t\t\t\t\t<a class=\"elementor-button elementor-button-link elementor-size-sm\" href=\"https:\/\/api.whatsapp.com\/send\/?phone=%2B51940525022&#038;text=Hola,+estoy+interesado+en+comprar+este+libro+....&#038;type=phone_number&#038;app_absent=0\">\n\t\t\t\t\t\t<span class=\"elementor-button-content-wrapper\">\n\t\t\t\t\t\t\t\t\t<span class=\"elementor-button-text\">Comprar<\/span>\n\t\t\t\t\t<\/span>\n\t\t\t\t\t<\/a>\n\t\t\t\t<\/div>\n\t\t\t\t\t\t\t\t<\/div>\n\t\t\t\t<\/div>\n\t\t\t\t\t<\/div>\n\t\t<\/div>\n\t\t\t\t\t<\/div>\n\t\t<\/section>\n\t\t\t\t<div class=\"elementor-element elementor-element-bcf4c53 elementor-widget elementor-widget-text-editor\" data-id=\"bcf4c53\" data-element_type=\"widget\" data-widget_type=\"text-editor.default\">\n\t\t\t\t<div class=\"elementor-widget-container\">\n\t\t\t\t\t\t\t\t\t<p>N\u00b0 de p\u00e1ginas: 196<\/p><p>Dimensiones: 14 x 22 cm<\/p><p>Tapa blanda con solapas<\/p><p>Acabado: mate, cosido y encolado<\/p><p>Fecha de edici\u00f3n: mayo, 2024<\/p><p>Fecha de lanzamiento: \u00a003\/07\/2024<\/p><p>ISBN: 978-612-49246-8-2<\/p>\t\t\t\t\t\t\t\t<\/div>\n\t\t\t\t<\/div>\n\t\t\t\t\t<\/div>\n\t\t<\/div>\n\t\t\t\t\t<\/div>\n\t\t<\/section>\n\t\t\t\t<section class=\"elementor-section elementor-top-section elementor-element elementor-element-790cfb0 elementor-section-boxed elementor-section-height-default elementor-section-height-default\" data-id=\"790cfb0\" data-element_type=\"section\" data-settings=\"{&quot;_ha_eqh_enable&quot;:false}\">\n\t\t\t\t\t\t<div class=\"elementor-container elementor-column-gap-default\">\n\t\t\t\t\t<div class=\"elementor-column elementor-col-100 elementor-top-column elementor-element elementor-element-41c3f08\" data-id=\"41c3f08\" data-element_type=\"column\">\n\t\t\t<div class=\"elementor-widget-wrap elementor-element-populated\">\n\t\t\t\t\t\t<div class=\"elementor-element elementor-element-4253502 elementor-widget elementor-widget-heading\" data-id=\"4253502\" data-element_type=\"widget\" data-widget_type=\"heading.default\">\n\t\t\t\t<div class=\"elementor-widget-container\">\n\t\t\t\t\t<h3 class=\"elementor-heading-title elementor-size-default\">Sinopsis<\/h3>\t\t\t\t<\/div>\n\t\t\t\t<\/div>\n\t\t\t\t\t<\/div>\n\t\t<\/div>\n\t\t\t\t\t<\/div>\n\t\t<\/section>\n\t\t\t\t<section class=\"elementor-section elementor-top-section elementor-element elementor-element-791eca2 elementor-section-boxed elementor-section-height-default elementor-section-height-default\" data-id=\"791eca2\" data-element_type=\"section\" data-settings=\"{&quot;_ha_eqh_enable&quot;:false}\">\n\t\t\t\t\t\t<div class=\"elementor-container elementor-column-gap-default\">\n\t\t\t\t\t<div class=\"elementor-column elementor-col-100 elementor-top-column elementor-element elementor-element-9642a8b\" data-id=\"9642a8b\" data-element_type=\"column\">\n\t\t\t<div class=\"elementor-widget-wrap elementor-element-populated\">\n\t\t\t\t\t\t<div class=\"elementor-element elementor-element-4f4a5e8 elementor-widget elementor-widget-text-editor\" data-id=\"4f4a5e8\" data-element_type=\"widget\" data-widget_type=\"text-editor.default\">\n\t\t\t\t<div class=\"elementor-widget-container\">\n\t\t\t\t\t\t\t\t\t<p><span style=\"font-weight: 400;\">En <\/span><b><i>Tres veces Bogot\u00e1<\/i><\/b><span style=\"font-weight: 400;\">, su segunda novela, que obtuvo <\/span><b>menci\u00f3n honrosa en el Premio Cop\u00e9 2023-IX Bienal de Novela<\/b><span style=\"font-weight: 400;\">, Federico Le\u00f3n y Le\u00f3n vuelve a meterse en la mente de sus personajes y a recrear di\u00e1logos dom\u00e9sticos y cotidianos para armar <\/span><b>un retrato desencantado y honesto sobre la vida contempor\u00e1nea<\/b><span style=\"font-weight: 400;\">, en especial de la Generaci\u00f3n X.\u00a0<\/span><\/p><p><span style=\"font-weight: 400;\">Para ello urde no solo <\/span><b>un relato de familia donde conviven lo que se ignora y lo que se oculta<\/b><span style=\"font-weight: 400;\">, sino<\/span><b> un cuadro repleto de paralelos y coincidencias<\/b><span style=\"font-weight: 400;\"> entre la trayectoria que dibuja un avi\u00f3n de un punto a otro, la curva que traza la vida de su protagonista y el recorrido de un mundo globalizado remecido por el atentado contra las Torres Gemelas de Nueva York.<\/span><\/p>\t\t\t\t\t\t\t\t<\/div>\n\t\t\t\t<\/div>\n\t\t\t\t\t<\/div>\n\t\t<\/div>\n\t\t\t\t\t<\/div>\n\t\t<\/section>\n\t\t\t\t<section class=\"elementor-section elementor-top-section elementor-element elementor-element-d071c8b elementor-section-boxed elementor-section-height-default elementor-section-height-default\" data-id=\"d071c8b\" data-element_type=\"section\" data-settings=\"{&quot;_ha_eqh_enable&quot;:false}\">\n\t\t\t\t\t\t<div class=\"elementor-container elementor-column-gap-default\">\n\t\t\t\t\t<div class=\"elementor-column elementor-col-100 elementor-top-column elementor-element elementor-element-ce49afd\" data-id=\"ce49afd\" data-element_type=\"column\">\n\t\t\t<div class=\"elementor-widget-wrap elementor-element-populated\">\n\t\t\t\t\t\t<div class=\"elementor-element elementor-element-194a1c6 elementor-widget elementor-widget-heading\" data-id=\"194a1c6\" data-element_type=\"widget\" data-widget_type=\"heading.default\">\n\t\t\t\t<div class=\"elementor-widget-container\">\n\t\t\t\t\t<h2 class=\"elementor-heading-title elementor-size-default\"><h2 id=\"lunes-otra-vez\"><b>Sobre el autor<\/b><\/h2><\/h2>\t\t\t\t<\/div>\n\t\t\t\t<\/div>\n\t\t\t\t<section class=\"elementor-section elementor-inner-section elementor-element elementor-element-6559c88 elementor-section-boxed elementor-section-height-default elementor-section-height-default\" data-id=\"6559c88\" data-element_type=\"section\" data-settings=\"{&quot;_ha_eqh_enable&quot;:false}\">\n\t\t\t\t\t\t<div class=\"elementor-container elementor-column-gap-default\">\n\t\t\t\t\t<div class=\"elementor-column elementor-col-50 elementor-inner-column elementor-element elementor-element-270f0db\" data-id=\"270f0db\" data-element_type=\"column\">\n\t\t\t<div class=\"elementor-widget-wrap elementor-element-populated\">\n\t\t\t\t\t\t<div class=\"elementor-element elementor-element-afe3b9d elementor-widget elementor-widget-image\" data-id=\"afe3b9d\" data-element_type=\"widget\" data-widget_type=\"image.default\">\n\t\t\t\t<div class=\"elementor-widget-container\">\n\t\t\t\t\t\t\t\t\t\t\t\t\t\t\t<img fetchpriority=\"high\" decoding=\"async\" width=\"300\" height=\"300\" src=\"https:\/\/clorindaeditorial.com\/wp-content\/uploads\/2023\/07\/f88043be-f0b7-4d87-8d1e-89d7e88ca1c3-300x300.jpg\" class=\"attachment-medium size-medium wp-image-5526\" alt=\"\" srcset=\"https:\/\/clorindaeditorial.com\/wp-content\/uploads\/2023\/07\/f88043be-f0b7-4d87-8d1e-89d7e88ca1c3-300x300.jpg 300w, https:\/\/clorindaeditorial.com\/wp-content\/uploads\/2023\/07\/f88043be-f0b7-4d87-8d1e-89d7e88ca1c3-100x100.jpg 100w, https:\/\/clorindaeditorial.com\/wp-content\/uploads\/2023\/07\/f88043be-f0b7-4d87-8d1e-89d7e88ca1c3-250x250.jpg 250w, https:\/\/clorindaeditorial.com\/wp-content\/uploads\/2023\/07\/f88043be-f0b7-4d87-8d1e-89d7e88ca1c3-150x150.jpg 150w, https:\/\/clorindaeditorial.com\/wp-content\/uploads\/2023\/07\/f88043be-f0b7-4d87-8d1e-89d7e88ca1c3-768x768.jpg 768w, https:\/\/clorindaeditorial.com\/wp-content\/uploads\/2023\/07\/elementor\/thumbs\/f88043be-f0b7-4d87-8d1e-89d7e88ca1c3-q9m9fil0pw4z384ezurbwheqkrobw04vjeqvty2wso.jpg 500w, https:\/\/clorindaeditorial.com\/wp-content\/uploads\/2023\/07\/f88043be-f0b7-4d87-8d1e-89d7e88ca1c3.jpg 979w\" sizes=\"(max-width: 300px) 100vw, 300px\" \/>\t\t\t\t\t\t\t\t\t\t\t\t\t\t\t<\/div>\n\t\t\t\t<\/div>\n\t\t\t\t\t<\/div>\n\t\t<\/div>\n\t\t\t\t<div class=\"elementor-column elementor-col-50 elementor-inner-column elementor-element elementor-element-cc27e0a\" data-id=\"cc27e0a\" data-element_type=\"column\">\n\t\t\t<div class=\"elementor-widget-wrap elementor-element-populated\">\n\t\t\t\t\t\t<div class=\"elementor-element elementor-element-38ea95b elementor-widget__width-initial elementor-widget elementor-widget-text-editor\" data-id=\"38ea95b\" data-element_type=\"widget\" data-widget_type=\"text-editor.default\">\n\t\t\t\t<div class=\"elementor-widget-container\">\n\t\t\t\t\t\t\t\t\t<p><b>Federico Le\u00f3n y Le\u00f3n<\/b><span id=\"lunes-otra-vez\" style=\"font-weight: 400;\"> (Lima, 1969). <span style=\"font-weight: 400;\">Es licenciado en Ingenier\u00eda Industrial por la Universidad de Lima, ha cursado estudios de maestr\u00eda en Administraci\u00f3n de Empresas en la Universidad del Pac\u00edfico y ha realizado una especializaci\u00f3n en Gerencia General en la London Business School. Trabaj\u00f3 en diversas empresas dedicadas a la tecnolog\u00eda tanto en el Per\u00fa como en el extranjero, antes de fundar Trade Solutions, una empresa especializada en plataformas con tecnolog\u00eda que opera ahora en Per\u00fa, Ecuador y Chile. Es autor de la novela <\/span><i><span style=\"font-weight: 400;\">Lunes otra vez <\/span><\/i><span style=\"font-weight: 400;\">(2023) y de la obra de microteatro <\/span><i><span style=\"font-weight: 400;\">Mi vida la decido yo<\/span><\/i><span style=\"font-weight: 400;\"> (2024). <\/span><i><span style=\"font-weight: 400;\">Tres veces Bogot\u00e1<\/span><\/i><span style=\"font-weight: 400;\"> es su segunda novela y obtuvo menci\u00f3n honrosa en el Premio Cop\u00e9 2023-IX Bienal de Novela, que otorga Petroper\u00fa.<\/span><\/span><\/p>\t\t\t\t\t\t\t\t<\/div>\n\t\t\t\t<\/div>\n\t\t\t\t\t<\/div>\n\t\t<\/div>\n\t\t\t\t\t<\/div>\n\t\t<\/section>\n\t\t\t\t\t<\/div>\n\t\t<\/div>\n\t\t\t\t\t<\/div>\n\t\t<\/section>\n\t\t\t\t<section class=\"elementor-section elementor-top-section elementor-element elementor-element-06f7be7 elementor-section-boxed elementor-section-height-default elementor-section-height-default\" data-id=\"06f7be7\" data-element_type=\"section\" data-settings=\"{&quot;_ha_eqh_enable&quot;:false}\">\n\t\t\t\t\t\t<div class=\"elementor-container elementor-column-gap-default\">\n\t\t\t\t\t<div class=\"elementor-column elementor-col-100 elementor-top-column elementor-element elementor-element-240f261\" data-id=\"240f261\" data-element_type=\"column\">\n\t\t\t<div class=\"elementor-widget-wrap elementor-element-populated\">\n\t\t\t\t\t\t<div class=\"elementor-element elementor-element-ddcfb31 elementor-widget elementor-widget-heading\" data-id=\"ddcfb31\" data-element_type=\"widget\" data-widget_type=\"heading.default\">\n\t\t\t\t<div class=\"elementor-widget-container\">\n\t\t\t\t\t<h2 class=\"elementor-heading-title elementor-size-default\">Productos relacionados<\/h2>\t\t\t\t<\/div>\n\t\t\t\t<\/div>\n\t\t\t\t<section class=\"elementor-section elementor-inner-section elementor-element elementor-element-847a6e1 elementor-section-boxed elementor-section-height-default elementor-section-height-default\" data-id=\"847a6e1\" data-element_type=\"section\" data-settings=\"{&quot;_ha_eqh_enable&quot;:false}\">\n\t\t\t\t\t\t<div class=\"elementor-container elementor-column-gap-default\">\n\t\t\t\t\t<div class=\"elementor-column elementor-col-33 elementor-inner-column elementor-element elementor-element-6251329\" data-id=\"6251329\" data-element_type=\"column\">\n\t\t\t<div class=\"elementor-widget-wrap elementor-element-populated\">\n\t\t\t\t\t\t<div class=\"elementor-element elementor-element-0fa33df elementor-position-top elementor-widget elementor-widget-image-box\" data-id=\"0fa33df\" data-element_type=\"widget\" data-widget_type=\"image-box.default\">\n\t\t\t\t<div class=\"elementor-widget-container\">\n\t\t\t\t\t<div class=\"elementor-image-box-wrapper\"><figure class=\"elementor-image-box-img\"><img decoding=\"async\" width=\"225\" height=\"300\" src=\"https:\/\/clorindaeditorial.com\/wp-content\/uploads\/2023\/08\/image00002-1-225x300.jpeg\" class=\"attachment-medium size-medium wp-image-5640\" alt=\"\" srcset=\"https:\/\/clorindaeditorial.com\/wp-content\/uploads\/2023\/08\/image00002-1-225x300.jpeg 225w, https:\/\/clorindaeditorial.com\/wp-content\/uploads\/2023\/08\/image00002-1-250x333.jpeg 250w, https:\/\/clorindaeditorial.com\/wp-content\/uploads\/2023\/08\/image00002-1.jpeg 756w\" sizes=\"(max-width: 225px) 100vw, 225px\" \/><\/figure><div class=\"elementor-image-box-content\"><h3 class=\"elementor-image-box-title\">Pueblo grande<\/h3><\/div><\/div>\t\t\t\t<\/div>\n\t\t\t\t<\/div>\n\t\t\t\t<div class=\"elementor-element elementor-element-addf338 elementor-widget elementor-widget-button\" data-id=\"addf338\" data-element_type=\"widget\" data-widget_type=\"button.default\">\n\t\t\t\t<div class=\"elementor-widget-container\">\n\t\t\t\t\t\t\t\t\t<div class=\"elementor-button-wrapper\">\n\t\t\t\t\t<a class=\"elementor-button elementor-button-link elementor-size-sm\" href=\"https:\/\/clorindaeditorial.com\/index.php\/pueblo-grande\/\">\n\t\t\t\t\t\t<span class=\"elementor-button-content-wrapper\">\n\t\t\t\t\t\t\t\t\t<span class=\"elementor-button-text\">Ver<\/span>\n\t\t\t\t\t<\/span>\n\t\t\t\t\t<\/a>\n\t\t\t\t<\/div>\n\t\t\t\t\t\t\t\t<\/div>\n\t\t\t\t<\/div>\n\t\t\t\t\t<\/div>\n\t\t<\/div>\n\t\t\t\t<div class=\"elementor-column elementor-col-33 elementor-inner-column elementor-element elementor-element-9a9e70d\" data-id=\"9a9e70d\" data-element_type=\"column\">\n\t\t\t<div class=\"elementor-widget-wrap elementor-element-populated\">\n\t\t\t\t\t\t<div class=\"elementor-element elementor-element-1ddf856 elementor-position-top elementor-widget elementor-widget-image-box\" data-id=\"1ddf856\" data-element_type=\"widget\" data-widget_type=\"image-box.default\">\n\t\t\t\t<div class=\"elementor-widget-container\">\n\t\t\t\t\t<div class=\"elementor-image-box-wrapper\"><figure class=\"elementor-image-box-img\"><img decoding=\"async\" width=\"225\" height=\"300\" src=\"https:\/\/clorindaeditorial.com\/wp-content\/uploads\/2024\/02\/SB-para-web-225x300.jpeg\" class=\"attachment-medium size-medium wp-image-5977\" alt=\"\" srcset=\"https:\/\/clorindaeditorial.com\/wp-content\/uploads\/2024\/02\/SB-para-web-225x300.jpeg 225w, https:\/\/clorindaeditorial.com\/wp-content\/uploads\/2024\/02\/SB-para-web-768x1024.jpeg 768w, https:\/\/clorindaeditorial.com\/wp-content\/uploads\/2024\/02\/SB-para-web-1152x1536.jpeg 1152w, https:\/\/clorindaeditorial.com\/wp-content\/uploads\/2024\/02\/SB-para-web-1536x2048.jpeg 1536w, https:\/\/clorindaeditorial.com\/wp-content\/uploads\/2024\/02\/SB-para-web-scaled.jpeg 1920w\" sizes=\"(max-width: 225px) 100vw, 225px\" \/><\/figure><div class=\"elementor-image-box-content\"><h3 class=\"elementor-image-box-title\">Sepulcros blanqueados<\/h3><\/div><\/div>\t\t\t\t<\/div>\n\t\t\t\t<\/div>\n\t\t\t\t<div class=\"elementor-element elementor-element-5acc335 elementor-widget elementor-widget-button\" data-id=\"5acc335\" data-element_type=\"widget\" data-widget_type=\"button.default\">\n\t\t\t\t<div class=\"elementor-widget-container\">\n\t\t\t\t\t\t\t\t\t<div class=\"elementor-button-wrapper\">\n\t\t\t\t\t<a class=\"elementor-button elementor-button-link elementor-size-sm\" href=\"https:\/\/clorindaeditorial.com\/index.php\/sepulcros-blanqueados\/\">\n\t\t\t\t\t\t<span class=\"elementor-button-content-wrapper\">\n\t\t\t\t\t\t\t\t\t<span class=\"elementor-button-text\">Ver<\/span>\n\t\t\t\t\t<\/span>\n\t\t\t\t\t<\/a>\n\t\t\t\t<\/div>\n\t\t\t\t\t\t\t\t<\/div>\n\t\t\t\t<\/div>\n\t\t\t\t\t<\/div>\n\t\t<\/div>\n\t\t\t\t<div class=\"elementor-column elementor-col-33 elementor-inner-column elementor-element elementor-element-d1f34b9\" data-id=\"d1f34b9\" data-element_type=\"column\">\n\t\t\t<div class=\"elementor-widget-wrap elementor-element-populated\">\n\t\t\t\t\t\t<div class=\"elementor-element elementor-element-2e62fad elementor-position-top elementor-widget elementor-widget-image-box\" data-id=\"2e62fad\" data-element_type=\"widget\" data-widget_type=\"image-box.default\">\n\t\t\t\t<div class=\"elementor-widget-container\">\n\t\t\t\t\t<div class=\"elementor-image-box-wrapper\"><figure class=\"elementor-image-box-img\"><img loading=\"lazy\" decoding=\"async\" width=\"225\" height=\"300\" src=\"https:\/\/clorindaeditorial.com\/wp-content\/uploads\/2023\/10\/SOLITO-225x300.jpg\" class=\"attachment-medium size-medium wp-image-5826\" alt=\"\" srcset=\"https:\/\/clorindaeditorial.com\/wp-content\/uploads\/2023\/10\/SOLITO-225x300.jpg 225w, https:\/\/clorindaeditorial.com\/wp-content\/uploads\/2023\/10\/SOLITO-768x1024.jpg 768w, https:\/\/clorindaeditorial.com\/wp-content\/uploads\/2023\/10\/SOLITO-1152x1536.jpg 1152w, https:\/\/clorindaeditorial.com\/wp-content\/uploads\/2023\/10\/SOLITO-1536x2048.jpg 1536w, https:\/\/clorindaeditorial.com\/wp-content\/uploads\/2023\/10\/SOLITO-scaled.jpg 1920w\" sizes=\"(max-width: 225px) 100vw, 225px\" \/><\/figure><div class=\"elementor-image-box-content\"><h3 class=\"elementor-image-box-title\">Solito o contra las costumbres<\/h3><\/div><\/div>\t\t\t\t<\/div>\n\t\t\t\t<\/div>\n\t\t\t\t<div class=\"elementor-element elementor-element-78cf1e2 elementor-widget elementor-widget-button\" data-id=\"78cf1e2\" data-element_type=\"widget\" data-widget_type=\"button.default\">\n\t\t\t\t<div class=\"elementor-widget-container\">\n\t\t\t\t\t\t\t\t\t<div class=\"elementor-button-wrapper\">\n\t\t\t\t\t<a class=\"elementor-button elementor-button-link elementor-size-sm\" href=\"https:\/\/clorindaeditorial.com\/index.php\/solito-o-contra-las-costumbres\/\">\n\t\t\t\t\t\t<span class=\"elementor-button-content-wrapper\">\n\t\t\t\t\t\t\t\t\t<span class=\"elementor-button-text\">Ver<\/span>\n\t\t\t\t\t<\/span>\n\t\t\t\t\t<\/a>\n\t\t\t\t<\/div>\n\t\t\t\t\t\t\t\t<\/div>\n\t\t\t\t<\/div>\n\t\t\t\t\t<\/div>\n\t\t<\/div>\n\t\t\t\t\t<\/div>\n\t\t<\/section>\n\t\t\t\t\t<\/div>\n\t\t<\/div>\n\t\t\t\t\t<\/div>\n\t\t<\/section>\n\t\t\t\t<\/div>\n\t\t","protected":false},"excerpt":{"rendered":"<p>Tres veces Bogot\u00e1 S\/ 59.00 Comprar N\u00b0 de p\u00e1ginas: 196 Dimensiones: 14 x 22 cm Tapa blanda con solapas Acabado: mate, cosido y encolado Fecha de edici\u00f3n: mayo, 2024 Fecha de lanzamiento: \u00a003\/07\/2024 ISBN: 978-612-49246-8-2 Sinopsis En Tres veces Bogot\u00e1, su segunda novela, que obtuvo menci\u00f3n honrosa en el Premio Cop\u00e9 2023-IX Bienal de Novela, &hellip;<\/p>\n<p class=\"read-more\"> <a class=\"\" href=\"https:\/\/clorindaeditorial.com\/index.php\/tres-veces-bogota\/\"> <span class=\"screen-reader-text\">Tres veces Bogot\u00e1<\/span> Read More &raquo;<\/a><\/p>\n","protected":false},"author":2,"featured_media":0,"parent":0,"menu_order":0,"comment_status":"closed","ping_status":"closed","template":"","meta":{"site-sidebar-layout":"no-sidebar","site-content-layout":"page-builder","ast-global-header-display":"","ast-banner-title-visibility":"","ast-main-header-display":"","ast-hfb-above-header-display":"","ast-hfb-below-header-display":"","ast-hfb-mobile-header-display":"","site-post-title":"disabled","ast-breadcrumbs-content":"","ast-featured-img":"disabled","footer-sml-layout":"","theme-transparent-header-meta":"","adv-header-id-meta":"","stick-header-meta":"","header-above-stick-meta":"","header-main-stick-meta":"","header-below-stick-meta":"","footnotes":""},"class_list":["post-6029","page","type-page","status-publish","hentry"],"_links":{"self":[{"href":"https:\/\/clorindaeditorial.com\/index.php\/wp-json\/wp\/v2\/pages\/6029","targetHints":{"allow":["GET"]}}],"collection":[{"href":"https:\/\/clorindaeditorial.com\/index.php\/wp-json\/wp\/v2\/pages"}],"about":[{"href":"https:\/\/clorindaeditorial.com\/index.php\/wp-json\/wp\/v2\/types\/page"}],"author":[{"embeddable":true,"href":"https:\/\/clorindaeditorial.com\/index.php\/wp-json\/wp\/v2\/users\/2"}],"replies":[{"embeddable":true,"href":"https:\/\/clorindaeditorial.com\/index.php\/wp-json\/wp\/v2\/comments?post=6029"}],"version-history":[{"count":23,"href":"https:\/\/clorindaeditorial.com\/index.php\/wp-json\/wp\/v2\/pages\/6029\/revisions"}],"predecessor-version":[{"id":6110,"href":"https:\/\/clorindaeditorial.com\/index.php\/wp-json\/wp\/v2\/pages\/6029\/revisions\/6110"}],"wp:attachment":[{"href":"https:\/\/clorindaeditorial.com\/index.php\/wp-json\/wp\/v2\/media?parent=6029"}],"curies":[{"name":"wp","href":"https:\/\/api.w.org\/{rel}","templated":true}]}}