{"id":5971,"date":"2024-02-07T19:58:16","date_gmt":"2024-02-07T19:58:16","guid":{"rendered":"https:\/\/clorindaeditorial.com\/?page_id=5971"},"modified":"2025-05-07T15:20:06","modified_gmt":"2025-05-07T15:20:06","slug":"sepulcros-blanqueados","status":"publish","type":"page","link":"https:\/\/clorindaeditorial.com\/index.php\/sepulcros-blanqueados\/","title":{"rendered":"Sepulcros Blanqueados"},"content":{"rendered":"\t\t<div data-elementor-type=\"wp-page\" data-elementor-id=\"5971\" class=\"elementor elementor-5971\" data-elementor-settings=\"{&quot;ha_cmc_init_switcher&quot;:&quot;no&quot;}\" data-elementor-post-type=\"page\">\n\t\t\t\t\t\t<section class=\"elementor-section elementor-top-section elementor-element elementor-element-4202240 elementor-section-boxed elementor-section-height-default elementor-section-height-default\" data-id=\"4202240\" data-element_type=\"section\" data-settings=\"{&quot;_ha_eqh_enable&quot;:false}\">\n\t\t\t\t\t\t<div class=\"elementor-container elementor-column-gap-default\">\n\t\t\t\t\t<div class=\"elementor-column elementor-col-50 elementor-top-column elementor-element elementor-element-e5723a9\" data-id=\"e5723a9\" data-element_type=\"column\">\n\t\t\t<div class=\"elementor-widget-wrap elementor-element-populated\">\n\t\t\t\t\t\t<div class=\"elementor-element elementor-element-a45fcf6 elementor-widget__width-initial elementor-widget elementor-widget-image\" data-id=\"a45fcf6\" data-element_type=\"widget\" data-widget_type=\"image.default\">\n\t\t\t\t<div class=\"elementor-widget-container\">\n\t\t\t\t\t\t\t\t\t\t\t\t\t\t\t<img decoding=\"async\" src=\"https:\/\/clorindaeditorial.com\/wp-content\/uploads\/2024\/06\/Foto-SB-para-la-Web-cambio-scaled.jpeg\" title=\"Foto SB para la Web (cambio)\" alt=\"Foto SB para la Web (cambio)\" loading=\"lazy\" \/>\t\t\t\t\t\t\t\t\t\t\t\t\t\t\t<\/div>\n\t\t\t\t<\/div>\n\t\t\t\t\t<\/div>\n\t\t<\/div>\n\t\t\t\t<div class=\"elementor-column elementor-col-50 elementor-top-column elementor-element elementor-element-886309b\" data-id=\"886309b\" data-element_type=\"column\">\n\t\t\t<div class=\"elementor-widget-wrap elementor-element-populated\">\n\t\t\t\t\t\t<div class=\"elementor-element elementor-element-6dfed76 elementor-widget elementor-widget-heading\" data-id=\"6dfed76\" data-element_type=\"widget\" data-widget_type=\"heading.default\">\n\t\t\t\t<div class=\"elementor-widget-container\">\n\t\t\t\t\t<h2 class=\"elementor-heading-title elementor-size-default\">Sepulcros blanqueados<\/h2>\t\t\t\t<\/div>\n\t\t\t\t<\/div>\n\t\t\t\t<section class=\"elementor-section elementor-inner-section elementor-element elementor-element-380b057 elementor-section-boxed elementor-section-height-default elementor-section-height-default\" data-id=\"380b057\" data-element_type=\"section\" data-settings=\"{&quot;_ha_eqh_enable&quot;:false}\">\n\t\t\t\t\t\t<div class=\"elementor-container elementor-column-gap-default\">\n\t\t\t\t\t<div class=\"elementor-column elementor-col-50 elementor-inner-column elementor-element elementor-element-b8e8ee3\" data-id=\"b8e8ee3\" data-element_type=\"column\">\n\t\t\t<div class=\"elementor-widget-wrap elementor-element-populated\">\n\t\t\t\t\t\t<div class=\"elementor-element elementor-element-c82749a elementor-widget elementor-widget-heading\" data-id=\"c82749a\" data-element_type=\"widget\" data-widget_type=\"heading.default\">\n\t\t\t\t<div class=\"elementor-widget-container\">\n\t\t\t\t\t<h3 class=\"elementor-heading-title elementor-size-default\">S\/ 59.00<\/h3>\t\t\t\t<\/div>\n\t\t\t\t<\/div>\n\t\t\t\t\t<\/div>\n\t\t<\/div>\n\t\t\t\t<div class=\"elementor-column elementor-col-50 elementor-inner-column elementor-element elementor-element-ae0a2d6\" data-id=\"ae0a2d6\" data-element_type=\"column\">\n\t\t\t<div class=\"elementor-widget-wrap elementor-element-populated\">\n\t\t\t\t\t\t<div class=\"elementor-element elementor-element-e036f04 elementor-align-left elementor-widget elementor-widget-button\" data-id=\"e036f04\" data-element_type=\"widget\" data-widget_type=\"button.default\">\n\t\t\t\t<div class=\"elementor-widget-container\">\n\t\t\t\t\t\t\t\t\t<div class=\"elementor-button-wrapper\">\n\t\t\t\t\t<a class=\"elementor-button elementor-button-link elementor-size-sm\" href=\"https:\/\/api.whatsapp.com\/send\/?phone=%2B51940525022&#038;text=Hola,+estoy+interesado+en+comprar+este+libro+....&#038;type=phone_number&#038;app_absent=0\">\n\t\t\t\t\t\t<span class=\"elementor-button-content-wrapper\">\n\t\t\t\t\t\t\t\t\t<span class=\"elementor-button-text\">Comprar<\/span>\n\t\t\t\t\t<\/span>\n\t\t\t\t\t<\/a>\n\t\t\t\t<\/div>\n\t\t\t\t\t\t\t\t<\/div>\n\t\t\t\t<\/div>\n\t\t\t\t\t<\/div>\n\t\t<\/div>\n\t\t\t\t\t<\/div>\n\t\t<\/section>\n\t\t\t\t<div class=\"elementor-element elementor-element-e2b0f19 elementor-widget elementor-widget-text-editor\" data-id=\"e2b0f19\" data-element_type=\"widget\" data-widget_type=\"text-editor.default\">\n\t\t\t\t<div class=\"elementor-widget-container\">\n\t\t\t\t\t\t\t\t\t<p>N\u00b0 de p\u00e1ginas: 240<\/p><p>Dimensiones: 14 x 22 cm<\/p><p>Tapa blanda con solapas<\/p><p>Acabado: mate, cosido y encolado<\/p><p>Fecha de edici\u00f3n: febrero, 2024<\/p><p>Fecha de lanzamiento: 13\/02\/2024<\/p><p>ISBN: 978-612-49246-6-8<\/p><p>ISBN Ebook: 978-612-49721-0-2<\/p>\t\t\t\t\t\t\t\t<\/div>\n\t\t\t\t<\/div>\n\t\t\t\t<div class=\"elementor-element elementor-element-df060e8 elementor-widget elementor-widget-button\" data-id=\"df060e8\" data-element_type=\"widget\" data-widget_type=\"button.default\">\n\t\t\t\t<div class=\"elementor-widget-container\">\n\t\t\t\t\t\t\t\t\t<div class=\"elementor-button-wrapper\">\n\t\t\t\t\t<a class=\"elementor-button elementor-button-link elementor-size-sm\" href=\"https:\/\/clorindaeditorial.com\/index.php\/productos-digitales\/\">\n\t\t\t\t\t\t<span class=\"elementor-button-content-wrapper\">\n\t\t\t\t\t\t\t\t\t<span class=\"elementor-button-text\">e-book<\/span>\n\t\t\t\t\t<\/span>\n\t\t\t\t\t<\/a>\n\t\t\t\t<\/div>\n\t\t\t\t\t\t\t\t<\/div>\n\t\t\t\t<\/div>\n\t\t\t\t\t<\/div>\n\t\t<\/div>\n\t\t\t\t\t<\/div>\n\t\t<\/section>\n\t\t\t\t<section class=\"elementor-section elementor-top-section elementor-element elementor-element-0b8017b elementor-section-boxed elementor-section-height-default elementor-section-height-default\" data-id=\"0b8017b\" data-element_type=\"section\" data-settings=\"{&quot;_ha_eqh_enable&quot;:false}\">\n\t\t\t\t\t\t<div class=\"elementor-container elementor-column-gap-default\">\n\t\t\t\t\t<div class=\"elementor-column elementor-col-100 elementor-top-column elementor-element elementor-element-12b5448\" data-id=\"12b5448\" data-element_type=\"column\">\n\t\t\t<div class=\"elementor-widget-wrap elementor-element-populated\">\n\t\t\t\t\t\t<div class=\"elementor-element elementor-element-2790165 elementor-widget elementor-widget-heading\" data-id=\"2790165\" data-element_type=\"widget\" data-widget_type=\"heading.default\">\n\t\t\t\t<div class=\"elementor-widget-container\">\n\t\t\t\t\t<h3 class=\"elementor-heading-title elementor-size-default\">Sinopsis<\/h3>\t\t\t\t<\/div>\n\t\t\t\t<\/div>\n\t\t\t\t\t<\/div>\n\t\t<\/div>\n\t\t\t\t\t<\/div>\n\t\t<\/section>\n\t\t\t\t<section class=\"elementor-section elementor-top-section elementor-element elementor-element-211738e elementor-section-boxed elementor-section-height-default elementor-section-height-default\" data-id=\"211738e\" data-element_type=\"section\" data-settings=\"{&quot;_ha_eqh_enable&quot;:false}\">\n\t\t\t\t\t\t<div class=\"elementor-container elementor-column-gap-default\">\n\t\t\t\t\t<div class=\"elementor-column elementor-col-100 elementor-top-column elementor-element elementor-element-9bfe4ca\" data-id=\"9bfe4ca\" data-element_type=\"column\">\n\t\t\t<div class=\"elementor-widget-wrap elementor-element-populated\">\n\t\t\t\t\t\t<div class=\"elementor-element elementor-element-4f811b3 elementor-widget elementor-widget-text-editor\" data-id=\"4f811b3\" data-element_type=\"widget\" data-widget_type=\"text-editor.default\">\n\t\t\t\t<div class=\"elementor-widget-container\">\n\t\t\t\t\t\t\t\t\t<p><span style=\"font-weight: 400;\">Como la frase de Cristo de la que toma su t\u00edtulo, <\/span><b><i>Sepulcros blanqueados<\/i><\/b><span style=\"font-weight: 400;\"> \u2014cuya primera edici\u00f3n fue publicada en 2020\u2014 <\/span><b>es, ante todo, una invectiva<\/b><span style=\"font-weight: 400;\">. Un hombre en busca del pasado de su padre, un sacerdote que persigue un futuro distinto y un joven desesperado por cambiar su presente son los protagonistas de <\/span><b>tres historias que se entretejen, bajo la forma de la intriga, para mostrar los abismos infernales de una secta religiosa cobijada por el manto m\u00e1s oscuro de la Iglesia<\/b><span style=\"font-weight: 400;\">. \u00bfCu\u00e1les son sus culpas? \u00bfPermanece en ellos alguna inocencia? Pero, m\u00e1s importante, <\/span><b>\u00bfpuede sobreponerse su fe a la experiencia nefasta en una secta que deforma la doctrina cristiana hasta convertirla en la excusa del crimen?<\/b><span style=\"font-weight: 400;\"> \u00bfY a qui\u00e9n corresponde el castigo?<\/span><\/p><p><span style=\"font-weight: 400;\">Pero <\/span><b>esta novela es tambi\u00e9n una revancha<\/b><span style=\"font-weight: 400;\">. No importa, para eso, que Gonzalo Cano haya sido testigo directo de aquello que, transformado, nos cuenta. Lo decisivo es, en cambio, la manera como los personajes buscan, y a veces encuentran, quiz\u00e1s como el propio autor, su redenci\u00f3n. O, eventualmente, su venganza.<\/span><\/p><p><span style=\"font-weight: 400;\">\u201cEsta novela se lee como una historia polic\u00edaca. Pero es m\u00e1s que eso&#8230; Es tambi\u00e9n una denuncia rotunda sobre la descomposici\u00f3n moral de ciertas sociedades cat\u00f3licas ultraconservadoras\u201d. <\/span><em><span style=\"font-weight: 400;\">Pedro Salinas, periodista<\/span><\/em><\/p><p><span style=\"font-weight: 400;\">\u201cEn clave de ficci\u00f3n, esta novela de Gonzalo Cano da voz a las v\u00edctimas que no tuvieron la suerte de unos pocos: dejar atr\u00e1s el silencio antes de que los mate el dolor\u201d. <\/span><i><span style=\"font-weight: 400;\">Paola Ugaz, periodista<\/span><\/i><\/p><p><span style=\"font-weight: 400;\">\u201cEn estos personajes que Gonzalo Cano nos trae, muchas veces nos encontramos con que el otro no es un otro real, no es un sujeto que cuenta como tal, sino que termina siendo tratado como objeto para satisfacer necesidades perversas de toda \u00edndole\u201d. <\/span><i><span style=\"font-weight: 400;\">Paula Escribens, psicoanalista<\/span><\/i><\/p><p><span style=\"font-weight: 400;\">\u201cUna historia que sucede en un futuro inventado, que no deja de ser real, posible y demoledora\u201d. <\/span><i><span style=\"font-weight: 400;\">Mois\u00e9s Lemlij, psicoanalista<\/span><\/i><\/p><p><span style=\"font-weight: 400;\">\u201cLa ficci\u00f3n puede estar llena de verdad, como nos lo recuerda Gonzalo Cano en esta novela esencial para entender el irreparable da\u00f1o que pueden generar los fundamentalismos en nuestras vidas. M\u00e1s a\u00fan si estos vienen camuflados en un falso mensaje de amor y trascendencia, ocultando astutamente su cruel realidad\u201d. <\/span><i><span style=\"font-weight: 400;\">Alberto de Belaunde, abogado y pol\u00edtico<\/span><\/i><\/p>\t\t\t\t\t\t\t\t<\/div>\n\t\t\t\t<\/div>\n\t\t\t\t\t<\/div>\n\t\t<\/div>\n\t\t\t\t\t<\/div>\n\t\t<\/section>\n\t\t\t\t<section class=\"elementor-section elementor-top-section elementor-element elementor-element-ee02f8b elementor-section-boxed elementor-section-height-default elementor-section-height-default\" data-id=\"ee02f8b\" data-element_type=\"section\" data-settings=\"{&quot;_ha_eqh_enable&quot;:false}\">\n\t\t\t\t\t\t<div class=\"elementor-container elementor-column-gap-default\">\n\t\t\t\t\t<div class=\"elementor-column elementor-col-100 elementor-top-column elementor-element elementor-element-f7ffd23\" data-id=\"f7ffd23\" data-element_type=\"column\">\n\t\t\t<div class=\"elementor-widget-wrap elementor-element-populated\">\n\t\t\t\t\t\t<div class=\"elementor-element elementor-element-c712abb elementor-widget elementor-widget-menu-anchor\" data-id=\"c712abb\" data-element_type=\"widget\" data-widget_type=\"menu-anchor.default\">\n\t\t\t\t<div class=\"elementor-widget-container\">\n\t\t\t\t\t\t\t<div class=\"elementor-menu-anchor\" id=\"sepulcros\"><\/div>\n\t\t\t\t\t\t<\/div>\n\t\t\t\t<\/div>\n\t\t\t\t<div class=\"elementor-element elementor-element-658898a elementor-widget elementor-widget-heading\" data-id=\"658898a\" data-element_type=\"widget\" data-widget_type=\"heading.default\">\n\t\t\t\t<div class=\"elementor-widget-container\">\n\t\t\t\t\t<h2 class=\"elementor-heading-title elementor-size-default\"><h2 id=\"lunes-otra-vez\"><b>Sobre el autor<\/b><\/h2><\/h2>\t\t\t\t<\/div>\n\t\t\t\t<\/div>\n\t\t\t\t<section class=\"elementor-section elementor-inner-section elementor-element elementor-element-a76fc1f elementor-section-boxed elementor-section-height-default elementor-section-height-default\" data-id=\"a76fc1f\" data-element_type=\"section\" data-settings=\"{&quot;_ha_eqh_enable&quot;:false}\">\n\t\t\t\t\t\t<div class=\"elementor-container elementor-column-gap-default\">\n\t\t\t\t\t<div class=\"elementor-column elementor-col-50 elementor-inner-column elementor-element elementor-element-eef3c79\" data-id=\"eef3c79\" data-element_type=\"column\">\n\t\t\t<div class=\"elementor-widget-wrap elementor-element-populated\">\n\t\t\t\t\t\t<div class=\"elementor-element elementor-element-359fc5a elementor-widget elementor-widget-image\" data-id=\"359fc5a\" data-element_type=\"widget\" data-widget_type=\"image.default\">\n\t\t\t\t<div class=\"elementor-widget-container\">\n\t\t\t\t\t\t\t\t\t\t\t\t\t\t\t<img fetchpriority=\"high\" decoding=\"async\" width=\"300\" height=\"267\" src=\"https:\/\/clorindaeditorial.com\/wp-content\/uploads\/2024\/02\/GonzaloCano-300x267.jpg\" class=\"attachment-medium size-medium wp-image-5976\" alt=\"\" srcset=\"https:\/\/clorindaeditorial.com\/wp-content\/uploads\/2024\/02\/GonzaloCano-300x267.jpg 300w, https:\/\/clorindaeditorial.com\/wp-content\/uploads\/2024\/02\/GonzaloCano-1024x912.jpg 1024w, https:\/\/clorindaeditorial.com\/wp-content\/uploads\/2024\/02\/GonzaloCano-768x684.jpg 768w, https:\/\/clorindaeditorial.com\/wp-content\/uploads\/2024\/02\/GonzaloCano-1536x1368.jpg 1536w, https:\/\/clorindaeditorial.com\/wp-content\/uploads\/2024\/02\/GonzaloCano-2048x1823.jpg 2048w\" sizes=\"(max-width: 300px) 100vw, 300px\" \/>\t\t\t\t\t\t\t\t\t\t\t\t\t\t\t<\/div>\n\t\t\t\t<\/div>\n\t\t\t\t\t<\/div>\n\t\t<\/div>\n\t\t\t\t<div class=\"elementor-column elementor-col-50 elementor-inner-column elementor-element elementor-element-4735332\" data-id=\"4735332\" data-element_type=\"column\">\n\t\t\t<div class=\"elementor-widget-wrap elementor-element-populated\">\n\t\t\t\t\t\t<div class=\"elementor-element elementor-element-030dd37 elementor-widget__width-initial elementor-widget elementor-widget-text-editor\" data-id=\"030dd37\" data-element_type=\"widget\" data-widget_type=\"text-editor.default\">\n\t\t\t\t<div class=\"elementor-widget-container\">\n\t\t\t\t\t\t\t\t\t<p><b>Gonzalo Cano<\/b><span style=\"font-weight: 400;\"> (Lima, 1976). Estudi\u00f3 Psicolog\u00eda en la Pontificia Universidad Cat\u00f3lica del Per\u00fa, es mag\u00edster en Psicoan\u00e1lisis por la misma instituci\u00f3n y candidato a psicoanalista en la Sociedad Peruana de Psicoan\u00e1lisis. Se desempe\u00f1a como psicoterapeuta desde hace quince a\u00f1os y ha sido profesor de escuela y universitario. Mantiene el blog dibanaciones.lamula.pe, donde escribe sobre temas variados relacionados con las ciencias humanas. Tambi\u00e9n es triatleta y maratonista. <\/span><i><span style=\"font-weight: 400;\">Sepulcros blanqueados<\/span><\/i><span style=\"font-weight: 400;\">, aparecida por primera vez en 2020, es su primera novela.<\/span><\/p>\t\t\t\t\t\t\t\t<\/div>\n\t\t\t\t<\/div>\n\t\t\t\t\t<\/div>\n\t\t<\/div>\n\t\t\t\t\t<\/div>\n\t\t<\/section>\n\t\t\t\t\t<\/div>\n\t\t<\/div>\n\t\t\t\t\t<\/div>\n\t\t<\/section>\n\t\t\t\t<section class=\"elementor-section elementor-top-section elementor-element elementor-element-baaa4f7 elementor-section-boxed elementor-section-height-default elementor-section-height-default\" data-id=\"baaa4f7\" data-element_type=\"section\" data-settings=\"{&quot;_ha_eqh_enable&quot;:false}\">\n\t\t\t\t\t\t<div class=\"elementor-container elementor-column-gap-default\">\n\t\t\t\t\t<div class=\"elementor-column elementor-col-100 elementor-top-column elementor-element elementor-element-398ee52\" data-id=\"398ee52\" data-element_type=\"column\">\n\t\t\t<div class=\"elementor-widget-wrap elementor-element-populated\">\n\t\t\t\t\t\t<div class=\"elementor-element elementor-element-2922b9d elementor-widget elementor-widget-heading\" data-id=\"2922b9d\" data-element_type=\"widget\" data-widget_type=\"heading.default\">\n\t\t\t\t<div class=\"elementor-widget-container\">\n\t\t\t\t\t<h2 class=\"elementor-heading-title elementor-size-default\">Productos relacionados<\/h2>\t\t\t\t<\/div>\n\t\t\t\t<\/div>\n\t\t\t\t<section class=\"elementor-section elementor-inner-section elementor-element elementor-element-9cf350a elementor-section-boxed elementor-section-height-default elementor-section-height-default\" data-id=\"9cf350a\" data-element_type=\"section\" data-settings=\"{&quot;_ha_eqh_enable&quot;:false}\">\n\t\t\t\t\t\t<div class=\"elementor-container elementor-column-gap-default\">\n\t\t\t\t\t<div class=\"elementor-column elementor-col-33 elementor-inner-column elementor-element elementor-element-cf8fdc8\" data-id=\"cf8fdc8\" data-element_type=\"column\">\n\t\t\t<div class=\"elementor-widget-wrap elementor-element-populated\">\n\t\t\t\t\t\t<div class=\"elementor-element elementor-element-6bfb392 elementor-position-top elementor-widget elementor-widget-image-box\" data-id=\"6bfb392\" data-element_type=\"widget\" data-widget_type=\"image-box.default\">\n\t\t\t\t<div class=\"elementor-widget-container\">\n\t\t\t\t\t<div class=\"elementor-image-box-wrapper\"><figure class=\"elementor-image-box-img\"><img decoding=\"async\" width=\"225\" height=\"300\" src=\"https:\/\/clorindaeditorial.com\/wp-content\/uploads\/2023\/08\/image00002-1-225x300.jpeg\" class=\"attachment-medium size-medium wp-image-5640\" alt=\"\" srcset=\"https:\/\/clorindaeditorial.com\/wp-content\/uploads\/2023\/08\/image00002-1-225x300.jpeg 225w, https:\/\/clorindaeditorial.com\/wp-content\/uploads\/2023\/08\/image00002-1-250x333.jpeg 250w, https:\/\/clorindaeditorial.com\/wp-content\/uploads\/2023\/08\/image00002-1.jpeg 756w\" sizes=\"(max-width: 225px) 100vw, 225px\" \/><\/figure><div class=\"elementor-image-box-content\"><h3 class=\"elementor-image-box-title\">Pueblo grande<\/h3><\/div><\/div>\t\t\t\t<\/div>\n\t\t\t\t<\/div>\n\t\t\t\t<div class=\"elementor-element elementor-element-27798ac elementor-widget elementor-widget-button\" data-id=\"27798ac\" data-element_type=\"widget\" data-widget_type=\"button.default\">\n\t\t\t\t<div class=\"elementor-widget-container\">\n\t\t\t\t\t\t\t\t\t<div class=\"elementor-button-wrapper\">\n\t\t\t\t\t<a class=\"elementor-button elementor-button-link elementor-size-sm\" href=\"https:\/\/clorindaeditorial.com\/index.php\/pueblo-grande\/\">\n\t\t\t\t\t\t<span class=\"elementor-button-content-wrapper\">\n\t\t\t\t\t\t\t\t\t<span class=\"elementor-button-text\">Ver<\/span>\n\t\t\t\t\t<\/span>\n\t\t\t\t\t<\/a>\n\t\t\t\t<\/div>\n\t\t\t\t\t\t\t\t<\/div>\n\t\t\t\t<\/div>\n\t\t\t\t\t<\/div>\n\t\t<\/div>\n\t\t\t\t<div class=\"elementor-column elementor-col-33 elementor-inner-column elementor-element elementor-element-6a6c517\" data-id=\"6a6c517\" data-element_type=\"column\">\n\t\t\t<div class=\"elementor-widget-wrap elementor-element-populated\">\n\t\t\t\t\t\t<div class=\"elementor-element elementor-element-5e0bf1a elementor-position-top elementor-widget elementor-widget-image-box\" data-id=\"5e0bf1a\" data-element_type=\"widget\" data-widget_type=\"image-box.default\">\n\t\t\t\t<div class=\"elementor-widget-container\">\n\t\t\t\t\t<div class=\"elementor-image-box-wrapper\"><figure class=\"elementor-image-box-img\"><img decoding=\"async\" width=\"225\" height=\"300\" src=\"https:\/\/clorindaeditorial.com\/wp-content\/uploads\/2023\/08\/image00003-1-225x300.jpeg\" class=\"attachment-medium size-medium wp-image-5641\" alt=\"\" srcset=\"https:\/\/clorindaeditorial.com\/wp-content\/uploads\/2023\/08\/image00003-1-225x300.jpeg 225w, https:\/\/clorindaeditorial.com\/wp-content\/uploads\/2023\/08\/image00003-1-250x333.jpeg 250w, https:\/\/clorindaeditorial.com\/wp-content\/uploads\/2023\/08\/image00003-1.jpeg 756w\" sizes=\"(max-width: 225px) 100vw, 225px\" \/><\/figure><div class=\"elementor-image-box-content\"><h3 class=\"elementor-image-box-title\">Lunes otra vez<\/h3><\/div><\/div>\t\t\t\t<\/div>\n\t\t\t\t<\/div>\n\t\t\t\t<div class=\"elementor-element elementor-element-02858ff elementor-widget elementor-widget-button\" data-id=\"02858ff\" data-element_type=\"widget\" data-widget_type=\"button.default\">\n\t\t\t\t<div class=\"elementor-widget-container\">\n\t\t\t\t\t\t\t\t\t<div class=\"elementor-button-wrapper\">\n\t\t\t\t\t<a class=\"elementor-button elementor-button-link elementor-size-sm\" href=\"https:\/\/clorindaeditorial.com\/index.php\/lunes-otra-vez\/\">\n\t\t\t\t\t\t<span class=\"elementor-button-content-wrapper\">\n\t\t\t\t\t\t\t\t\t<span class=\"elementor-button-text\">Ver<\/span>\n\t\t\t\t\t<\/span>\n\t\t\t\t\t<\/a>\n\t\t\t\t<\/div>\n\t\t\t\t\t\t\t\t<\/div>\n\t\t\t\t<\/div>\n\t\t\t\t\t<\/div>\n\t\t<\/div>\n\t\t\t\t<div class=\"elementor-column elementor-col-33 elementor-inner-column elementor-element elementor-element-51b35e9\" data-id=\"51b35e9\" data-element_type=\"column\">\n\t\t\t<div class=\"elementor-widget-wrap elementor-element-populated\">\n\t\t\t\t\t\t<div class=\"elementor-element elementor-element-bc7424e elementor-position-top elementor-widget elementor-widget-image-box\" data-id=\"bc7424e\" data-element_type=\"widget\" data-widget_type=\"image-box.default\">\n\t\t\t\t<div class=\"elementor-widget-container\">\n\t\t\t\t\t<div class=\"elementor-image-box-wrapper\"><figure class=\"elementor-image-box-img\"><img loading=\"lazy\" decoding=\"async\" width=\"225\" height=\"300\" src=\"https:\/\/clorindaeditorial.com\/wp-content\/uploads\/2023\/10\/SOLITO-225x300.jpg\" class=\"attachment-medium size-medium wp-image-5826\" alt=\"\" srcset=\"https:\/\/clorindaeditorial.com\/wp-content\/uploads\/2023\/10\/SOLITO-225x300.jpg 225w, https:\/\/clorindaeditorial.com\/wp-content\/uploads\/2023\/10\/SOLITO-768x1024.jpg 768w, https:\/\/clorindaeditorial.com\/wp-content\/uploads\/2023\/10\/SOLITO-1152x1536.jpg 1152w, https:\/\/clorindaeditorial.com\/wp-content\/uploads\/2023\/10\/SOLITO-1536x2048.jpg 1536w, https:\/\/clorindaeditorial.com\/wp-content\/uploads\/2023\/10\/SOLITO-scaled.jpg 1920w\" sizes=\"(max-width: 225px) 100vw, 225px\" \/><\/figure><div class=\"elementor-image-box-content\"><h3 class=\"elementor-image-box-title\">Solito o contra las costumbres<\/h3><\/div><\/div>\t\t\t\t<\/div>\n\t\t\t\t<\/div>\n\t\t\t\t<div class=\"elementor-element elementor-element-3fc5c6a elementor-widget elementor-widget-button\" data-id=\"3fc5c6a\" data-element_type=\"widget\" data-widget_type=\"button.default\">\n\t\t\t\t<div class=\"elementor-widget-container\">\n\t\t\t\t\t\t\t\t\t<div class=\"elementor-button-wrapper\">\n\t\t\t\t\t<a class=\"elementor-button elementor-button-link elementor-size-sm\" href=\"https:\/\/clorindaeditorial.com\/index.php\/solito-o-contra-las-costumbres\/\">\n\t\t\t\t\t\t<span class=\"elementor-button-content-wrapper\">\n\t\t\t\t\t\t\t\t\t<span class=\"elementor-button-text\">Ver<\/span>\n\t\t\t\t\t<\/span>\n\t\t\t\t\t<\/a>\n\t\t\t\t<\/div>\n\t\t\t\t\t\t\t\t<\/div>\n\t\t\t\t<\/div>\n\t\t\t\t\t<\/div>\n\t\t<\/div>\n\t\t\t\t\t<\/div>\n\t\t<\/section>\n\t\t\t\t\t<\/div>\n\t\t<\/div>\n\t\t\t\t\t<\/div>\n\t\t<\/section>\n\t\t\t\t<\/div>\n\t\t","protected":false},"excerpt":{"rendered":"<p>Sepulcros blanqueados S\/ 59.00 Comprar N\u00b0 de p\u00e1ginas: 240 Dimensiones: 14 x 22 cm Tapa blanda con solapas Acabado: mate, cosido y encolado Fecha de edici\u00f3n: febrero, 2024 Fecha de lanzamiento: 13\/02\/2024 ISBN: 978-612-49246-6-8 ISBN Ebook: 978-612-49721-0-2 e-book Sinopsis Como la frase de Cristo de la que toma su t\u00edtulo, Sepulcros blanqueados \u2014cuya primera edici\u00f3n &hellip;<\/p>\n<p class=\"read-more\"> <a class=\"\" href=\"https:\/\/clorindaeditorial.com\/index.php\/sepulcros-blanqueados\/\"> <span class=\"screen-reader-text\">Sepulcros Blanqueados<\/span> Read More &raquo;<\/a><\/p>\n","protected":false},"author":2,"featured_media":0,"parent":0,"menu_order":0,"comment_status":"closed","ping_status":"closed","template":"","meta":{"site-sidebar-layout":"no-sidebar","site-content-layout":"page-builder","ast-global-header-display":"","ast-banner-title-visibility":"","ast-main-header-display":"","ast-hfb-above-header-display":"","ast-hfb-below-header-display":"","ast-hfb-mobile-header-display":"","site-post-title":"disabled","ast-breadcrumbs-content":"","ast-featured-img":"disabled","footer-sml-layout":"","theme-transparent-header-meta":"","adv-header-id-meta":"","stick-header-meta":"","header-above-stick-meta":"","header-main-stick-meta":"","header-below-stick-meta":"","footnotes":""},"class_list":["post-5971","page","type-page","status-publish","hentry"],"_links":{"self":[{"href":"https:\/\/clorindaeditorial.com\/index.php\/wp-json\/wp\/v2\/pages\/5971","targetHints":{"allow":["GET"]}}],"collection":[{"href":"https:\/\/clorindaeditorial.com\/index.php\/wp-json\/wp\/v2\/pages"}],"about":[{"href":"https:\/\/clorindaeditorial.com\/index.php\/wp-json\/wp\/v2\/types\/page"}],"author":[{"embeddable":true,"href":"https:\/\/clorindaeditorial.com\/index.php\/wp-json\/wp\/v2\/users\/2"}],"replies":[{"embeddable":true,"href":"https:\/\/clorindaeditorial.com\/index.php\/wp-json\/wp\/v2\/comments?post=5971"}],"version-history":[{"count":31,"href":"https:\/\/clorindaeditorial.com\/index.php\/wp-json\/wp\/v2\/pages\/5971\/revisions"}],"predecessor-version":[{"id":6259,"href":"https:\/\/clorindaeditorial.com\/index.php\/wp-json\/wp\/v2\/pages\/5971\/revisions\/6259"}],"wp:attachment":[{"href":"https:\/\/clorindaeditorial.com\/index.php\/wp-json\/wp\/v2\/media?parent=5971"}],"curies":[{"name":"wp","href":"https:\/\/api.w.org\/{rel}","templated":true}]}}