{"id":5824,"date":"2023-10-10T21:48:52","date_gmt":"2023-10-10T21:48:52","guid":{"rendered":"https:\/\/clorindaeditorial.com\/?page_id=5824"},"modified":"2025-05-07T15:18:23","modified_gmt":"2025-05-07T15:18:23","slug":"solito-o-contra-las-costumbres","status":"publish","type":"page","link":"https:\/\/clorindaeditorial.com\/index.php\/solito-o-contra-las-costumbres\/","title":{"rendered":"Solito o contra las costumbres"},"content":{"rendered":"\t\t<div data-elementor-type=\"wp-page\" data-elementor-id=\"5824\" class=\"elementor elementor-5824\" data-elementor-settings=\"{&quot;ha_cmc_init_switcher&quot;:&quot;no&quot;}\" data-elementor-post-type=\"page\">\n\t\t\t\t\t\t<section class=\"elementor-section elementor-top-section elementor-element elementor-element-1e4afef elementor-section-boxed elementor-section-height-default elementor-section-height-default\" data-id=\"1e4afef\" data-element_type=\"section\" data-settings=\"{&quot;_ha_eqh_enable&quot;:false}\">\n\t\t\t\t\t\t<div class=\"elementor-container elementor-column-gap-default\">\n\t\t\t\t\t<div class=\"elementor-column elementor-col-50 elementor-top-column elementor-element elementor-element-5695566\" data-id=\"5695566\" data-element_type=\"column\">\n\t\t\t<div class=\"elementor-widget-wrap elementor-element-populated\">\n\t\t\t\t\t\t<div class=\"elementor-element elementor-element-c227280 elementor-widget__width-initial elementor-widget elementor-widget-image\" data-id=\"c227280\" data-element_type=\"widget\" data-widget_type=\"image.default\">\n\t\t\t\t<div class=\"elementor-widget-container\">\n\t\t\t\t\t\t\t\t\t\t\t\t\t\t\t<img decoding=\"async\" src=\"https:\/\/clorindaeditorial.com\/wp-content\/uploads\/2023\/10\/SOLITO-scaled.jpg\" title=\"SOLITO\" alt=\"SOLITO\" loading=\"lazy\" \/>\t\t\t\t\t\t\t\t\t\t\t\t\t\t\t<\/div>\n\t\t\t\t<\/div>\n\t\t\t\t\t<\/div>\n\t\t<\/div>\n\t\t\t\t<div class=\"elementor-column elementor-col-50 elementor-top-column elementor-element elementor-element-feb9d4b\" data-id=\"feb9d4b\" data-element_type=\"column\">\n\t\t\t<div class=\"elementor-widget-wrap elementor-element-populated\">\n\t\t\t\t\t\t<div class=\"elementor-element elementor-element-399b328 elementor-widget elementor-widget-heading\" data-id=\"399b328\" data-element_type=\"widget\" data-widget_type=\"heading.default\">\n\t\t\t\t<div class=\"elementor-widget-container\">\n\t\t\t\t\t<h2 class=\"elementor-heading-title elementor-size-default\">Solito o contra las costumbres<\/h2>\t\t\t\t<\/div>\n\t\t\t\t<\/div>\n\t\t\t\t<section class=\"elementor-section elementor-inner-section elementor-element elementor-element-314e459 elementor-section-boxed elementor-section-height-default elementor-section-height-default\" data-id=\"314e459\" data-element_type=\"section\" data-settings=\"{&quot;_ha_eqh_enable&quot;:false}\">\n\t\t\t\t\t\t<div class=\"elementor-container elementor-column-gap-default\">\n\t\t\t\t\t<div class=\"elementor-column elementor-col-50 elementor-inner-column elementor-element elementor-element-f24c27c\" data-id=\"f24c27c\" data-element_type=\"column\">\n\t\t\t<div class=\"elementor-widget-wrap elementor-element-populated\">\n\t\t\t\t\t\t<div class=\"elementor-element elementor-element-3d46bdf elementor-widget elementor-widget-heading\" data-id=\"3d46bdf\" data-element_type=\"widget\" data-widget_type=\"heading.default\">\n\t\t\t\t<div class=\"elementor-widget-container\">\n\t\t\t\t\t<h3 class=\"elementor-heading-title elementor-size-default\">S\/ 59.00<\/h3>\t\t\t\t<\/div>\n\t\t\t\t<\/div>\n\t\t\t\t\t<\/div>\n\t\t<\/div>\n\t\t\t\t<div class=\"elementor-column elementor-col-50 elementor-inner-column elementor-element elementor-element-b6d53d5\" data-id=\"b6d53d5\" data-element_type=\"column\">\n\t\t\t<div class=\"elementor-widget-wrap elementor-element-populated\">\n\t\t\t\t\t\t<div class=\"elementor-element elementor-element-09bf820 elementor-align-left elementor-widget elementor-widget-button\" data-id=\"09bf820\" data-element_type=\"widget\" data-widget_type=\"button.default\">\n\t\t\t\t<div class=\"elementor-widget-container\">\n\t\t\t\t\t\t\t\t\t<div class=\"elementor-button-wrapper\">\n\t\t\t\t\t<a class=\"elementor-button elementor-button-link elementor-size-sm\" href=\"https:\/\/api.whatsapp.com\/send\/?phone=%2B51940525022&#038;text=Hola,+estoy+interesado+en+comprar+este+libro+....&#038;type=phone_number&#038;app_absent=0\">\n\t\t\t\t\t\t<span class=\"elementor-button-content-wrapper\">\n\t\t\t\t\t\t\t\t\t<span class=\"elementor-button-text\">Comprar<\/span>\n\t\t\t\t\t<\/span>\n\t\t\t\t\t<\/a>\n\t\t\t\t<\/div>\n\t\t\t\t\t\t\t\t<\/div>\n\t\t\t\t<\/div>\n\t\t\t\t\t<\/div>\n\t\t<\/div>\n\t\t\t\t\t<\/div>\n\t\t<\/section>\n\t\t\t\t<div class=\"elementor-element elementor-element-0f71e84 elementor-widget elementor-widget-text-editor\" data-id=\"0f71e84\" data-element_type=\"widget\" data-widget_type=\"text-editor.default\">\n\t\t\t\t<div class=\"elementor-widget-container\">\n\t\t\t\t\t\t\t\t\t<p>N\u00b0 de p\u00e1ginas: 144<\/p><p>Dimensiones: 14 x 22 cm<\/p><p>Tapa blanda con solapas<\/p><p>Acabado: mate, cosido y encolado<\/p><p>Fecha de edici\u00f3n: septiembre, 2023<\/p><p>Fecha de lanzamiento: 25\/10\/2023<\/p><p><span style=\"font-weight: 400;\">ISBN: 978-612-49246-2-0<\/span><\/p><p><span style=\"font-weight: 400;\">ISBN Ebook: 978-612-49246-5-1<\/span><\/p>\t\t\t\t\t\t\t\t<\/div>\n\t\t\t\t<\/div>\n\t\t\t\t<div class=\"elementor-element elementor-element-ce9253a elementor-align-left elementor-widget elementor-widget-button\" data-id=\"ce9253a\" data-element_type=\"widget\" data-widget_type=\"button.default\">\n\t\t\t\t<div class=\"elementor-widget-container\">\n\t\t\t\t\t\t\t\t\t<div class=\"elementor-button-wrapper\">\n\t\t\t\t\t<a class=\"elementor-button elementor-button-link elementor-size-sm\" href=\"https:\/\/clorindaeditorial.com\/index.php\/productos-digitales\/\">\n\t\t\t\t\t\t<span class=\"elementor-button-content-wrapper\">\n\t\t\t\t\t\t\t\t\t<span class=\"elementor-button-text\">e-book<\/span>\n\t\t\t\t\t<\/span>\n\t\t\t\t\t<\/a>\n\t\t\t\t<\/div>\n\t\t\t\t\t\t\t\t<\/div>\n\t\t\t\t<\/div>\n\t\t\t\t\t<\/div>\n\t\t<\/div>\n\t\t\t\t\t<\/div>\n\t\t<\/section>\n\t\t\t\t<section class=\"elementor-section elementor-top-section elementor-element elementor-element-289510d elementor-section-boxed elementor-section-height-default elementor-section-height-default\" data-id=\"289510d\" data-element_type=\"section\" data-settings=\"{&quot;_ha_eqh_enable&quot;:false}\">\n\t\t\t\t\t\t<div class=\"elementor-container elementor-column-gap-default\">\n\t\t\t\t\t<div class=\"elementor-column elementor-col-100 elementor-top-column elementor-element elementor-element-39a5c22\" data-id=\"39a5c22\" data-element_type=\"column\">\n\t\t\t<div class=\"elementor-widget-wrap elementor-element-populated\">\n\t\t\t\t\t\t<div class=\"elementor-element elementor-element-adeb668 elementor-widget elementor-widget-heading\" data-id=\"adeb668\" data-element_type=\"widget\" data-widget_type=\"heading.default\">\n\t\t\t\t<div class=\"elementor-widget-container\">\n\t\t\t\t\t<h3 class=\"elementor-heading-title elementor-size-default\">Sinopsis<\/h3>\t\t\t\t<\/div>\n\t\t\t\t<\/div>\n\t\t\t\t\t<\/div>\n\t\t<\/div>\n\t\t\t\t\t<\/div>\n\t\t<\/section>\n\t\t\t\t<section class=\"elementor-section elementor-top-section elementor-element elementor-element-50dd36e elementor-section-boxed elementor-section-height-default elementor-section-height-default\" data-id=\"50dd36e\" data-element_type=\"section\" data-settings=\"{&quot;_ha_eqh_enable&quot;:false}\">\n\t\t\t\t\t\t<div class=\"elementor-container elementor-column-gap-default\">\n\t\t\t\t\t<div class=\"elementor-column elementor-col-100 elementor-top-column elementor-element elementor-element-c1682f8\" data-id=\"c1682f8\" data-element_type=\"column\">\n\t\t\t<div class=\"elementor-widget-wrap elementor-element-populated\">\n\t\t\t\t\t\t<div class=\"elementor-element elementor-element-9517b74 elementor-widget elementor-widget-text-editor\" data-id=\"9517b74\" data-element_type=\"widget\" data-widget_type=\"text-editor.default\">\n\t\t\t\t<div class=\"elementor-widget-container\">\n\t\t\t\t\t\t\t\t\t<p><span style=\"font-weight: 400;\"><strong>Si algo define a Solito<\/strong> \u2014lime\u00f1o, abogado, casado (una santa esa buena mujer), padre de dos ni\u00f1os y amo (es un decir) de un perro\u2014, adem\u00e1s de ser hijo \u00fanico,<strong> es que odia la tecnolog\u00eda<\/strong>, en especial a <\/span><i><span style=\"font-weight: 400;\">ese maldito<\/span><\/i><span style=\"font-weight: 400;\">, que es como suele referirse al dispositivo que los dem\u00e1s llamamos \u00abcelular\u00bb. Y a \u00e9l justamente le ha llegado una notificaci\u00f3n de la Divisi\u00f3n de Investigaci\u00f3n de Delitos de Alta Tecnolog\u00eda por la presunta comisi\u00f3n de fraude inform\u00e1tico. \u00bfQui\u00e9n es la v\u00edctima? <strong>\u00bfY c\u00f3mo ha podido un in\u00fatil digital como Solito terminar involucrado en algo as\u00ed?<\/strong><\/span><\/p><p><span style=\"font-weight: 400;\">En <\/span><b><i>Solito o contra las costumbres<\/i><\/b><span style=\"font-weight: 400;\">, Julio Pastor Borda presenta <strong>una trama rocambolesca inspirada en el metaverso de chips, algoritmos y megabytes en que ha derivado la vida contempor\u00e1nea<\/strong>, pero tambi\u00e9n remite, a trav\u00e9s del humor corrosivo, mordaz de su protagonista, a los decimon\u00f3nicos art\u00edculos de costumbres, desde Ricardo Palma hasta Felipe Pardo y Aliaga. All\u00ed est\u00e1, como en ellos, la cr\u00edtica a las inveteradas costumbres nacionales, a ese zafarrancho idiosincr\u00e1tico que configura el singular perfil capitalino, sobre el cual nadie, de seguro, se atrever\u00eda a lanzar la primera piedra.<\/span><\/p>\t\t\t\t\t\t\t\t<\/div>\n\t\t\t\t<\/div>\n\t\t\t\t\t<\/div>\n\t\t<\/div>\n\t\t\t\t\t<\/div>\n\t\t<\/section>\n\t\t\t\t<section class=\"elementor-section elementor-top-section elementor-element elementor-element-e243897 elementor-section-boxed elementor-section-height-default elementor-section-height-default\" data-id=\"e243897\" data-element_type=\"section\" data-settings=\"{&quot;_ha_eqh_enable&quot;:false}\">\n\t\t\t\t\t\t<div class=\"elementor-container elementor-column-gap-default\">\n\t\t\t\t\t<div class=\"elementor-column elementor-col-100 elementor-top-column elementor-element elementor-element-7e35dc5\" data-id=\"7e35dc5\" data-element_type=\"column\">\n\t\t\t<div class=\"elementor-widget-wrap elementor-element-populated\">\n\t\t\t\t\t\t<div class=\"elementor-element elementor-element-e07fd13 elementor-widget elementor-widget-heading\" data-id=\"e07fd13\" data-element_type=\"widget\" data-widget_type=\"heading.default\">\n\t\t\t\t<div class=\"elementor-widget-container\">\n\t\t\t\t\t<h2 class=\"elementor-heading-title elementor-size-default\"><h2 id=\"solito\"><b>Sobre el autor<\/b><\/h2><\/h2>\t\t\t\t<\/div>\n\t\t\t\t<\/div>\n\t\t\t\t<section class=\"elementor-section elementor-inner-section elementor-element elementor-element-b536833 elementor-section-boxed elementor-section-height-default elementor-section-height-default\" data-id=\"b536833\" data-element_type=\"section\" data-settings=\"{&quot;_ha_eqh_enable&quot;:false}\">\n\t\t\t\t\t\t<div class=\"elementor-container elementor-column-gap-default\">\n\t\t\t\t\t<div class=\"elementor-column elementor-col-50 elementor-inner-column elementor-element elementor-element-f9bb531\" data-id=\"f9bb531\" data-element_type=\"column\">\n\t\t\t<div class=\"elementor-widget-wrap elementor-element-populated\">\n\t\t\t\t\t\t<div class=\"elementor-element elementor-element-ebd4147 elementor-widget elementor-widget-image\" data-id=\"ebd4147\" data-element_type=\"widget\" data-widget_type=\"image.default\">\n\t\t\t\t<div class=\"elementor-widget-container\">\n\t\t\t\t\t\t\t\t\t\t\t\t\t\t\t<img decoding=\"async\" src=\"https:\/\/clorindaeditorial.com\/wp-content\/uploads\/2023\/10\/JulioPastor-1-3.jpg\" title=\"JulioPastor 1-3\" alt=\"JulioPastor 1-3\" loading=\"lazy\" \/>\t\t\t\t\t\t\t\t\t\t\t\t\t\t\t<\/div>\n\t\t\t\t<\/div>\n\t\t\t\t\t<\/div>\n\t\t<\/div>\n\t\t\t\t<div class=\"elementor-column elementor-col-50 elementor-inner-column elementor-element elementor-element-ae9ee2c\" data-id=\"ae9ee2c\" data-element_type=\"column\">\n\t\t\t<div class=\"elementor-widget-wrap elementor-element-populated\">\n\t\t\t\t\t\t<div class=\"elementor-element elementor-element-fd768e7 elementor-widget__width-initial elementor-widget elementor-widget-text-editor\" data-id=\"fd768e7\" data-element_type=\"widget\" data-widget_type=\"text-editor.default\">\n\t\t\t\t<div class=\"elementor-widget-container\">\n\t\t\t\t\t\t\t\t\t<p><b>Julio Pastor Borda <\/b>(Lima, 1970).<span style=\"font-weight: 400;\"> Es abogado por la Universidad de Lima, mag\u00edster en Administraci\u00f3n de Empresas por INCAE y la Universidad Adolfo Ib\u00e1\u00f1ez, y ha realizado estudios de posgrado en Contrataciones y Mercados Financieros Internacionales en la Universidad de Castilla La Mancha. Es, adem\u00e1s, miembro de la Asociaci\u00f3n Iberoamericana de Derecho del Trabajo y la Seguridad Social Guillermo Cabanellas, y \u00e1rbitro del sector privado registrado en el Ministerio de Trabajo y Promoci\u00f3n del Empleo. Ha sido asesor legal del Ministerio de Econom\u00eda y Finanzas para la elaboraci\u00f3n de proyectos de normas legales en materia laboral, asesor de la Oficina de Normalizaci\u00f3n Previsional (ONP), \u00e1rbitro del Consejo Superior de Contrataciones y Adquisiciones del Estado (CONSUCODE), y miembro de la Comisi\u00f3n de Procedimientos Concursales de la Oficina Descentralizada del Indecopi en la Universidad de Lima. <\/span><i><span style=\"font-weight: 400;\">Solito o contra las costumbres<\/span><\/i><span style=\"font-weight: 400;\"> es su primera novela.<\/span><\/p>\t\t\t\t\t\t\t\t<\/div>\n\t\t\t\t<\/div>\n\t\t\t\t\t<\/div>\n\t\t<\/div>\n\t\t\t\t\t<\/div>\n\t\t<\/section>\n\t\t\t\t\t<\/div>\n\t\t<\/div>\n\t\t\t\t\t<\/div>\n\t\t<\/section>\n\t\t\t\t<section class=\"elementor-section elementor-top-section elementor-element elementor-element-231f887 elementor-section-boxed elementor-section-height-default elementor-section-height-default\" data-id=\"231f887\" data-element_type=\"section\" data-settings=\"{&quot;_ha_eqh_enable&quot;:false}\">\n\t\t\t\t\t\t<div class=\"elementor-container elementor-column-gap-default\">\n\t\t\t\t\t<div class=\"elementor-column elementor-col-100 elementor-top-column elementor-element elementor-element-c812107\" data-id=\"c812107\" data-element_type=\"column\">\n\t\t\t<div class=\"elementor-widget-wrap elementor-element-populated\">\n\t\t\t\t\t\t<div class=\"elementor-element elementor-element-e8e61a2 elementor-widget elementor-widget-heading\" data-id=\"e8e61a2\" data-element_type=\"widget\" data-widget_type=\"heading.default\">\n\t\t\t\t<div class=\"elementor-widget-container\">\n\t\t\t\t\t<h2 class=\"elementor-heading-title elementor-size-default\">Productos relacionados<\/h2>\t\t\t\t<\/div>\n\t\t\t\t<\/div>\n\t\t\t\t<section class=\"elementor-section elementor-inner-section elementor-element elementor-element-3d00523 elementor-section-boxed elementor-section-height-default elementor-section-height-default\" data-id=\"3d00523\" data-element_type=\"section\" data-settings=\"{&quot;_ha_eqh_enable&quot;:false}\">\n\t\t\t\t\t\t<div class=\"elementor-container elementor-column-gap-default\">\n\t\t\t\t\t<div class=\"elementor-column elementor-col-33 elementor-inner-column elementor-element elementor-element-24f0958\" data-id=\"24f0958\" data-element_type=\"column\">\n\t\t\t<div class=\"elementor-widget-wrap elementor-element-populated\">\n\t\t\t\t\t\t<div class=\"elementor-element elementor-element-b2cb5a9 elementor-position-top elementor-widget elementor-widget-image-box\" data-id=\"b2cb5a9\" data-element_type=\"widget\" data-widget_type=\"image-box.default\">\n\t\t\t\t<div class=\"elementor-widget-container\">\n\t\t\t\t\t<div class=\"elementor-image-box-wrapper\"><figure class=\"elementor-image-box-img\"><img fetchpriority=\"high\" decoding=\"async\" width=\"225\" height=\"300\" src=\"https:\/\/clorindaeditorial.com\/wp-content\/uploads\/2023\/08\/image00002-1-225x300.jpeg\" class=\"attachment-medium size-medium wp-image-5640\" alt=\"\" srcset=\"https:\/\/clorindaeditorial.com\/wp-content\/uploads\/2023\/08\/image00002-1-225x300.jpeg 225w, https:\/\/clorindaeditorial.com\/wp-content\/uploads\/2023\/08\/image00002-1-250x333.jpeg 250w, https:\/\/clorindaeditorial.com\/wp-content\/uploads\/2023\/08\/image00002-1.jpeg 756w\" sizes=\"(max-width: 225px) 100vw, 225px\" \/><\/figure><div class=\"elementor-image-box-content\"><h3 class=\"elementor-image-box-title\">Pueblo grande<\/h3><\/div><\/div>\t\t\t\t<\/div>\n\t\t\t\t<\/div>\n\t\t\t\t<div class=\"elementor-element elementor-element-24e1644 elementor-widget elementor-widget-button\" data-id=\"24e1644\" data-element_type=\"widget\" data-widget_type=\"button.default\">\n\t\t\t\t<div class=\"elementor-widget-container\">\n\t\t\t\t\t\t\t\t\t<div class=\"elementor-button-wrapper\">\n\t\t\t\t\t<a class=\"elementor-button elementor-button-link elementor-size-sm\" href=\"https:\/\/clorindaeditorial.com\/index.php\/pueblo-grande\/\">\n\t\t\t\t\t\t<span class=\"elementor-button-content-wrapper\">\n\t\t\t\t\t\t\t\t\t<span class=\"elementor-button-text\">Ver<\/span>\n\t\t\t\t\t<\/span>\n\t\t\t\t\t<\/a>\n\t\t\t\t<\/div>\n\t\t\t\t\t\t\t\t<\/div>\n\t\t\t\t<\/div>\n\t\t\t\t\t<\/div>\n\t\t<\/div>\n\t\t\t\t<div class=\"elementor-column elementor-col-33 elementor-inner-column elementor-element elementor-element-0671453\" data-id=\"0671453\" data-element_type=\"column\">\n\t\t\t<div class=\"elementor-widget-wrap elementor-element-populated\">\n\t\t\t\t\t\t<div class=\"elementor-element elementor-element-f56c486 elementor-position-top elementor-widget elementor-widget-image-box\" data-id=\"f56c486\" data-element_type=\"widget\" data-widget_type=\"image-box.default\">\n\t\t\t\t<div class=\"elementor-widget-container\">\n\t\t\t\t\t<div class=\"elementor-image-box-wrapper\"><figure class=\"elementor-image-box-img\"><img decoding=\"async\" width=\"225\" height=\"300\" src=\"https:\/\/clorindaeditorial.com\/wp-content\/uploads\/2023\/08\/image00003-1-225x300.jpeg\" class=\"attachment-medium size-medium wp-image-5641\" alt=\"\" srcset=\"https:\/\/clorindaeditorial.com\/wp-content\/uploads\/2023\/08\/image00003-1-225x300.jpeg 225w, https:\/\/clorindaeditorial.com\/wp-content\/uploads\/2023\/08\/image00003-1-250x333.jpeg 250w, https:\/\/clorindaeditorial.com\/wp-content\/uploads\/2023\/08\/image00003-1.jpeg 756w\" sizes=\"(max-width: 225px) 100vw, 225px\" \/><\/figure><div class=\"elementor-image-box-content\"><h3 class=\"elementor-image-box-title\">Lunes otra vez<\/h3><\/div><\/div>\t\t\t\t<\/div>\n\t\t\t\t<\/div>\n\t\t\t\t<div class=\"elementor-element elementor-element-5a23c85 elementor-widget elementor-widget-button\" data-id=\"5a23c85\" data-element_type=\"widget\" data-widget_type=\"button.default\">\n\t\t\t\t<div class=\"elementor-widget-container\">\n\t\t\t\t\t\t\t\t\t<div class=\"elementor-button-wrapper\">\n\t\t\t\t\t<a class=\"elementor-button elementor-button-link elementor-size-sm\" href=\"https:\/\/clorindaeditorial.com\/index.php\/lunes-otra-vez\/\">\n\t\t\t\t\t\t<span class=\"elementor-button-content-wrapper\">\n\t\t\t\t\t\t\t\t\t<span class=\"elementor-button-text\">Ver<\/span>\n\t\t\t\t\t<\/span>\n\t\t\t\t\t<\/a>\n\t\t\t\t<\/div>\n\t\t\t\t\t\t\t\t<\/div>\n\t\t\t\t<\/div>\n\t\t\t\t\t<\/div>\n\t\t<\/div>\n\t\t\t\t<div class=\"elementor-column elementor-col-33 elementor-inner-column elementor-element elementor-element-e78b547\" data-id=\"e78b547\" data-element_type=\"column\">\n\t\t\t<div class=\"elementor-widget-wrap elementor-element-populated\">\n\t\t\t\t\t\t<div class=\"elementor-element elementor-element-5e5e2bb elementor-position-top elementor-widget elementor-widget-image-box\" data-id=\"5e5e2bb\" data-element_type=\"widget\" data-widget_type=\"image-box.default\">\n\t\t\t\t<div class=\"elementor-widget-container\">\n\t\t\t\t\t<div class=\"elementor-image-box-wrapper\"><figure class=\"elementor-image-box-img\"><img decoding=\"async\" width=\"225\" height=\"300\" src=\"https:\/\/clorindaeditorial.com\/wp-content\/uploads\/2024\/02\/SB-para-web-225x300.jpeg\" class=\"attachment-medium size-medium wp-image-5977\" alt=\"\" srcset=\"https:\/\/clorindaeditorial.com\/wp-content\/uploads\/2024\/02\/SB-para-web-225x300.jpeg 225w, https:\/\/clorindaeditorial.com\/wp-content\/uploads\/2024\/02\/SB-para-web-768x1024.jpeg 768w, https:\/\/clorindaeditorial.com\/wp-content\/uploads\/2024\/02\/SB-para-web-1152x1536.jpeg 1152w, https:\/\/clorindaeditorial.com\/wp-content\/uploads\/2024\/02\/SB-para-web-1536x2048.jpeg 1536w, https:\/\/clorindaeditorial.com\/wp-content\/uploads\/2024\/02\/SB-para-web-scaled.jpeg 1920w\" sizes=\"(max-width: 225px) 100vw, 225px\" \/><\/figure><div class=\"elementor-image-box-content\"><h3 class=\"elementor-image-box-title\">Sepulcros blanqueados<\/h3><\/div><\/div>\t\t\t\t<\/div>\n\t\t\t\t<\/div>\n\t\t\t\t<div class=\"elementor-element elementor-element-598d3b2 elementor-widget elementor-widget-button\" data-id=\"598d3b2\" data-element_type=\"widget\" data-widget_type=\"button.default\">\n\t\t\t\t<div class=\"elementor-widget-container\">\n\t\t\t\t\t\t\t\t\t<div class=\"elementor-button-wrapper\">\n\t\t\t\t\t<a class=\"elementor-button elementor-button-link elementor-size-sm\" href=\"https:\/\/clorindaeditorial.com\/index.php\/sepulcros-blanqueados\/\">\n\t\t\t\t\t\t<span class=\"elementor-button-content-wrapper\">\n\t\t\t\t\t\t\t\t\t<span class=\"elementor-button-text\">Ver<\/span>\n\t\t\t\t\t<\/span>\n\t\t\t\t\t<\/a>\n\t\t\t\t<\/div>\n\t\t\t\t\t\t\t\t<\/div>\n\t\t\t\t<\/div>\n\t\t\t\t\t<\/div>\n\t\t<\/div>\n\t\t\t\t\t<\/div>\n\t\t<\/section>\n\t\t\t\t\t<\/div>\n\t\t<\/div>\n\t\t\t\t\t<\/div>\n\t\t<\/section>\n\t\t\t\t<\/div>\n\t\t","protected":false},"excerpt":{"rendered":"<p>Solito o contra las costumbres S\/ 59.00 Comprar N\u00b0 de p\u00e1ginas: 144 Dimensiones: 14 x 22 cm Tapa blanda con solapas Acabado: mate, cosido y encolado Fecha de edici\u00f3n: septiembre, 2023 Fecha de lanzamiento: 25\/10\/2023 ISBN: 978-612-49246-2-0 ISBN Ebook: 978-612-49246-5-1 e-book Sinopsis Si algo define a Solito \u2014lime\u00f1o, abogado, casado (una santa esa buena mujer), &hellip;<\/p>\n<p class=\"read-more\"> <a class=\"\" href=\"https:\/\/clorindaeditorial.com\/index.php\/solito-o-contra-las-costumbres\/\"> <span class=\"screen-reader-text\">Solito o contra las costumbres<\/span> Read More &raquo;<\/a><\/p>\n","protected":false},"author":2,"featured_media":0,"parent":0,"menu_order":0,"comment_status":"closed","ping_status":"closed","template":"","meta":{"site-sidebar-layout":"no-sidebar","site-content-layout":"page-builder","ast-global-header-display":"","ast-banner-title-visibility":"","ast-main-header-display":"","ast-hfb-above-header-display":"","ast-hfb-below-header-display":"","ast-hfb-mobile-header-display":"","site-post-title":"disabled","ast-breadcrumbs-content":"","ast-featured-img":"disabled","footer-sml-layout":"","theme-transparent-header-meta":"","adv-header-id-meta":"","stick-header-meta":"","header-above-stick-meta":"","header-main-stick-meta":"","header-below-stick-meta":"","footnotes":""},"class_list":["post-5824","page","type-page","status-publish","hentry"],"_links":{"self":[{"href":"https:\/\/clorindaeditorial.com\/index.php\/wp-json\/wp\/v2\/pages\/5824","targetHints":{"allow":["GET"]}}],"collection":[{"href":"https:\/\/clorindaeditorial.com\/index.php\/wp-json\/wp\/v2\/pages"}],"about":[{"href":"https:\/\/clorindaeditorial.com\/index.php\/wp-json\/wp\/v2\/types\/page"}],"author":[{"embeddable":true,"href":"https:\/\/clorindaeditorial.com\/index.php\/wp-json\/wp\/v2\/users\/2"}],"replies":[{"embeddable":true,"href":"https:\/\/clorindaeditorial.com\/index.php\/wp-json\/wp\/v2\/comments?post=5824"}],"version-history":[{"count":22,"href":"https:\/\/clorindaeditorial.com\/index.php\/wp-json\/wp\/v2\/pages\/5824\/revisions"}],"predecessor-version":[{"id":6253,"href":"https:\/\/clorindaeditorial.com\/index.php\/wp-json\/wp\/v2\/pages\/5824\/revisions\/6253"}],"wp:attachment":[{"href":"https:\/\/clorindaeditorial.com\/index.php\/wp-json\/wp\/v2\/media?parent=5824"}],"curies":[{"name":"wp","href":"https:\/\/api.w.org\/{rel}","templated":true}]}}