{"id":5612,"date":"2023-08-16T22:22:18","date_gmt":"2023-08-16T22:22:18","guid":{"rendered":"https:\/\/clorindaeditorial.com\/?page_id=5612"},"modified":"2025-05-07T15:13:40","modified_gmt":"2025-05-07T15:13:40","slug":"pueblo-grande","status":"publish","type":"page","link":"https:\/\/clorindaeditorial.com\/index.php\/pueblo-grande\/","title":{"rendered":"Pueblo Grande"},"content":{"rendered":"\t\t<div data-elementor-type=\"wp-page\" data-elementor-id=\"5612\" class=\"elementor elementor-5612\" data-elementor-settings=\"{&quot;ha_cmc_init_switcher&quot;:&quot;no&quot;}\" data-elementor-post-type=\"page\">\n\t\t\t\t\t\t<section class=\"elementor-section elementor-top-section elementor-element elementor-element-54d6957 elementor-section-boxed elementor-section-height-default elementor-section-height-default\" data-id=\"54d6957\" data-element_type=\"section\" data-settings=\"{&quot;_ha_eqh_enable&quot;:false}\">\n\t\t\t\t\t\t<div class=\"elementor-container elementor-column-gap-default\">\n\t\t\t\t\t<div class=\"elementor-column elementor-col-50 elementor-top-column elementor-element elementor-element-4973fb7\" data-id=\"4973fb7\" data-element_type=\"column\">\n\t\t\t<div class=\"elementor-widget-wrap elementor-element-populated\">\n\t\t\t\t\t\t<div class=\"elementor-element elementor-element-7f28106 elementor-widget elementor-widget-image\" data-id=\"7f28106\" data-element_type=\"widget\" data-widget_type=\"image.default\">\n\t\t\t\t<div class=\"elementor-widget-container\">\n\t\t\t\t\t\t\t\t\t\t\t\t\t\t\t<img decoding=\"async\" src=\"https:\/\/clorindaeditorial.com\/wp-content\/uploads\/2023\/08\/image00002-1.jpeg\" title=\"image00002\" alt=\"image00002\" loading=\"lazy\" \/>\t\t\t\t\t\t\t\t\t\t\t\t\t\t\t<\/div>\n\t\t\t\t<\/div>\n\t\t\t\t\t<\/div>\n\t\t<\/div>\n\t\t\t\t<div class=\"elementor-column elementor-col-50 elementor-top-column elementor-element elementor-element-599a8ca\" data-id=\"599a8ca\" data-element_type=\"column\">\n\t\t\t<div class=\"elementor-widget-wrap elementor-element-populated\">\n\t\t\t\t\t\t<div class=\"elementor-element elementor-element-a86242a elementor-widget elementor-widget-heading\" data-id=\"a86242a\" data-element_type=\"widget\" data-widget_type=\"heading.default\">\n\t\t\t\t<div class=\"elementor-widget-container\">\n\t\t\t\t\t<h2 class=\"elementor-heading-title elementor-size-default\">Pueblo grande<\/h2>\t\t\t\t<\/div>\n\t\t\t\t<\/div>\n\t\t\t\t<section class=\"elementor-section elementor-inner-section elementor-element elementor-element-b763111 elementor-section-boxed elementor-section-height-default elementor-section-height-default\" data-id=\"b763111\" data-element_type=\"section\" data-settings=\"{&quot;_ha_eqh_enable&quot;:false}\">\n\t\t\t\t\t\t<div class=\"elementor-container elementor-column-gap-default\">\n\t\t\t\t\t<div class=\"elementor-column elementor-col-50 elementor-inner-column elementor-element elementor-element-77f72b5\" data-id=\"77f72b5\" data-element_type=\"column\">\n\t\t\t<div class=\"elementor-widget-wrap elementor-element-populated\">\n\t\t\t\t\t\t<div class=\"elementor-element elementor-element-d4ad399 elementor-widget__width-initial elementor-widget elementor-widget-heading\" data-id=\"d4ad399\" data-element_type=\"widget\" data-widget_type=\"heading.default\">\n\t\t\t\t<div class=\"elementor-widget-container\">\n\t\t\t\t\t<h3 class=\"elementor-heading-title elementor-size-default\">S\/ 69.00<\/h3>\t\t\t\t<\/div>\n\t\t\t\t<\/div>\n\t\t\t\t\t<\/div>\n\t\t<\/div>\n\t\t\t\t<div class=\"elementor-column elementor-col-50 elementor-inner-column elementor-element elementor-element-b5647cd\" data-id=\"b5647cd\" data-element_type=\"column\">\n\t\t\t<div class=\"elementor-widget-wrap elementor-element-populated\">\n\t\t\t\t\t\t<div class=\"elementor-element elementor-element-a3513c3 elementor-widget elementor-widget-button\" data-id=\"a3513c3\" data-element_type=\"widget\" data-widget_type=\"button.default\">\n\t\t\t\t<div class=\"elementor-widget-container\">\n\t\t\t\t\t\t\t\t\t<div class=\"elementor-button-wrapper\">\n\t\t\t\t\t<a class=\"elementor-button elementor-button-link elementor-size-sm\" href=\"https:\/\/api.whatsapp.com\/send\/?phone=%2B51940525022&#038;text=Hola,+estoy+interesado+en+comprar+este+libro+....&#038;type=phone_number&#038;app_absent=0\">\n\t\t\t\t\t\t<span class=\"elementor-button-content-wrapper\">\n\t\t\t\t\t\t\t\t\t<span class=\"elementor-button-text\">Comprar<\/span>\n\t\t\t\t\t<\/span>\n\t\t\t\t\t<\/a>\n\t\t\t\t<\/div>\n\t\t\t\t\t\t\t\t<\/div>\n\t\t\t\t<\/div>\n\t\t\t\t\t<\/div>\n\t\t<\/div>\n\t\t\t\t\t<\/div>\n\t\t<\/section>\n\t\t\t\t<div class=\"elementor-element elementor-element-6afea18 elementor-widget__width-initial elementor-widget elementor-widget-text-editor\" data-id=\"6afea18\" data-element_type=\"widget\" data-widget_type=\"text-editor.default\">\n\t\t\t\t<div class=\"elementor-widget-container\">\n\t\t\t\t\t\t\t\t\t<p>N\u00b0 de p\u00e1ginas: 352<\/p><p>Dimensiones: 14 x 22 cm<\/p><p>Tapa blanda con solapas<\/p><p>Acabado: mate, cosido y encolado<\/p><p>Fecha de edici\u00f3n: marzo, 2023<\/p><p>Fecha de lanzamiento: 21\/06\/2023<\/p><p>ISBN: 978-612-49246-1-3<\/p><p><span style=\"font-weight: 400;\">ISBN Ebook: 978-612-49246-4-4<\/span><\/p>\t\t\t\t\t\t\t\t<\/div>\n\t\t\t\t<\/div>\n\t\t\t\t<div class=\"elementor-element elementor-element-0d884ec elementor-widget elementor-widget-button\" data-id=\"0d884ec\" data-element_type=\"widget\" data-widget_type=\"button.default\">\n\t\t\t\t<div class=\"elementor-widget-container\">\n\t\t\t\t\t\t\t\t\t<div class=\"elementor-button-wrapper\">\n\t\t\t\t\t<a class=\"elementor-button elementor-button-link elementor-size-sm\" href=\"https:\/\/clorindaeditorial.com\/index.php\/productos-digitales\/\">\n\t\t\t\t\t\t<span class=\"elementor-button-content-wrapper\">\n\t\t\t\t\t\t\t\t\t<span class=\"elementor-button-text\">e-book<\/span>\n\t\t\t\t\t<\/span>\n\t\t\t\t\t<\/a>\n\t\t\t\t<\/div>\n\t\t\t\t\t\t\t\t<\/div>\n\t\t\t\t<\/div>\n\t\t\t\t\t<\/div>\n\t\t<\/div>\n\t\t\t\t\t<\/div>\n\t\t<\/section>\n\t\t\t\t<section class=\"elementor-section elementor-top-section elementor-element elementor-element-e15d0a5 elementor-section-boxed elementor-section-height-default elementor-section-height-default\" data-id=\"e15d0a5\" data-element_type=\"section\" data-settings=\"{&quot;_ha_eqh_enable&quot;:false}\">\n\t\t\t\t\t\t<div class=\"elementor-container elementor-column-gap-default\">\n\t\t\t\t\t<div class=\"elementor-column elementor-col-100 elementor-top-column elementor-element elementor-element-ead4a5e\" data-id=\"ead4a5e\" data-element_type=\"column\">\n\t\t\t<div class=\"elementor-widget-wrap elementor-element-populated\">\n\t\t\t\t\t\t<div class=\"elementor-element elementor-element-d3e2616 elementor-widget elementor-widget-heading\" data-id=\"d3e2616\" data-element_type=\"widget\" data-widget_type=\"heading.default\">\n\t\t\t\t<div class=\"elementor-widget-container\">\n\t\t\t\t\t<h3 class=\"elementor-heading-title elementor-size-default\">Sinopsis<\/h3>\t\t\t\t<\/div>\n\t\t\t\t<\/div>\n\t\t\t\t\t<\/div>\n\t\t<\/div>\n\t\t\t\t\t<\/div>\n\t\t<\/section>\n\t\t\t\t<section class=\"elementor-section elementor-top-section elementor-element elementor-element-5d36e4f elementor-section-boxed elementor-section-height-default elementor-section-height-default\" data-id=\"5d36e4f\" data-element_type=\"section\" data-settings=\"{&quot;_ha_eqh_enable&quot;:false}\">\n\t\t\t\t\t\t<div class=\"elementor-container elementor-column-gap-default\">\n\t\t\t\t\t<div class=\"elementor-column elementor-col-100 elementor-top-column elementor-element elementor-element-8f70adc\" data-id=\"8f70adc\" data-element_type=\"column\">\n\t\t\t<div class=\"elementor-widget-wrap elementor-element-populated\">\n\t\t\t\t\t\t<div class=\"elementor-element elementor-element-de4717b elementor-widget elementor-widget-text-editor\" data-id=\"de4717b\" data-element_type=\"widget\" data-widget_type=\"text-editor.default\">\n\t\t\t\t<div class=\"elementor-widget-container\">\n\t\t\t\t\t\t\t\t\t<p><span style=\"font-weight: 400;\">Si en \u00abpueblo chico, infierno grande\u00bb, <\/span><b>esta novela presenta un caleidoscopio de peque\u00f1os infiernos<\/b><span style=\"font-weight: 400;\">. Es Lima y corren los a\u00f1os noventa y principios de los dosmiles, y entre buses destartalados y camionetas de lujo, se\u00f1ales de una modernizaci\u00f3n inconclusa y sectorizada, <\/span><b>un mosaico de personajes se debate entre las buenas costumbres y las transgresiones habituales,<\/b> <b>entre las antiguas y las novedosas formas de corrupci\u00f3n<\/b><span style=\"font-weight: 400;\">.<\/span><\/p><p><span style=\"font-weight: 400;\">Aqu\u00ed, un funcionario de un banco descubre que su amante est\u00e1 embarazada; un m\u00e9dico de un hospital p\u00fablico alimenta su negocio privado desviando pacientes; un coronel de la polic\u00eda teje un entramado financiero para beneficiarse de los fondos de su instituci\u00f3n. Y alrededor de ellos, <\/span><b>otros personajes se rebelan contra esas turbias reglas de juego, intentando componer algo mejor<\/b><span style=\"font-weight: 400;\">.<\/span><\/p><p><b>Construida a partir de di\u00e1logos que se superponen y se concatenan, con historias que se entrecruzan de maneras imprevistas<\/b><span style=\"font-weight: 400;\">, y con una estructura que juega con el despeje de variables en ecuaciones algebraicas, <\/span><b><i>Pueblo grande<\/i><\/b><b> de Augusto Rodr\u00edguez es una novela retablo<\/b><span style=\"font-weight: 400;\">, un relato de escenarios privados que se reflejan en la convivencia colectiva, que enra\u00edza con la tradici\u00f3n narrativa de, por ejemplo, <\/span><i><span style=\"font-weight: 400;\">Manhattan Transfer<\/span><\/i><span style=\"font-weight: 400;\"> de John Doss Passos. Ofrece, al fin, una representaci\u00f3n de los conflictos todav\u00eda vigentes de una ciudad, de un pa\u00eds, que pretende asomarse a la aldea global sin renunciar a los defectos que lo lastran y que, a fin de cuentas, para bien y para mal, le dan identidad.<\/span><\/p>\t\t\t\t\t\t\t\t<\/div>\n\t\t\t\t<\/div>\n\t\t\t\t\t<\/div>\n\t\t<\/div>\n\t\t\t\t\t<\/div>\n\t\t<\/section>\n\t\t\t\t<section class=\"elementor-section elementor-top-section elementor-element elementor-element-46a3532 elementor-section-boxed elementor-section-height-default elementor-section-height-default\" data-id=\"46a3532\" data-element_type=\"section\" data-settings=\"{&quot;_ha_eqh_enable&quot;:false}\">\n\t\t\t\t\t\t<div class=\"elementor-container elementor-column-gap-default\">\n\t\t\t\t\t<div class=\"elementor-column elementor-col-100 elementor-top-column elementor-element elementor-element-c92e059\" data-id=\"c92e059\" data-element_type=\"column\">\n\t\t\t<div class=\"elementor-widget-wrap elementor-element-populated\">\n\t\t\t\t\t\t<div class=\"elementor-element elementor-element-16c413b elementor-widget elementor-widget-heading\" data-id=\"16c413b\" data-element_type=\"widget\" data-widget_type=\"heading.default\">\n\t\t\t\t<div class=\"elementor-widget-container\">\n\t\t\t\t\t<h2 class=\"elementor-heading-title elementor-size-default\"><h2 id=\"pueblo-grande\"><b>Sobre el autor<\/b><\/h2><\/h2>\t\t\t\t<\/div>\n\t\t\t\t<\/div>\n\t\t\t\t<section class=\"elementor-section elementor-inner-section elementor-element elementor-element-c257613 elementor-section-boxed elementor-section-height-default elementor-section-height-default\" data-id=\"c257613\" data-element_type=\"section\" data-settings=\"{&quot;_ha_eqh_enable&quot;:false}\">\n\t\t\t\t\t\t<div class=\"elementor-container elementor-column-gap-default\">\n\t\t\t\t\t<div class=\"elementor-column elementor-col-50 elementor-inner-column elementor-element elementor-element-ca9c231\" data-id=\"ca9c231\" data-element_type=\"column\">\n\t\t\t<div class=\"elementor-widget-wrap elementor-element-populated\">\n\t\t\t\t\t\t<div class=\"elementor-element elementor-element-deb61f9 elementor-widget elementor-widget-image\" data-id=\"deb61f9\" data-element_type=\"widget\" data-widget_type=\"image.default\">\n\t\t\t\t<div class=\"elementor-widget-container\">\n\t\t\t\t\t\t\t\t\t\t\t\t\t\t\t<img fetchpriority=\"high\" decoding=\"async\" width=\"300\" height=\"300\" src=\"https:\/\/clorindaeditorial.com\/wp-content\/uploads\/2023\/07\/bf6a11fa-512d-495d-8767-aeb345a22891-300x300.jpg\" class=\"attachment-medium size-medium wp-image-5525\" alt=\"\" srcset=\"https:\/\/clorindaeditorial.com\/wp-content\/uploads\/2023\/07\/bf6a11fa-512d-495d-8767-aeb345a22891-300x300.jpg 300w, https:\/\/clorindaeditorial.com\/wp-content\/uploads\/2023\/07\/bf6a11fa-512d-495d-8767-aeb345a22891-100x100.jpg 100w, https:\/\/clorindaeditorial.com\/wp-content\/uploads\/2023\/07\/bf6a11fa-512d-495d-8767-aeb345a22891-250x250.jpg 250w, https:\/\/clorindaeditorial.com\/wp-content\/uploads\/2023\/07\/bf6a11fa-512d-495d-8767-aeb345a22891-1024x1024.jpg 1024w, https:\/\/clorindaeditorial.com\/wp-content\/uploads\/2023\/07\/bf6a11fa-512d-495d-8767-aeb345a22891-150x150.jpg 150w, https:\/\/clorindaeditorial.com\/wp-content\/uploads\/2023\/07\/bf6a11fa-512d-495d-8767-aeb345a22891-768x768.jpg 768w, https:\/\/clorindaeditorial.com\/wp-content\/uploads\/2023\/07\/bf6a11fa-512d-495d-8767-aeb345a22891-1536x1536.jpg 1536w, https:\/\/clorindaeditorial.com\/wp-content\/uploads\/2023\/07\/elementor\/thumbs\/bf6a11fa-512d-495d-8767-aeb345a22891-q9m9ffri5e144e8igbjg704csm288wtoj0sfe473bc.jpg 500w, https:\/\/clorindaeditorial.com\/wp-content\/uploads\/2023\/07\/bf6a11fa-512d-495d-8767-aeb345a22891.jpg 1596w\" sizes=\"(max-width: 300px) 100vw, 300px\" \/>\t\t\t\t\t\t\t\t\t\t\t\t\t\t\t<\/div>\n\t\t\t\t<\/div>\n\t\t\t\t\t<\/div>\n\t\t<\/div>\n\t\t\t\t<div class=\"elementor-column elementor-col-50 elementor-inner-column elementor-element elementor-element-3c43fbc\" data-id=\"3c43fbc\" data-element_type=\"column\">\n\t\t\t<div class=\"elementor-widget-wrap elementor-element-populated\">\n\t\t\t\t\t\t<div class=\"elementor-element elementor-element-145f0d0 elementor-widget elementor-widget-text-editor\" data-id=\"145f0d0\" data-element_type=\"widget\" data-widget_type=\"text-editor.default\">\n\t\t\t\t<div class=\"elementor-widget-container\">\n\t\t\t\t\t\t\t\t\t<strong id=\"pueblo-grande\">Augusto Rodr\u00edguez Alcocer<\/strong> (Lima, 1977). Es licenciado en Econom\u00eda por la Pontificia Universidad Cat\u00f3lica del Per\u00fa, mag\u00edster en Estad\u00edstica por la misma universidad y est\u00e1 certificado como Chartered Financial Analyst\u00ae por el CFA Institute. Ha ejercido la docencia en varias universidades y publicado diversos documentos de investigaci\u00f3n. Se ha especializado en mercados de capitales, tanto en el sector p\u00fablico como en el privado. Ha publicado <em>Los caminos largos<\/em> (2021), y <em>Pueblo grande<\/em> es su segunda novela.\t\t\t\t\t\t\t\t<\/div>\n\t\t\t\t<\/div>\n\t\t\t\t\t<\/div>\n\t\t<\/div>\n\t\t\t\t\t<\/div>\n\t\t<\/section>\n\t\t\t\t\t<\/div>\n\t\t<\/div>\n\t\t\t\t\t<\/div>\n\t\t<\/section>\n\t\t\t\t<section class=\"elementor-section elementor-top-section elementor-element elementor-element-1fef151 elementor-section-boxed elementor-section-height-default elementor-section-height-default\" data-id=\"1fef151\" data-element_type=\"section\" data-settings=\"{&quot;_ha_eqh_enable&quot;:false}\">\n\t\t\t\t\t\t<div class=\"elementor-container elementor-column-gap-default\">\n\t\t\t\t\t<div class=\"elementor-column elementor-col-100 elementor-top-column elementor-element elementor-element-f6f803d\" data-id=\"f6f803d\" data-element_type=\"column\">\n\t\t\t<div class=\"elementor-widget-wrap\">\n\t\t\t\t\t\t\t<\/div>\n\t\t<\/div>\n\t\t\t\t\t<\/div>\n\t\t<\/section>\n\t\t\t\t<section class=\"elementor-section elementor-top-section elementor-element elementor-element-89c9006 elementor-section-boxed elementor-section-height-default elementor-section-height-default\" data-id=\"89c9006\" data-element_type=\"section\" data-settings=\"{&quot;_ha_eqh_enable&quot;:false}\">\n\t\t\t\t\t\t<div class=\"elementor-container elementor-column-gap-default\">\n\t\t\t\t\t<div class=\"elementor-column elementor-col-100 elementor-top-column elementor-element elementor-element-648a56c\" data-id=\"648a56c\" data-element_type=\"column\">\n\t\t\t<div class=\"elementor-widget-wrap elementor-element-populated\">\n\t\t\t\t\t\t<div class=\"elementor-element elementor-element-2b867c8 elementor-widget elementor-widget-heading\" data-id=\"2b867c8\" data-element_type=\"widget\" data-widget_type=\"heading.default\">\n\t\t\t\t<div class=\"elementor-widget-container\">\n\t\t\t\t\t<h2 class=\"elementor-heading-title elementor-size-default\">Productos relacionados<\/h2>\t\t\t\t<\/div>\n\t\t\t\t<\/div>\n\t\t\t\t<section class=\"elementor-section elementor-inner-section elementor-element elementor-element-3e8f906 elementor-section-boxed elementor-section-height-default elementor-section-height-default\" data-id=\"3e8f906\" data-element_type=\"section\" data-settings=\"{&quot;_ha_eqh_enable&quot;:false}\">\n\t\t\t\t\t\t<div class=\"elementor-container elementor-column-gap-default\">\n\t\t\t\t\t<div class=\"elementor-column elementor-col-33 elementor-inner-column elementor-element elementor-element-d1bdc6b\" data-id=\"d1bdc6b\" data-element_type=\"column\">\n\t\t\t<div class=\"elementor-widget-wrap elementor-element-populated\">\n\t\t\t\t\t\t<div class=\"elementor-element elementor-element-ff3d2bc elementor-position-top elementor-widget elementor-widget-image-box\" data-id=\"ff3d2bc\" data-element_type=\"widget\" data-widget_type=\"image-box.default\">\n\t\t\t\t<div class=\"elementor-widget-container\">\n\t\t\t\t\t<div class=\"elementor-image-box-wrapper\"><figure class=\"elementor-image-box-img\"><img decoding=\"async\" width=\"225\" height=\"300\" src=\"https:\/\/clorindaeditorial.com\/wp-content\/uploads\/2023\/08\/image00003-1-225x300.jpeg\" class=\"attachment-medium size-medium wp-image-5641\" alt=\"\" srcset=\"https:\/\/clorindaeditorial.com\/wp-content\/uploads\/2023\/08\/image00003-1-225x300.jpeg 225w, https:\/\/clorindaeditorial.com\/wp-content\/uploads\/2023\/08\/image00003-1-250x333.jpeg 250w, https:\/\/clorindaeditorial.com\/wp-content\/uploads\/2023\/08\/image00003-1.jpeg 756w\" sizes=\"(max-width: 225px) 100vw, 225px\" \/><\/figure><div class=\"elementor-image-box-content\"><h3 class=\"elementor-image-box-title\">Lunes otra vez<\/h3><\/div><\/div>\t\t\t\t<\/div>\n\t\t\t\t<\/div>\n\t\t\t\t<div class=\"elementor-element elementor-element-42baeb1 elementor-widget elementor-widget-button\" data-id=\"42baeb1\" data-element_type=\"widget\" data-widget_type=\"button.default\">\n\t\t\t\t<div class=\"elementor-widget-container\">\n\t\t\t\t\t\t\t\t\t<div class=\"elementor-button-wrapper\">\n\t\t\t\t\t<a class=\"elementor-button elementor-button-link elementor-size-sm\" href=\"https:\/\/clorindaeditorial.com\/index.php\/lunes-otra-vez\/\">\n\t\t\t\t\t\t<span class=\"elementor-button-content-wrapper\">\n\t\t\t\t\t\t\t\t\t<span class=\"elementor-button-text\">Ver<\/span>\n\t\t\t\t\t<\/span>\n\t\t\t\t\t<\/a>\n\t\t\t\t<\/div>\n\t\t\t\t\t\t\t\t<\/div>\n\t\t\t\t<\/div>\n\t\t\t\t\t<\/div>\n\t\t<\/div>\n\t\t\t\t<div class=\"elementor-column elementor-col-33 elementor-inner-column elementor-element elementor-element-14fc9a9\" data-id=\"14fc9a9\" data-element_type=\"column\">\n\t\t\t<div class=\"elementor-widget-wrap elementor-element-populated\">\n\t\t\t\t\t\t<div class=\"elementor-element elementor-element-57a44b2 elementor-position-top elementor-widget elementor-widget-image-box\" data-id=\"57a44b2\" data-element_type=\"widget\" data-widget_type=\"image-box.default\">\n\t\t\t\t<div class=\"elementor-widget-container\">\n\t\t\t\t\t<div class=\"elementor-image-box-wrapper\"><figure class=\"elementor-image-box-img\"><img decoding=\"async\" width=\"225\" height=\"300\" src=\"https:\/\/clorindaeditorial.com\/wp-content\/uploads\/2024\/02\/SB-para-web-225x300.jpeg\" class=\"attachment-medium size-medium wp-image-5977\" alt=\"\" srcset=\"https:\/\/clorindaeditorial.com\/wp-content\/uploads\/2024\/02\/SB-para-web-225x300.jpeg 225w, https:\/\/clorindaeditorial.com\/wp-content\/uploads\/2024\/02\/SB-para-web-768x1024.jpeg 768w, https:\/\/clorindaeditorial.com\/wp-content\/uploads\/2024\/02\/SB-para-web-1152x1536.jpeg 1152w, https:\/\/clorindaeditorial.com\/wp-content\/uploads\/2024\/02\/SB-para-web-1536x2048.jpeg 1536w, https:\/\/clorindaeditorial.com\/wp-content\/uploads\/2024\/02\/SB-para-web-scaled.jpeg 1920w\" sizes=\"(max-width: 225px) 100vw, 225px\" \/><\/figure><div class=\"elementor-image-box-content\"><h3 class=\"elementor-image-box-title\">Sepulcros blanqueados<\/h3><\/div><\/div>\t\t\t\t<\/div>\n\t\t\t\t<\/div>\n\t\t\t\t<div class=\"elementor-element elementor-element-fb29982 elementor-widget elementor-widget-button\" data-id=\"fb29982\" data-element_type=\"widget\" data-widget_type=\"button.default\">\n\t\t\t\t<div class=\"elementor-widget-container\">\n\t\t\t\t\t\t\t\t\t<div class=\"elementor-button-wrapper\">\n\t\t\t\t\t<a class=\"elementor-button elementor-button-link elementor-size-sm\" href=\"https:\/\/clorindaeditorial.com\/index.php\/sepulcros-blanqueados\/\">\n\t\t\t\t\t\t<span class=\"elementor-button-content-wrapper\">\n\t\t\t\t\t\t\t\t\t<span class=\"elementor-button-text\">Ver<\/span>\n\t\t\t\t\t<\/span>\n\t\t\t\t\t<\/a>\n\t\t\t\t<\/div>\n\t\t\t\t\t\t\t\t<\/div>\n\t\t\t\t<\/div>\n\t\t\t\t\t<\/div>\n\t\t<\/div>\n\t\t\t\t<div class=\"elementor-column elementor-col-33 elementor-inner-column elementor-element elementor-element-689d361\" data-id=\"689d361\" data-element_type=\"column\">\n\t\t\t<div class=\"elementor-widget-wrap elementor-element-populated\">\n\t\t\t\t\t\t<div class=\"elementor-element elementor-element-c916456 elementor-position-top elementor-widget elementor-widget-image-box\" data-id=\"c916456\" data-element_type=\"widget\" data-widget_type=\"image-box.default\">\n\t\t\t\t<div class=\"elementor-widget-container\">\n\t\t\t\t\t<div class=\"elementor-image-box-wrapper\"><figure class=\"elementor-image-box-img\"><img loading=\"lazy\" decoding=\"async\" width=\"225\" height=\"300\" src=\"https:\/\/clorindaeditorial.com\/wp-content\/uploads\/2023\/10\/SOLITO-225x300.jpg\" class=\"attachment-medium size-medium wp-image-5826\" alt=\"\" srcset=\"https:\/\/clorindaeditorial.com\/wp-content\/uploads\/2023\/10\/SOLITO-225x300.jpg 225w, https:\/\/clorindaeditorial.com\/wp-content\/uploads\/2023\/10\/SOLITO-768x1024.jpg 768w, https:\/\/clorindaeditorial.com\/wp-content\/uploads\/2023\/10\/SOLITO-1152x1536.jpg 1152w, https:\/\/clorindaeditorial.com\/wp-content\/uploads\/2023\/10\/SOLITO-1536x2048.jpg 1536w, https:\/\/clorindaeditorial.com\/wp-content\/uploads\/2023\/10\/SOLITO-scaled.jpg 1920w\" sizes=\"(max-width: 225px) 100vw, 225px\" \/><\/figure><div class=\"elementor-image-box-content\"><h3 class=\"elementor-image-box-title\">Solito o contra las costumbres<\/h3><\/div><\/div>\t\t\t\t<\/div>\n\t\t\t\t<\/div>\n\t\t\t\t<div class=\"elementor-element elementor-element-a73357a elementor-widget elementor-widget-button\" data-id=\"a73357a\" data-element_type=\"widget\" data-widget_type=\"button.default\">\n\t\t\t\t<div class=\"elementor-widget-container\">\n\t\t\t\t\t\t\t\t\t<div class=\"elementor-button-wrapper\">\n\t\t\t\t\t<a class=\"elementor-button elementor-button-link elementor-size-sm\" href=\"https:\/\/clorindaeditorial.com\/index.php\/solito-o-contra-las-costumbres\/\">\n\t\t\t\t\t\t<span class=\"elementor-button-content-wrapper\">\n\t\t\t\t\t\t\t\t\t<span class=\"elementor-button-text\">Ver<\/span>\n\t\t\t\t\t<\/span>\n\t\t\t\t\t<\/a>\n\t\t\t\t<\/div>\n\t\t\t\t\t\t\t\t<\/div>\n\t\t\t\t<\/div>\n\t\t\t\t\t<\/div>\n\t\t<\/div>\n\t\t\t\t\t<\/div>\n\t\t<\/section>\n\t\t\t\t\t<\/div>\n\t\t<\/div>\n\t\t\t\t\t<\/div>\n\t\t<\/section>\n\t\t\t\t<\/div>\n\t\t","protected":false},"excerpt":{"rendered":"<p>Pueblo grande S\/ 69.00 Comprar N\u00b0 de p\u00e1ginas: 352 Dimensiones: 14 x 22 cm Tapa blanda con solapas Acabado: mate, cosido y encolado Fecha de edici\u00f3n: marzo, 2023 Fecha de lanzamiento: 21\/06\/2023 ISBN: 978-612-49246-1-3 ISBN Ebook: 978-612-49246-4-4 e-book Sinopsis Si en \u00abpueblo chico, infierno grande\u00bb, esta novela presenta un caleidoscopio de peque\u00f1os infiernos. Es Lima &hellip;<\/p>\n<p class=\"read-more\"> <a class=\"\" href=\"https:\/\/clorindaeditorial.com\/index.php\/pueblo-grande\/\"> <span class=\"screen-reader-text\">Pueblo Grande<\/span> Read More &raquo;<\/a><\/p>\n","protected":false},"author":2,"featured_media":0,"parent":0,"menu_order":0,"comment_status":"closed","ping_status":"closed","template":"","meta":{"site-sidebar-layout":"no-sidebar","site-content-layout":"page-builder","ast-global-header-display":"","ast-banner-title-visibility":"","ast-main-header-display":"","ast-hfb-above-header-display":"","ast-hfb-below-header-display":"","ast-hfb-mobile-header-display":"","site-post-title":"disabled","ast-breadcrumbs-content":"","ast-featured-img":"disabled","footer-sml-layout":"","theme-transparent-header-meta":"","adv-header-id-meta":"","stick-header-meta":"","header-above-stick-meta":"","header-main-stick-meta":"","header-below-stick-meta":"","footnotes":""},"class_list":["post-5612","page","type-page","status-publish","hentry"],"_links":{"self":[{"href":"https:\/\/clorindaeditorial.com\/index.php\/wp-json\/wp\/v2\/pages\/5612","targetHints":{"allow":["GET"]}}],"collection":[{"href":"https:\/\/clorindaeditorial.com\/index.php\/wp-json\/wp\/v2\/pages"}],"about":[{"href":"https:\/\/clorindaeditorial.com\/index.php\/wp-json\/wp\/v2\/types\/page"}],"author":[{"embeddable":true,"href":"https:\/\/clorindaeditorial.com\/index.php\/wp-json\/wp\/v2\/users\/2"}],"replies":[{"embeddable":true,"href":"https:\/\/clorindaeditorial.com\/index.php\/wp-json\/wp\/v2\/comments?post=5612"}],"version-history":[{"count":80,"href":"https:\/\/clorindaeditorial.com\/index.php\/wp-json\/wp\/v2\/pages\/5612\/revisions"}],"predecessor-version":[{"id":6247,"href":"https:\/\/clorindaeditorial.com\/index.php\/wp-json\/wp\/v2\/pages\/5612\/revisions\/6247"}],"wp:attachment":[{"href":"https:\/\/clorindaeditorial.com\/index.php\/wp-json\/wp\/v2\/media?parent=5612"}],"curies":[{"name":"wp","href":"https:\/\/api.w.org\/{rel}","templated":true}]}}