{"id":5497,"date":"2023-07-18T23:04:25","date_gmt":"2023-07-18T23:04:25","guid":{"rendered":"https:\/\/clorindaeditorial.com\/?page_id=5497"},"modified":"2025-11-20T23:41:48","modified_gmt":"2025-11-20T23:41:48","slug":"nosotras","status":"publish","type":"page","link":"https:\/\/clorindaeditorial.com\/index.php\/nosotras\/","title":{"rendered":"Nosotras"},"content":{"rendered":"\t\t<div data-elementor-type=\"wp-page\" data-elementor-id=\"5497\" class=\"elementor elementor-5497\" data-elementor-settings=\"{&quot;ha_cmc_init_switcher&quot;:&quot;no&quot;}\" data-elementor-post-type=\"page\">\n\t\t\t\t\t\t<section class=\"elementor-section elementor-top-section elementor-element elementor-element-c12afe6 elementor-section-boxed elementor-section-height-default elementor-section-height-default\" data-id=\"c12afe6\" data-element_type=\"section\" data-settings=\"{&quot;_ha_eqh_enable&quot;:false}\">\n\t\t\t\t\t\t<div class=\"elementor-container elementor-column-gap-default\">\n\t\t\t\t\t<div class=\"elementor-column elementor-col-100 elementor-top-column elementor-element elementor-element-c637b48\" data-id=\"c637b48\" data-element_type=\"column\">\n\t\t\t<div class=\"elementor-widget-wrap elementor-element-populated\">\n\t\t\t\t\t\t<div class=\"elementor-element elementor-element-33d7b48 elementor-widget elementor-widget-heading\" data-id=\"33d7b48\" data-element_type=\"widget\" data-widget_type=\"heading.default\">\n\t\t\t\t<div class=\"elementor-widget-container\">\n\t\t\t\t\t<h2 class=\"elementor-heading-title elementor-size-default\">Nuestra Historia<\/h2>\t\t\t\t<\/div>\n\t\t\t\t<\/div>\n\t\t\t\t<section class=\"elementor-section elementor-inner-section elementor-element elementor-element-fe5904f elementor-section-boxed elementor-section-height-default elementor-section-height-default\" data-id=\"fe5904f\" data-element_type=\"section\" data-settings=\"{&quot;_ha_eqh_enable&quot;:false}\">\n\t\t\t\t\t\t<div class=\"elementor-container elementor-column-gap-default\">\n\t\t\t\t\t<div class=\"elementor-column elementor-col-50 elementor-inner-column elementor-element elementor-element-5ed8b03\" data-id=\"5ed8b03\" data-element_type=\"column\">\n\t\t\t<div class=\"elementor-widget-wrap elementor-element-populated\">\n\t\t\t\t\t\t<div class=\"elementor-element elementor-element-a37ce99 elementor-widget elementor-widget-text-editor\" data-id=\"a37ce99\" data-element_type=\"widget\" data-widget_type=\"text-editor.default\">\n\t\t\t\t<div class=\"elementor-widget-container\">\n\t\t\t\t\t\t\t\t\t<p>El sello editorial Clorinda inici\u00f3 sus actividades en enero de 2023, en Lima, Per\u00fa. Est\u00e1 dedicado exclusivamente a la novela y busca dar espacio a nuevas voces de la narrativa peruana. Su objetivo es poner al alcance de los lectores ediciones bien cuidadas, con historias que les permitan explorar formas novedosas del relato y estilos distintos, surgidos de la intuici\u00f3n y la imaginaci\u00f3n de autores contempor\u00e1neos.<\/p><p>El sello toma su nombre de la escritora cusque\u00f1a Clorinda Matto (1852-1909), narradora y dramaturga, adem\u00e1s de periodista, autora de las novelas <i>Aves sin nido<\/i> (1889), <i>\u00cdndole<\/i> (1891) y <i>Herencia<\/i> (1893). Como la primera novelista relevante del Per\u00fa, m\u00e1s all\u00e1 de su g\u00e9nero, el sello desea contribuir a la permanente reivindicaci\u00f3n de su figura.<\/p>\t\t\t\t\t\t\t\t<\/div>\n\t\t\t\t<\/div>\n\t\t\t\t\t<\/div>\n\t\t<\/div>\n\t\t\t\t<div class=\"elementor-column elementor-col-50 elementor-inner-column elementor-element elementor-element-9ed6c0b\" data-id=\"9ed6c0b\" data-element_type=\"column\">\n\t\t\t<div class=\"elementor-widget-wrap elementor-element-populated\">\n\t\t\t\t\t\t<div class=\"elementor-element elementor-element-2825efe elementor-widget elementor-widget-image\" data-id=\"2825efe\" data-element_type=\"widget\" data-widget_type=\"image.default\">\n\t\t\t\t<div class=\"elementor-widget-container\">\n\t\t\t\t\t\t\t\t\t\t\t\t\t\t\t<img fetchpriority=\"high\" decoding=\"async\" width=\"1024\" height=\"768\" src=\"https:\/\/clorindaeditorial.com\/wp-content\/uploads\/2023\/08\/image00005-1024x768.jpeg\" class=\"attachment-large size-large wp-image-5560\" alt=\"\" srcset=\"https:\/\/clorindaeditorial.com\/wp-content\/uploads\/2023\/08\/image00005-1024x768.jpeg 1024w, https:\/\/clorindaeditorial.com\/wp-content\/uploads\/2023\/08\/image00005-scaled-250x188.jpeg 250w, https:\/\/clorindaeditorial.com\/wp-content\/uploads\/2023\/08\/image00005-300x225.jpeg 300w, https:\/\/clorindaeditorial.com\/wp-content\/uploads\/2023\/08\/image00005-768x576.jpeg 768w, https:\/\/clorindaeditorial.com\/wp-content\/uploads\/2023\/08\/image00005-1536x1152.jpeg 1536w, https:\/\/clorindaeditorial.com\/wp-content\/uploads\/2023\/08\/image00005-2048x1536.jpeg 2048w\" sizes=\"(max-width: 1024px) 100vw, 1024px\" \/>\t\t\t\t\t\t\t\t\t\t\t\t\t\t\t<\/div>\n\t\t\t\t<\/div>\n\t\t\t\t\t<\/div>\n\t\t<\/div>\n\t\t\t\t\t<\/div>\n\t\t<\/section>\n\t\t\t\t\t<\/div>\n\t\t<\/div>\n\t\t\t\t\t<\/div>\n\t\t<\/section>\n\t\t\t\t<section class=\"elementor-section elementor-top-section elementor-element elementor-element-97f166b elementor-section-boxed elementor-section-height-default elementor-section-height-default\" data-id=\"97f166b\" data-element_type=\"section\" data-settings=\"{&quot;_ha_eqh_enable&quot;:false}\">\n\t\t\t\t\t\t<div class=\"elementor-container elementor-column-gap-default\">\n\t\t\t\t\t<div class=\"elementor-column elementor-col-100 elementor-top-column elementor-element elementor-element-9d5cfea\" data-id=\"9d5cfea\" data-element_type=\"column\">\n\t\t\t<div class=\"elementor-widget-wrap elementor-element-populated\">\n\t\t\t\t\t\t<div class=\"elementor-element elementor-element-65b65ed elementor-widget elementor-widget-heading\" data-id=\"65b65ed\" data-element_type=\"widget\" data-widget_type=\"heading.default\">\n\t\t\t\t<div class=\"elementor-widget-container\">\n\t\t\t\t\t<h2 class=\"elementor-heading-title elementor-size-default\">Nuestro Dise\u00f1o<\/h2>\t\t\t\t<\/div>\n\t\t\t\t<\/div>\n\t\t\t\t<section class=\"elementor-section elementor-inner-section elementor-element elementor-element-0a3c2a9 elementor-section-boxed elementor-section-height-default elementor-section-height-default\" data-id=\"0a3c2a9\" data-element_type=\"section\" data-settings=\"{&quot;_ha_eqh_enable&quot;:false}\">\n\t\t\t\t\t\t<div class=\"elementor-container elementor-column-gap-default\">\n\t\t\t\t\t<div class=\"elementor-column elementor-col-50 elementor-inner-column elementor-element elementor-element-23484de\" data-id=\"23484de\" data-element_type=\"column\">\n\t\t\t<div class=\"elementor-widget-wrap elementor-element-populated\">\n\t\t\t\t\t\t<div class=\"elementor-element elementor-element-5a8064c elementor-widget__width-initial elementor-widget elementor-widget-text-editor\" data-id=\"5a8064c\" data-element_type=\"widget\" data-widget_type=\"text-editor.default\">\n\t\t\t\t<div class=\"elementor-widget-container\">\n\t\t\t\t\t\t\t\t\t<p><span style=\"font-weight: 400;\">Los libros de Clorinda tienen una l\u00ednea gr\u00e1fica caracter\u00edstica, as\u00ed como dimensiones y acabados est\u00e1ndares. <\/span><span style=\"font-weight: 400;\">Nos preocupamos por entregar a nuestros lectores objetos de colecci\u00f3n, gratos al tacto y a la vista, confeccionados con materiales de alta calidad y con un acabado resistente, capaces de resistir el trasiego de una lectura itinerante e intensa, y tambi\u00e9n el paso del tiempo. <\/span><span style=\"font-weight: 400;\">El dise\u00f1o de la cubierta y de las p\u00e1ginas interiores es propio del sello, lo que les da a nuestros libros una identidad de marca, sin dejar de lado aspectos que permiten destacar la individualidad de cada t\u00edtulo. <\/span><span style=\"font-weight: 400;\">Nuestro dise\u00f1o, desarrollado, al igual que nuestro logotipo e isotipo, por Juan Jos\u00e9 Kanashiro, en coordinaci\u00f3n con la editora, considera los c\u00f3digos gr\u00e1ficos relacionados comunicativamente con las novelas y, al mismo tiempo, innova sobre ellos, tomando en cuenta nuestro p\u00fablico objetivo y el principal mercado en que nos desarrollamos. <\/span><span style=\"font-weight: 400;\">Si algo puede decirse de nuestros libros es que cuentan con identidad gr\u00e1fica, alta visibilidad y car\u00e1cter de colecci\u00f3n, todo lo cual remite al cuidado que ponemos en la selecci\u00f3n de nuestros t\u00edtulos. <\/span><span style=\"font-weight: 400;\">Al mismo tiempo, reconocemos cuando un t\u00edtulo requiere un enfoque distinto, como es el caso de <\/span><i><span style=\"font-weight: 400;\">\u00c1ngela de los Milagros<\/span><\/i><span style=\"font-weight: 400;\">, de Ricardo Wiesse, reconocido artista pl\u00e1stico que ha incursionado en la narrativa y que ha incluido en su novela ilustraciones de su autor\u00eda.<\/span><\/p>\t\t\t\t\t\t\t\t<\/div>\n\t\t\t\t<\/div>\n\t\t\t\t\t<\/div>\n\t\t<\/div>\n\t\t\t\t<div class=\"elementor-column elementor-col-50 elementor-inner-column elementor-element elementor-element-b030793\" data-id=\"b030793\" data-element_type=\"column\">\n\t\t\t<div class=\"elementor-widget-wrap elementor-element-populated\">\n\t\t\t\t\t\t<div class=\"elementor-element elementor-element-afd71ca elementor-widget elementor-widget-image\" data-id=\"afd71ca\" data-element_type=\"widget\" data-widget_type=\"image.default\">\n\t\t\t\t<div class=\"elementor-widget-container\">\n\t\t\t\t\t\t\t\t\t\t\t\t\t\t\t<img decoding=\"async\" src=\"https:\/\/clorindaeditorial.com\/wp-content\/uploads\/2025\/11\/Diseno-sin-titulo-7.png\" title=\"Disen\u0303o sin ti\u0301tulo (7)\" alt=\"Disen\u0303o sin ti\u0301tulo (7)\" loading=\"lazy\" \/>\t\t\t\t\t\t\t\t\t\t\t\t\t\t\t<\/div>\n\t\t\t\t<\/div>\n\t\t\t\t\t<\/div>\n\t\t<\/div>\n\t\t\t\t\t<\/div>\n\t\t<\/section>\n\t\t\t\t\t<\/div>\n\t\t<\/div>\n\t\t\t\t\t<\/div>\n\t\t<\/section>\n\t\t\t\t<section class=\"elementor-section elementor-top-section elementor-element elementor-element-86758a5 elementor-section-boxed elementor-section-height-default elementor-section-height-default\" data-id=\"86758a5\" data-element_type=\"section\" data-settings=\"{&quot;_ha_eqh_enable&quot;:false}\">\n\t\t\t\t\t\t<div class=\"elementor-container elementor-column-gap-default\">\n\t\t\t\t\t<div class=\"elementor-column elementor-col-100 elementor-top-column elementor-element elementor-element-c720d75\" data-id=\"c720d75\" data-element_type=\"column\">\n\t\t\t<div class=\"elementor-widget-wrap elementor-element-populated\">\n\t\t\t\t\t\t<div class=\"elementor-element elementor-element-66dc93d elementor-widget elementor-widget-heading\" data-id=\"66dc93d\" data-element_type=\"widget\" data-widget_type=\"heading.default\">\n\t\t\t\t<div class=\"elementor-widget-container\">\n\t\t\t\t\t<h2 class=\"elementor-heading-title elementor-size-default\">Nuestra Propuesta<\/h2>\t\t\t\t<\/div>\n\t\t\t\t<\/div>\n\t\t\t\t<div class=\"elementor-element elementor-element-e8629f4 elementor-widget__width-initial elementor-widget elementor-widget-text-editor\" data-id=\"e8629f4\" data-element_type=\"widget\" data-widget_type=\"text-editor.default\">\n\t\t\t\t<div class=\"elementor-widget-container\">\n\t\t\t\t\t\t\t\t\t<p><span style=\"font-weight: 400;\">Nuestra propuesta est\u00e1 enfocada en lectores de 30 a\u00f1os a m\u00e1s. Parte de un trabajo cercano con cada autor, con un di\u00e1logo acerca de sus motivaciones y expectativas, y considera la revisi\u00f3n minuciosa de su texto, la planificaci\u00f3n de la publicaci\u00f3n, y tambi\u00e9n un acompa\u00f1amiento en los procesos posteriores a la misma.<\/span><\/p>\t\t\t\t\t\t\t\t<\/div>\n\t\t\t\t<\/div>\n\t\t\t\t\t<\/div>\n\t\t<\/div>\n\t\t\t\t\t<\/div>\n\t\t<\/section>\n\t\t\t\t<\/div>\n\t\t","protected":false},"excerpt":{"rendered":"<p>Nuestra Historia El sello editorial Clorinda inici\u00f3 sus actividades en enero de 2023, en Lima, Per\u00fa. Est\u00e1 dedicado exclusivamente a la novela y busca dar espacio a nuevas voces de la narrativa peruana. Su objetivo es poner al alcance de los lectores ediciones bien cuidadas, con historias que les permitan explorar formas novedosas del relato &hellip;<\/p>\n<p class=\"read-more\"> <a class=\"\" href=\"https:\/\/clorindaeditorial.com\/index.php\/nosotras\/\"> <span class=\"screen-reader-text\">Nosotras<\/span> Read More &raquo;<\/a><\/p>\n","protected":false},"author":2,"featured_media":0,"parent":0,"menu_order":0,"comment_status":"closed","ping_status":"closed","template":"","meta":{"site-sidebar-layout":"no-sidebar","site-content-layout":"page-builder","ast-global-header-display":"","ast-banner-title-visibility":"","ast-main-header-display":"","ast-hfb-above-header-display":"","ast-hfb-below-header-display":"","ast-hfb-mobile-header-display":"","site-post-title":"disabled","ast-breadcrumbs-content":"","ast-featured-img":"disabled","footer-sml-layout":"","theme-transparent-header-meta":"","adv-header-id-meta":"","stick-header-meta":"","header-above-stick-meta":"","header-main-stick-meta":"","header-below-stick-meta":"","footnotes":""},"class_list":["post-5497","page","type-page","status-publish","hentry"],"_links":{"self":[{"href":"https:\/\/clorindaeditorial.com\/index.php\/wp-json\/wp\/v2\/pages\/5497","targetHints":{"allow":["GET"]}}],"collection":[{"href":"https:\/\/clorindaeditorial.com\/index.php\/wp-json\/wp\/v2\/pages"}],"about":[{"href":"https:\/\/clorindaeditorial.com\/index.php\/wp-json\/wp\/v2\/types\/page"}],"author":[{"embeddable":true,"href":"https:\/\/clorindaeditorial.com\/index.php\/wp-json\/wp\/v2\/users\/2"}],"replies":[{"embeddable":true,"href":"https:\/\/clorindaeditorial.com\/index.php\/wp-json\/wp\/v2\/comments?post=5497"}],"version-history":[{"count":53,"href":"https:\/\/clorindaeditorial.com\/index.php\/wp-json\/wp\/v2\/pages\/5497\/revisions"}],"predecessor-version":[{"id":6596,"href":"https:\/\/clorindaeditorial.com\/index.php\/wp-json\/wp\/v2\/pages\/5497\/revisions\/6596"}],"wp:attachment":[{"href":"https:\/\/clorindaeditorial.com\/index.php\/wp-json\/wp\/v2\/media?parent=5497"}],"curies":[{"name":"wp","href":"https:\/\/api.w.org\/{rel}","templated":true}]}}